{"id":2505,"date":"2014-02-12T16:31:21","date_gmt":"2014-02-12T16:31:21","guid":{"rendered":"http:\/\/www.exurhjs.com\/inicio-2\/"},"modified":"2015-03-12T14:44:53","modified_gmt":"2015-03-12T14:44:53","slug":"inicio","status":"publish","type":"page","link":"https:\/\/www.exurhjs.com\/ca\/","title":{"rendered":"Inici"},"content":{"rendered":"<h3 class=\"title\"><span>EXPORTACIONES URGELL HJS<\/span><\/h3>\n<p>EXUR HJS SL brinda un servei com a agent dedicant la seva labor a la representaci\u00f3 d&#8217;empreses aliment\u00e0ries tant per al mercat nacional com a internacional. Cobreix i recolza tota l&#8217;operaci\u00f3 integral de comercialitzaci\u00f3 i exportaci\u00f3 de productes alimentaris.<\/p>\n<p>Representem a empreses de reconegut prestigi, oferint un servei de qualitat.<br \/>\nComercialitzem els nostres propis productes que elaborem en diferents Denominacions d&#8217;Origen del nostre pa\u00eds.<\/p>\n<p><a title=\"Serveis \u2013 Assessorament\" href=\"http:\/\/www.exurhjs.com\/ca\/serveis-assessorament\/\">Assessorem<\/a> a empreses a introduir-se als mercats que estem presents.<\/p>\n<div class=\"gap\" style=\"height: 45px;\"><\/div>\n<p><img loading=\"lazy\" decoding=\"async\" class=\"alignnone  wp-image-2709\" src=\"http:\/\/www.exurhjs.com\/wp-content\/uploads\/2014\/02\/jovesempresaris-300x105.jpg\" alt=\"PIMEC jovesempresaris\" width=\"160\" height=\"56\" srcset=\"https:\/\/www.exurhjs.com\/wp-content\/uploads\/2014\/02\/jovesempresaris-300x105.jpg 300w, https:\/\/www.exurhjs.com\/wp-content\/uploads\/2014\/02\/jovesempresaris.jpg 344w\" sizes=\"auto, (max-width: 160px) 100vw, 160px\" \/><br \/>\n<span class=\"Ssociedad\">A<\/span>mics de <a title=\"Amigos de Empresa y Sociedad\" href=\"http:\/\/www.empresaysociedad.org\" target=\"_blank\"><img loading=\"lazy\" decoding=\"async\" class=\"alignnone  wp-image-2694 sociedSs\" src=\"http:\/\/www.exurhjs.com\/wp-content\/uploads\/2015\/02\/logo-empresa-y-sociedad-300x61.png\" alt=\"logo-empresa-y-sociedad\" width=\"216\" height=\"44\" \/><\/a><\/p>\n","protected":false},"excerpt":{"rendered":"<p>EXPORTACIONES URGELL HJS EXUR HJS SL brinda un servei com a agent dedicant la seva labor a la representaci\u00f3 d&#8217;empreses aliment\u00e0ries tant per al mercat nacional com a internacional. Cobreix\u2026 <a href=\"https:\/\/www.exurhjs.com\/ca\/\" class=\"read-more-link\">read more &rarr;<\/a><\/p>\n","protected":false},"author":1,"featured_media":0,"parent":0,"menu_order":0,"comment_status":"open","ping_status":"closed","template":"","meta":{"_exactmetrics_skip_tracking":false,"_exactmetrics_sitenote_active":false,"_exactmetrics_sitenote_note":"","_exactmetrics_sitenote_category":0,"footnotes":""},"class_list":["post-2505","page","type-page","status-publish","hentry"],"yoast_head":"<!-- This site is optimized with the Yoast SEO plugin v27.5 - https:\/\/yoast.com\/product\/yoast-seo-wordpress\/ -->\n<title>EXPORTACIONES URGELL HJS S.L.<\/title>\n<meta name=\"description\" content=\"Comercialitzaci\u00f3 i exportaci\u00f3 de productes alimentaris. Serveis de representaci\u00f3 d&#039;empreses aliment\u00e0ries per al mercat nacional i internacional.\" \/>\n<meta name=\"robots\" content=\"index, follow, max-snippet:-1, max-image-preview:large, max-video-preview:-1\" \/>\n<link rel=\"canonical\" href=\"https:\/\/www.exurhjs.com\/ca\/\" \/>\n<meta property=\"og:locale\" content=\"ca_ES\" \/>\n<meta property=\"og:type\" content=\"article\" \/>\n<meta property=\"og:title\" content=\"EXPORTACIONES URGELL HJS S.L.\" \/>\n<meta property=\"og:description\" content=\"Comercialitzaci\u00f3 i exportaci\u00f3 de productes alimentaris. Serveis de representaci\u00f3 d&#039;empreses aliment\u00e0ries per al mercat nacional i internacional.\" \/>\n<meta property=\"og:url\" content=\"https:\/\/www.exurhjs.com\/ca\/\" \/>\n<meta property=\"og:site_name\" content=\"Exportaciones Urgell HJS S.L.\" \/>\n<meta property=\"article:modified_time\" content=\"2015-03-12T14:44:53+00:00\" \/>\n<meta property=\"og:image\" content=\"http:\/\/www.exurhjs.com\/wp-content\/uploads\/2014\/02\/jovesempresaris-300x105.jpg\" \/>\n<script type=\"application\/ld+json\" class=\"yoast-schema-graph\">{\"@context\":\"https:\\\/\\\/schema.org\",\"@graph\":[{\"@type\":\"WebPage\",\"@id\":\"https:\\\/\\\/www.exurhjs.com\\\/ca\\\/\",\"url\":\"https:\\\/\\\/www.exurhjs.com\\\/ca\\\/\",\"name\":\"EXPORTACIONES URGELL HJS S.L.\",\"isPartOf\":{\"@id\":\"https:\\\/\\\/www.exurhjs.com\\\/#website\"},\"primaryImageOfPage\":{\"@id\":\"https:\\\/\\\/www.exurhjs.com\\\/ca\\\/#primaryimage\"},\"image\":{\"@id\":\"https:\\\/\\\/www.exurhjs.com\\\/ca\\\/#primaryimage\"},\"thumbnailUrl\":\"http:\\\/\\\/www.exurhjs.com\\\/wp-content\\\/uploads\\\/2014\\\/02\\\/jovesempresaris-300x105.jpg\",\"datePublished\":\"2014-02-12T16:31:21+00:00\",\"dateModified\":\"2015-03-12T14:44:53+00:00\",\"description\":\"Comercialitzaci\u00f3 i exportaci\u00f3 de productes alimentaris. Serveis de representaci\u00f3 d'empreses aliment\u00e0ries per al mercat nacional i internacional.\",\"breadcrumb\":{\"@id\":\"https:\\\/\\\/www.exurhjs.com\\\/ca\\\/#breadcrumb\"},\"inLanguage\":\"ca\",\"potentialAction\":[{\"@type\":\"ReadAction\",\"target\":[\"https:\\\/\\\/www.exurhjs.com\\\/ca\\\/\"]}]},{\"@type\":\"ImageObject\",\"inLanguage\":\"ca\",\"@id\":\"https:\\\/\\\/www.exurhjs.com\\\/ca\\\/#primaryimage\",\"url\":\"http:\\\/\\\/www.exurhjs.com\\\/wp-content\\\/uploads\\\/2014\\\/02\\\/jovesempresaris-300x105.jpg\",\"contentUrl\":\"http:\\\/\\\/www.exurhjs.com\\\/wp-content\\\/uploads\\\/2014\\\/02\\\/jovesempresaris-300x105.jpg\"},{\"@type\":\"BreadcrumbList\",\"@id\":\"https:\\\/\\\/www.exurhjs.com\\\/ca\\\/#breadcrumb\",\"itemListElement\":[{\"@type\":\"ListItem\",\"position\":1,\"name\":\"Portada\",\"item\":\"https:\\\/\\\/www.exurhjs.com\\\/ca\\\/\"},{\"@type\":\"ListItem\",\"position\":2,\"name\":\"Inici\"}]},{\"@type\":\"WebSite\",\"@id\":\"https:\\\/\\\/www.exurhjs.com\\\/#website\",\"url\":\"https:\\\/\\\/www.exurhjs.com\\\/\",\"name\":\"Exportaciones Urgell HJS S.L.\",\"description\":\"\",\"potentialAction\":[{\"@type\":\"SearchAction\",\"target\":{\"@type\":\"EntryPoint\",\"urlTemplate\":\"https:\\\/\\\/www.exurhjs.com\\\/?s={search_term_string}\"},\"query-input\":{\"@type\":\"PropertyValueSpecification\",\"valueRequired\":true,\"valueName\":\"search_term_string\"}}],\"inLanguage\":\"ca\"}]}<\/script>\n<!-- \/ Yoast SEO plugin. -->","yoast_head_json":{"title":"EXPORTACIONES URGELL HJS S.L.","description":"Comercialitzaci\u00f3 i exportaci\u00f3 de productes alimentaris. Serveis de representaci\u00f3 d'empreses aliment\u00e0ries per al mercat nacional i internacional.","robots":{"index":"index","follow":"follow","max-snippet":"max-snippet:-1","max-image-preview":"max-image-preview:large","max-video-preview":"max-video-preview:-1"},"canonical":"https:\/\/www.exurhjs.com\/ca\/","og_locale":"ca_ES","og_type":"article","og_title":"EXPORTACIONES URGELL HJS S.L.","og_description":"Comercialitzaci\u00f3 i exportaci\u00f3 de productes alimentaris. Serveis de representaci\u00f3 d'empreses aliment\u00e0ries per al mercat nacional i internacional.","og_url":"https:\/\/www.exurhjs.com\/ca\/","og_site_name":"Exportaciones Urgell HJS S.L.","article_modified_time":"2015-03-12T14:44:53+00:00","og_image":[{"url":"http:\/\/www.exurhjs.com\/wp-content\/uploads\/2014\/02\/jovesempresaris-300x105.jpg","type":"","width":"","height":""}],"schema":{"@context":"https:\/\/schema.org","@graph":[{"@type":"WebPage","@id":"https:\/\/www.exurhjs.com\/ca\/","url":"https:\/\/www.exurhjs.com\/ca\/","name":"EXPORTACIONES URGELL HJS S.L.","isPartOf":{"@id":"https:\/\/www.exurhjs.com\/#website"},"primaryImageOfPage":{"@id":"https:\/\/www.exurhjs.com\/ca\/#primaryimage"},"image":{"@id":"https:\/\/www.exurhjs.com\/ca\/#primaryimage"},"thumbnailUrl":"http:\/\/www.exurhjs.com\/wp-content\/uploads\/2014\/02\/jovesempresaris-300x105.jpg","datePublished":"2014-02-12T16:31:21+00:00","dateModified":"2015-03-12T14:44:53+00:00","description":"Comercialitzaci\u00f3 i exportaci\u00f3 de productes alimentaris. Serveis de representaci\u00f3 d'empreses aliment\u00e0ries per al mercat nacional i internacional.","breadcrumb":{"@id":"https:\/\/www.exurhjs.com\/ca\/#breadcrumb"},"inLanguage":"ca","potentialAction":[{"@type":"ReadAction","target":["https:\/\/www.exurhjs.com\/ca\/"]}]},{"@type":"ImageObject","inLanguage":"ca","@id":"https:\/\/www.exurhjs.com\/ca\/#primaryimage","url":"http:\/\/www.exurhjs.com\/wp-content\/uploads\/2014\/02\/jovesempresaris-300x105.jpg","contentUrl":"http:\/\/www.exurhjs.com\/wp-content\/uploads\/2014\/02\/jovesempresaris-300x105.jpg"},{"@type":"BreadcrumbList","@id":"https:\/\/www.exurhjs.com\/ca\/#breadcrumb","itemListElement":[{"@type":"ListItem","position":1,"name":"Portada","item":"https:\/\/www.exurhjs.com\/ca\/"},{"@type":"ListItem","position":2,"name":"Inici"}]},{"@type":"WebSite","@id":"https:\/\/www.exurhjs.com\/#website","url":"https:\/\/www.exurhjs.com\/","name":"Exportaciones Urgell HJS S.L.","description":"","potentialAction":[{"@type":"SearchAction","target":{"@type":"EntryPoint","urlTemplate":"https:\/\/www.exurhjs.com\/?s={search_term_string}"},"query-input":{"@type":"PropertyValueSpecification","valueRequired":true,"valueName":"search_term_string"}}],"inLanguage":"ca"}]}},"_links":{"self":[{"href":"https:\/\/www.exurhjs.com\/ca\/wp-json\/wp\/v2\/pages\/2505","targetHints":{"allow":["GET"]}}],"collection":[{"href":"https:\/\/www.exurhjs.com\/ca\/wp-json\/wp\/v2\/pages"}],"about":[{"href":"https:\/\/www.exurhjs.com\/ca\/wp-json\/wp\/v2\/types\/page"}],"author":[{"embeddable":true,"href":"https:\/\/www.exurhjs.com\/ca\/wp-json\/wp\/v2\/users\/1"}],"replies":[{"embeddable":true,"href":"https:\/\/www.exurhjs.com\/ca\/wp-json\/wp\/v2\/comments?post=2505"}],"version-history":[{"count":12,"href":"https:\/\/www.exurhjs.com\/ca\/wp-json\/wp\/v2\/pages\/2505\/revisions"}],"predecessor-version":[{"id":2725,"href":"https:\/\/www.exurhjs.com\/ca\/wp-json\/wp\/v2\/pages\/2505\/revisions\/2725"}],"wp:attachment":[{"href":"https:\/\/www.exurhjs.com\/ca\/wp-json\/wp\/v2\/media?parent=2505"}],"curies":[{"name":"wp","href":"https:\/\/api.w.org\/{rel}","templated":true}]}}