{"id":2560,"date":"2014-02-12T16:24:48","date_gmt":"2014-02-12T16:24:48","guid":{"rendered":"http:\/\/www.exurhjs.com\/quienes-somos-2\/"},"modified":"2015-03-12T15:02:22","modified_gmt":"2015-03-12T15:02:22","slug":"qui-som","status":"publish","type":"page","link":"https:\/\/www.exurhjs.com\/ca\/qui-som\/","title":{"rendered":"Qui som"},"content":{"rendered":"<h2 class=\"title\"><span>Nosaltres<\/span><\/h2>\n<p>EXUR HJS SL brinda un servei com a agent dedicant la seva labor a la representaci\u00f3 d&#8217;empreses aliment\u00e0ries tant per al mercat nacional com a internacional. Cobreix i recolza tota l&#8217;operaci\u00f3 integral de comercialitzaci\u00f3 i exportaci\u00f3 de productes alimentaris.<\/p>\n<p>Representem a empreses de reconegut prestigi, oferint un servei de qualitat.<br \/>\nComercialitzem els nostres propis productes que elaborem en diferents Denominacions d&#8217;Origen del nostre pa\u00eds.<\/p>\n<p>Assessorem a empreses a introduir-se als mercats que estem presents.<\/p>\n<div class=\"gap\" style=\"height: 10px;\"><\/div>\n<h2 class=\"title\"><span>Filosofia<\/span><\/h2>\n<div class=\"accordion\" rel=\"0\">\n<div class=\"accordion-title\"><a href=\"#\">Visi\u00f3<\/a><\/div>\n<div class=\"accordion-inner\">Ser una companyia capdavantera en serveis de representacions d&#8217;empreses d&#8217;alimentaci\u00f3 a nivell nacional i internacional amb pres\u00e8ncia i reconeixement a Europa i a nivell mundial. <\/p>\n<p>Que ofereixi alternatives de soluci\u00f3 integral amb valor afegit per als seus clients i per a les empreses a les quals representa.<\/p>\n<p>On la seva capital intel\u00b7lectual trobi un espai enfocat a creixement i desenvolupament, basats en els valors organizacionales, incrementant aliances estrat\u00e8giques de negocis per proporcionar una diversificaci\u00f3 del portafolio de productes i alinear-se a les tend\u00e8ncies futures de les Cadenes, Grans Superf\u00edcies, Supermercats, Distribu\u00efdors, Cash &#038; Carry, Horeca i Col\u00b7lectivitats.<\/p><\/div>\n<div class=\"accordion-title\"><a href=\"#\">Missi\u00f3<\/a><\/div>\n<div class=\"accordion-inner\">Oferir als nostres clients un servei integral d&#8217;assessorament i representaci\u00f3 d&#8217;empreses d&#8217;alt prestigi i qualitat a nivell nacional i internacional, sent un facilitador que al seu torn li permeti ser un valor afegit als seus propis clients. A trav\u00e9s de:<\/p>\n<ul>\n<li>Generar solucions a la mesura de clients i empreses.<\/li>\n<li>Proporcionar l&#8217;\u00e0mplia experi\u00e8ncia dels professionals amb els quals treballem.<\/li>\n<li>Capitalitzar les xarxes de contacte de la companyia que contribueixin a un creixement mutu i sostenible.<\/li>\n<\/ul>\n<p>Dins d&#8217;un marc \u00e8tic que aconsegueixi la lleialtat del client i de l&#8217;empresa.<\/p><\/div>\n<div class=\"accordion-title\"><a href=\"#\">Objectius<\/a><\/div>\n<div class=\"accordion-inner\">\n<ul>\n<li>Incrementar la cartera de clients.<\/li>\n<li>Incrementar el portafolio de productes oferts augmentant el nombre de f\u00e0briques representades.<\/li>\n<li>Creixement de EXUR enfocat al mercat internacional.<\/li>\n<li>Enfortir imatge corporativa.<\/li>\n<li>Enfortir aliances estrat\u00e8giques.<\/li>\n<li>Elaborar an\u00e0lisi de rendibilitat de les inversions.<\/li>\n<li>Brindar assessories a nous importadors de les marques pr\u00f2pies i representades.<\/li>\n<li>Posicionar les marques pr\u00f2pies i representades als mercats Internacionals.<\/li>\n<\/ul>\n<\/div>\n<\/div>\n<div class=\"gap\" style=\"height: 20px;\"><\/div>\n<h2 class=\"title\"><span>Col\u00b7laborem amb<\/span><\/h2>\n<p><a href=\"http:\/\/canceryvida.es\/\" target=\"_blank\" rel=\"nofollow\"><img loading=\"lazy\" decoding=\"async\" class=\"alignnone wp-image-2718 \" title=\"colaboramos con Fundaci\u00f3n C\u00e1ncer y VIda\" src=\"http:\/\/www.exurhjs.com\/wp-content\/uploads\/2014\/02\/LOGO-CANCER-Y-VIDA1.jpg\" alt=\"colaboramos con Fundaci\u00f3n C\u00e1ncer y VIda\" width=\"146\" height=\"144\" srcset=\"https:\/\/www.exurhjs.com\/wp-content\/uploads\/2014\/02\/LOGO-CANCER-Y-VIDA1.jpg 200w, https:\/\/www.exurhjs.com\/wp-content\/uploads\/2014\/02\/LOGO-CANCER-Y-VIDA1-60x60.jpg 60w\" sizes=\"auto, (max-width: 146px) 100vw, 146px\" \/><\/a><\/p>\n","protected":false},"excerpt":{"rendered":"<p>Nosaltres EXUR HJS SL brinda un servei com a agent dedicant la seva labor a la representaci\u00f3 d&#8217;empreses aliment\u00e0ries tant per al mercat nacional com a internacional. Cobreix i recolza\u2026 <a href=\"https:\/\/www.exurhjs.com\/ca\/qui-som\/\" class=\"read-more-link\">read more &rarr;<\/a><\/p>\n","protected":false},"author":1,"featured_media":0,"parent":0,"menu_order":0,"comment_status":"open","ping_status":"open","template":"","meta":{"_exactmetrics_skip_tracking":false,"_exactmetrics_sitenote_active":false,"_exactmetrics_sitenote_note":"","_exactmetrics_sitenote_category":0,"footnotes":""},"class_list":["post-2560","page","type-page","status-publish","hentry"],"yoast_head":"<!-- This site is optimized with the Yoast SEO plugin v27.5 - https:\/\/yoast.com\/product\/yoast-seo-wordpress\/ -->\n<title>Qui som &#8211; Exportaciones Urgell HJS S.L.<\/title>\n<meta name=\"robots\" content=\"index, follow, max-snippet:-1, max-image-preview:large, max-video-preview:-1\" \/>\n<link rel=\"canonical\" href=\"https:\/\/www.exurhjs.com\/ca\/qui-som\/\" \/>\n<meta property=\"og:locale\" content=\"ca_ES\" \/>\n<meta property=\"og:type\" content=\"article\" \/>\n<meta property=\"og:title\" content=\"Qui som &#8211; Exportaciones Urgell HJS S.L.\" \/>\n<meta property=\"og:description\" content=\"Nosaltres EXUR HJS SL brinda un servei com a agent dedicant la seva labor a la representaci\u00f3 d&#8217;empreses aliment\u00e0ries tant per al mercat nacional com a internacional. Cobreix i recolza\u2026 read more &rarr;\" \/>\n<meta property=\"og:url\" content=\"https:\/\/www.exurhjs.com\/ca\/qui-som\/\" \/>\n<meta property=\"og:site_name\" content=\"Exportaciones Urgell HJS S.L.\" \/>\n<meta property=\"article:modified_time\" content=\"2015-03-12T15:02:22+00:00\" \/>\n<meta property=\"og:image\" content=\"http:\/\/www.exurhjs.com\/wp-content\/uploads\/2014\/02\/LOGO-CANCER-Y-VIDA1.jpg\" \/>\n<meta name=\"twitter:label1\" content=\"Temps estimat de lectura\" \/>\n\t<meta name=\"twitter:data1\" content=\"2 minuts\" \/>\n<script type=\"application\/ld+json\" class=\"yoast-schema-graph\">{\"@context\":\"https:\\\/\\\/schema.org\",\"@graph\":[{\"@type\":\"WebPage\",\"@id\":\"https:\\\/\\\/www.exurhjs.com\\\/ca\\\/qui-som\\\/\",\"url\":\"https:\\\/\\\/www.exurhjs.com\\\/ca\\\/qui-som\\\/\",\"name\":\"Qui som &#8211; Exportaciones Urgell HJS S.L.\",\"isPartOf\":{\"@id\":\"https:\\\/\\\/www.exurhjs.com\\\/#website\"},\"primaryImageOfPage\":{\"@id\":\"https:\\\/\\\/www.exurhjs.com\\\/ca\\\/qui-som\\\/#primaryimage\"},\"image\":{\"@id\":\"https:\\\/\\\/www.exurhjs.com\\\/ca\\\/qui-som\\\/#primaryimage\"},\"thumbnailUrl\":\"http:\\\/\\\/www.exurhjs.com\\\/wp-content\\\/uploads\\\/2014\\\/02\\\/LOGO-CANCER-Y-VIDA1.jpg\",\"datePublished\":\"2014-02-12T16:24:48+00:00\",\"dateModified\":\"2015-03-12T15:02:22+00:00\",\"breadcrumb\":{\"@id\":\"https:\\\/\\\/www.exurhjs.com\\\/ca\\\/qui-som\\\/#breadcrumb\"},\"inLanguage\":\"ca\",\"potentialAction\":[{\"@type\":\"ReadAction\",\"target\":[\"https:\\\/\\\/www.exurhjs.com\\\/ca\\\/qui-som\\\/\"]}]},{\"@type\":\"ImageObject\",\"inLanguage\":\"ca\",\"@id\":\"https:\\\/\\\/www.exurhjs.com\\\/ca\\\/qui-som\\\/#primaryimage\",\"url\":\"http:\\\/\\\/www.exurhjs.com\\\/wp-content\\\/uploads\\\/2014\\\/02\\\/LOGO-CANCER-Y-VIDA1.jpg\",\"contentUrl\":\"http:\\\/\\\/www.exurhjs.com\\\/wp-content\\\/uploads\\\/2014\\\/02\\\/LOGO-CANCER-Y-VIDA1.jpg\"},{\"@type\":\"BreadcrumbList\",\"@id\":\"https:\\\/\\\/www.exurhjs.com\\\/ca\\\/qui-som\\\/#breadcrumb\",\"itemListElement\":[{\"@type\":\"ListItem\",\"position\":1,\"name\":\"Portada\",\"item\":\"https:\\\/\\\/www.exurhjs.com\\\/ca\\\/\"},{\"@type\":\"ListItem\",\"position\":2,\"name\":\"Qui som\"}]},{\"@type\":\"WebSite\",\"@id\":\"https:\\\/\\\/www.exurhjs.com\\\/#website\",\"url\":\"https:\\\/\\\/www.exurhjs.com\\\/\",\"name\":\"Exportaciones Urgell HJS S.L.\",\"description\":\"\",\"potentialAction\":[{\"@type\":\"SearchAction\",\"target\":{\"@type\":\"EntryPoint\",\"urlTemplate\":\"https:\\\/\\\/www.exurhjs.com\\\/?s={search_term_string}\"},\"query-input\":{\"@type\":\"PropertyValueSpecification\",\"valueRequired\":true,\"valueName\":\"search_term_string\"}}],\"inLanguage\":\"ca\"}]}<\/script>\n<!-- \/ Yoast SEO plugin. -->","yoast_head_json":{"title":"Qui som &#8211; Exportaciones Urgell HJS S.L.","robots":{"index":"index","follow":"follow","max-snippet":"max-snippet:-1","max-image-preview":"max-image-preview:large","max-video-preview":"max-video-preview:-1"},"canonical":"https:\/\/www.exurhjs.com\/ca\/qui-som\/","og_locale":"ca_ES","og_type":"article","og_title":"Qui som &#8211; Exportaciones Urgell HJS S.L.","og_description":"Nosaltres EXUR HJS SL brinda un servei com a agent dedicant la seva labor a la representaci\u00f3 d&#8217;empreses aliment\u00e0ries tant per al mercat nacional com a internacional. Cobreix i recolza\u2026 read more &rarr;","og_url":"https:\/\/www.exurhjs.com\/ca\/qui-som\/","og_site_name":"Exportaciones Urgell HJS S.L.","article_modified_time":"2015-03-12T15:02:22+00:00","og_image":[{"url":"http:\/\/www.exurhjs.com\/wp-content\/uploads\/2014\/02\/LOGO-CANCER-Y-VIDA1.jpg","type":"","width":"","height":""}],"twitter_misc":{"Temps estimat de lectura":"2 minuts"},"schema":{"@context":"https:\/\/schema.org","@graph":[{"@type":"WebPage","@id":"https:\/\/www.exurhjs.com\/ca\/qui-som\/","url":"https:\/\/www.exurhjs.com\/ca\/qui-som\/","name":"Qui som &#8211; Exportaciones Urgell HJS S.L.","isPartOf":{"@id":"https:\/\/www.exurhjs.com\/#website"},"primaryImageOfPage":{"@id":"https:\/\/www.exurhjs.com\/ca\/qui-som\/#primaryimage"},"image":{"@id":"https:\/\/www.exurhjs.com\/ca\/qui-som\/#primaryimage"},"thumbnailUrl":"http:\/\/www.exurhjs.com\/wp-content\/uploads\/2014\/02\/LOGO-CANCER-Y-VIDA1.jpg","datePublished":"2014-02-12T16:24:48+00:00","dateModified":"2015-03-12T15:02:22+00:00","breadcrumb":{"@id":"https:\/\/www.exurhjs.com\/ca\/qui-som\/#breadcrumb"},"inLanguage":"ca","potentialAction":[{"@type":"ReadAction","target":["https:\/\/www.exurhjs.com\/ca\/qui-som\/"]}]},{"@type":"ImageObject","inLanguage":"ca","@id":"https:\/\/www.exurhjs.com\/ca\/qui-som\/#primaryimage","url":"http:\/\/www.exurhjs.com\/wp-content\/uploads\/2014\/02\/LOGO-CANCER-Y-VIDA1.jpg","contentUrl":"http:\/\/www.exurhjs.com\/wp-content\/uploads\/2014\/02\/LOGO-CANCER-Y-VIDA1.jpg"},{"@type":"BreadcrumbList","@id":"https:\/\/www.exurhjs.com\/ca\/qui-som\/#breadcrumb","itemListElement":[{"@type":"ListItem","position":1,"name":"Portada","item":"https:\/\/www.exurhjs.com\/ca\/"},{"@type":"ListItem","position":2,"name":"Qui som"}]},{"@type":"WebSite","@id":"https:\/\/www.exurhjs.com\/#website","url":"https:\/\/www.exurhjs.com\/","name":"Exportaciones Urgell HJS S.L.","description":"","potentialAction":[{"@type":"SearchAction","target":{"@type":"EntryPoint","urlTemplate":"https:\/\/www.exurhjs.com\/?s={search_term_string}"},"query-input":{"@type":"PropertyValueSpecification","valueRequired":true,"valueName":"search_term_string"}}],"inLanguage":"ca"}]}},"_links":{"self":[{"href":"https:\/\/www.exurhjs.com\/ca\/wp-json\/wp\/v2\/pages\/2560","targetHints":{"allow":["GET"]}}],"collection":[{"href":"https:\/\/www.exurhjs.com\/ca\/wp-json\/wp\/v2\/pages"}],"about":[{"href":"https:\/\/www.exurhjs.com\/ca\/wp-json\/wp\/v2\/types\/page"}],"author":[{"embeddable":true,"href":"https:\/\/www.exurhjs.com\/ca\/wp-json\/wp\/v2\/users\/1"}],"replies":[{"embeddable":true,"href":"https:\/\/www.exurhjs.com\/ca\/wp-json\/wp\/v2\/comments?post=2560"}],"version-history":[{"count":5,"href":"https:\/\/www.exurhjs.com\/ca\/wp-json\/wp\/v2\/pages\/2560\/revisions"}],"predecessor-version":[{"id":2729,"href":"https:\/\/www.exurhjs.com\/ca\/wp-json\/wp\/v2\/pages\/2560\/revisions\/2729"}],"wp:attachment":[{"href":"https:\/\/www.exurhjs.com\/ca\/wp-json\/wp\/v2\/media?parent=2560"}],"curies":[{"name":"wp","href":"https:\/\/api.w.org\/{rel}","templated":true}]}}