{"id":2573,"date":"2014-02-12T17:32:43","date_gmt":"2014-02-12T17:32:43","guid":{"rendered":"http:\/\/www.exurhjs.com\/servicios-2\/"},"modified":"2015-02-21T16:12:33","modified_gmt":"2015-02-21T16:12:33","slug":"serveis-assessorament","status":"publish","type":"page","link":"https:\/\/www.exurhjs.com\/ca\/serveis-assessorament\/","title":{"rendered":"Serveis &#8211; Assessorament"},"content":{"rendered":"<div class=\"section section-parallax\" style=\"background-color: #ffffff; border: 0px solid #ececec; padding: 20px 0; background-image: url(IMAGEURL);\">\n<div class=\"container clearfix\">\n<div class=\"sixteen columns\">\n<div class=\"three_fourth\">\n<h2 class=\"title\"><span>Assessorament<\/span><\/h2>\n<div class=\"description clearfix style-1\">\n<p>Especialitzats a ajudar a empreses en el seu proc\u00e9s d&#8217;internacionalitzaci\u00f3, \u00e9s a dir, a iniciar-se en l&#8217;activitat exportadora i aix\u00ed reduir el seu nivell d&#8217;incertesa.<\/p>\n<p>Li ajudem a resoldre preguntes com: Puc exportar? El meu producte s&#8217;exporta?<br \/>\nExisteixen ajudes d&#8217;organismes oficials de les quals em pugui beneficiar? Per on comen\u00e7o?<\/p>\n<p>Des de EXUR li podem ajudar a:<\/p>\n<ul>\n<li>Pre an\u00e0lisi: Diagnostico previ del potencial exportador de la seva empresa i productes.<\/li>\n<li>Dissenyar, Desenvolupar i engegada del seu Pla d&#8217;Internacionalitzaci\u00f3.<\/li>\n<li>Canales de Venda. Selecci\u00f3.<\/li>\n<li>Identificaci\u00f3 de clients als nous mercats.<\/li>\n<li>Comercialitzaci\u00f3 dels seus productes. Log\u00edstica. Publicitat.<\/li>\n<li>Acompanyaments i suports.<\/li>\n<li>Consorcis d&#8217;exportaci\u00f3: Exportar al costat d&#8217;uns altres reduint costos.<\/li>\n<\/ul>\n<\/div>\n<\/div>\n<div class=\"one_fourth last\">\n\n\t\t\t<!-- START vinos REVOLUTION SLIDER 6.6.18 --><p class=\"rs-p-wp-fix\"><\/p>\n\t\t\t<rs-module-wrap id=\"rev_slider_6_1_wrapper\" data-source=\"gallery\" style=\"visibility:hidden;background:#ffffff;padding:0;margin:0px auto;margin-top:0;margin-bottom:0;\">\n\t\t\t\t<rs-module id=\"rev_slider_6_1\" style=\"\" data-version=\"6.6.18\">\n\t\t\t\t\t<rs-slides style=\"overflow: hidden; position: absolute;\">\n\t\t\t\t\t\t<rs-slide style=\"position: absolute;\" data-key=\"rs-40\" data-title=\"Slide\" data-anim=\"ms:300;\" data-in=\"o:1;x:100%;\">\n\t\t\t\t\t\t\t<img decoding=\"async\" src=\"\/\/www.exurhjs.com\/wp-content\/plugins\/revslider\/public\/assets\/assets\/dummy.png\" alt=\"\" title=\"Serveis &#8211; Assessorament\" class=\"rev-slidebg tp-rs-img rs-lazyload\" data-lazyload=\"\/\/www.exurhjs.com\/wp-content\/uploads\/revslider\/banner-chicoa\/BELTXENEA-JOVEN.jpg\" data-bg=\"f:contain;\" data-no-retina>\n<!---->\t\t\t\t\t\t<\/rs-slide>\n\t\t\t\t\t\t<rs-slide style=\"position: absolute;\" data-key=\"rs-41\" data-title=\"Slide\" data-anim=\"ms:300;\" data-in=\"x:100%;\">\n\t\t\t\t\t\t\t<img decoding=\"async\" src=\"\/\/www.exurhjs.com\/wp-content\/plugins\/revslider\/public\/assets\/assets\/dummy.png\" alt=\"\" title=\"Serveis &#8211; Assessorament\" class=\"rev-slidebg tp-rs-img rs-lazyload\" data-lazyload=\"\/\/www.exurhjs.com\/wp-content\/uploads\/revslider\/banner-chicoa\/rioja.edurne-crianza2011.jpg\" data-bg=\"f:contain;\" data-no-retina>\n<!---->\t\t\t\t\t\t<\/rs-slide>\n\t\t\t\t\t\t<rs-slide style=\"position: absolute;\" data-key=\"rs-42\" data-title=\"Slide\" data-anim=\"ms:300;\" data-in=\"x:100%;\">\n\t\t\t\t\t\t\t<img decoding=\"async\" src=\"\/\/www.exurhjs.com\/wp-content\/plugins\/revslider\/public\/assets\/assets\/dummy.png\" alt=\"\" title=\"Serveis &#8211; Assessorament\" class=\"rev-slidebg tp-rs-img rs-lazyload\" data-lazyload=\"\/\/www.exurhjs.com\/wp-content\/uploads\/revslider\/banner-chicoa\/Vi-a-Edurne-Reserva-2010.jpg\" data-bg=\"f:contain;\" data-no-retina>\n<!---->\t\t\t\t\t\t<\/rs-slide>\n\t\t\t\t\t\t<rs-slide style=\"position: absolute;\" data-key=\"rs-43\" data-title=\"Slide\" data-anim=\"ms:300;\" data-in=\"x:100%;\">\n\t\t\t\t\t\t\t<img decoding=\"async\" src=\"\/\/www.exurhjs.com\/wp-content\/plugins\/revslider\/public\/assets\/assets\/dummy.png\" alt=\"\" title=\"Serveis &#8211; Assessorament\" class=\"rev-slidebg tp-rs-img rs-lazyload\" data-lazyload=\"\/\/www.exurhjs.com\/wp-content\/uploads\/revslider\/banner-chicoa\/Vi-a-Edurne-Tinto-2.jpg\" data-bg=\"f:contain;\" data-no-retina>\n<!---->\t\t\t\t\t\t<\/rs-slide>\n\t\t\t\t\t\t<rs-slide style=\"position: absolute;\" data-key=\"rs-44\" data-title=\"Slide\" data-anim=\"ms:300;\" data-in=\"x:100%;\">\n\t\t\t\t\t\t\t<img decoding=\"async\" src=\"\/\/www.exurhjs.com\/wp-content\/plugins\/revslider\/public\/assets\/assets\/dummy.png\" alt=\"\" title=\"Serveis &#8211; Assessorament\" class=\"rev-slidebg tp-rs-img rs-lazyload\" data-lazyload=\"\/\/www.exurhjs.com\/wp-content\/uploads\/revslider\/banner-chicoa\/chicoa-rioja-crianza.jpg\" data-bg=\"f:contain;\" data-no-retina>\n<!---->\t\t\t\t\t\t<\/rs-slide>\n\t\t\t\t\t\t<rs-slide style=\"position: absolute;\" data-key=\"rs-45\" data-title=\"Slide\" data-anim=\"ms:300;\" data-in=\"x:100%;\">\n\t\t\t\t\t\t\t<img decoding=\"async\" src=\"\/\/www.exurhjs.com\/wp-content\/plugins\/revslider\/public\/assets\/assets\/dummy.png\" alt=\"\" title=\"Serveis &#8211; Assessorament\" class=\"rev-slidebg tp-rs-img rs-lazyload\" data-lazyload=\"\/\/www.exurhjs.com\/wp-content\/uploads\/revslider\/banner-chicoa\/chicoa-rioja-beltxenea-r19991.jpg\" data-bg=\"f:contain;\" data-no-retina>\n<!---->\t\t\t\t\t\t<\/rs-slide>\n\t\t\t\t\t\t<rs-slide style=\"position: absolute;\" data-key=\"rs-46\" data-title=\"Slide\" data-anim=\"ms:300;\" data-in=\"x:100%;\">\n\t\t\t\t\t\t\t<img decoding=\"async\" src=\"\/\/www.exurhjs.com\/wp-content\/plugins\/revslider\/public\/assets\/assets\/dummy.png\" alt=\"\" title=\"Serveis &#8211; Assessorament\" class=\"rev-slidebg tp-rs-img rs-lazyload\" data-lazyload=\"\/\/www.exurhjs.com\/wp-content\/uploads\/revslider\/banner-chicoa\/chicoa-rioja-joven.jpg\" data-bg=\"f:contain;\" data-no-retina>\n<!---->\t\t\t\t\t\t<\/rs-slide>\n\t\t\t\t\t\t<rs-slide style=\"position: absolute;\" data-key=\"rs-47\" data-title=\"Slide\" data-anim=\"ms:300;\" data-in=\"x:100%;\">\n\t\t\t\t\t\t\t<img decoding=\"async\" src=\"\/\/www.exurhjs.com\/wp-content\/plugins\/revslider\/public\/assets\/assets\/dummy.png\" alt=\"\" title=\"Serveis &#8211; Assessorament\" class=\"rev-slidebg tp-rs-img rs-lazyload\" data-lazyload=\"\/\/www.exurhjs.com\/wp-content\/uploads\/revslider\/banner-chicoa\/BELTXENEA-CRZA.jpg\" data-bg=\"f:contain;\" data-no-retina>\n<!---->\t\t\t\t\t\t<\/rs-slide>\n\t\t\t\t\t\t<rs-slide style=\"position: absolute;\" data-key=\"rs-48\" data-title=\"Slide\" data-anim=\"ms:300;\" data-in=\"x:100%;\">\n\t\t\t\t\t\t\t<img decoding=\"async\" src=\"\/\/www.exurhjs.com\/wp-content\/plugins\/revslider\/public\/assets\/assets\/dummy.png\" alt=\"\" title=\"Serveis &#8211; Assessorament\" class=\"rev-slidebg tp-rs-img rs-lazyload\" data-lazyload=\"\/\/www.exurhjs.com\/wp-content\/uploads\/revslider\/banner-chicoa\/chicoa-rioja-reserva.jpg\" data-bg=\"f:contain;\" data-no-retina>\n<!---->\t\t\t\t\t\t<\/rs-slide>\n\t\t\t\t\t<\/rs-slides>\n\t\t\t\t<\/rs-module>\n\t\t\t\t<script>\n\t\t\t\t\tsetREVStartSize({c: 'rev_slider_6_1',rl:[1240,1024,778,480],el:[335],gw:[190],gh:[335],type:'standard',justify:'',layout:'fullwidth',mh:\"335\"});if (window.RS_MODULES!==undefined && window.RS_MODULES.modules!==undefined && window.RS_MODULES.modules[\"revslider61\"]!==undefined) {window.RS_MODULES.modules[\"revslider61\"].once = false;window.revapi6 = undefined;if (window.RS_MODULES.checkMinimal!==undefined) window.RS_MODULES.checkMinimal()}\n\t\t\t\t<\/script>\n\t\t\t<\/rs-module-wrap>\n\t\t\t<!-- END REVOLUTION SLIDER -->\n\n<p>&nbsp;<\/p>\n<p><span class=\"responsive\"><a href=\"http:\/\/wineinmoderation.eu\" target=\"_blank\"><img loading=\"lazy\" decoding=\"async\" class=\"aligncenter wp-image-2376\" src=\"http:\/\/www.exurhjs.com\/wp-content\/uploads\/2014\/02\/winelogo-1024x220.jpg\" alt=\"winelogo\" width=\"214\" height=\"46\" srcset=\"https:\/\/www.exurhjs.com\/wp-content\/uploads\/2014\/02\/winelogo-1024x220.jpg 1024w, https:\/\/www.exurhjs.com\/wp-content\/uploads\/2014\/02\/winelogo-300x64.jpg 300w, https:\/\/www.exurhjs.com\/wp-content\/uploads\/2014\/02\/winelogo.jpg 1772w\" sizes=\"auto, (max-width: 214px) 100vw, 214px\" \/><\/a><\/span><\/div>\n<div class=\"clear\"><\/div>\n<\/div>\n<\/div>\n<\/div>\n","protected":false},"excerpt":{"rendered":"<p>Assessorament Especialitzats a ajudar a empreses en el seu proc\u00e9s d&#8217;internacionalitzaci\u00f3, \u00e9s a dir, a iniciar-se en l&#8217;activitat exportadora i aix\u00ed reduir el seu nivell d&#8217;incertesa. Li ajudem a resoldre\u2026 <a href=\"https:\/\/www.exurhjs.com\/ca\/serveis-assessorament\/\" class=\"read-more-link\">read more &rarr;<\/a><\/p>\n","protected":false},"author":1,"featured_media":0,"parent":0,"menu_order":0,"comment_status":"open","ping_status":"open","template":"page-fullwidth.php","meta":{"_exactmetrics_skip_tracking":false,"_exactmetrics_sitenote_active":false,"_exactmetrics_sitenote_note":"","_exactmetrics_sitenote_category":0,"footnotes":""},"class_list":["post-2573","page","type-page","status-publish","hentry"],"yoast_head":"<!-- This site is optimized with the Yoast SEO plugin v27.5 - https:\/\/yoast.com\/product\/yoast-seo-wordpress\/ -->\n<title>Serveis - Assessorament &#8211; Exportaciones Urgell HJS S.L.<\/title>\n<meta name=\"robots\" content=\"index, follow, max-snippet:-1, max-image-preview:large, max-video-preview:-1\" \/>\n<link rel=\"canonical\" href=\"https:\/\/www.exurhjs.com\/ca\/serveis-assessorament\/\" \/>\n<meta property=\"og:locale\" content=\"ca_ES\" \/>\n<meta property=\"og:type\" content=\"article\" \/>\n<meta property=\"og:title\" content=\"Serveis - Assessorament &#8211; Exportaciones Urgell HJS S.L.\" \/>\n<meta property=\"og:description\" content=\"Assessorament Especialitzats a ajudar a empreses en el seu proc\u00e9s d&#8217;internacionalitzaci\u00f3, \u00e9s a dir, a iniciar-se en l&#8217;activitat exportadora i aix\u00ed reduir el seu nivell d&#8217;incertesa. Li ajudem a resoldre\u2026 read more &rarr;\" \/>\n<meta property=\"og:url\" content=\"https:\/\/www.exurhjs.com\/ca\/serveis-assessorament\/\" \/>\n<meta property=\"og:site_name\" content=\"Exportaciones Urgell HJS S.L.\" \/>\n<meta property=\"article:modified_time\" content=\"2015-02-21T16:12:33+00:00\" \/>\n<meta property=\"og:image\" content=\"http:\/\/www.exurhjs.com\/wp-content\/uploads\/2014\/02\/winelogo-1024x220.jpg\" \/>\n<meta name=\"twitter:label1\" content=\"Temps estimat de lectura\" \/>\n\t<meta name=\"twitter:data1\" content=\"1 minut\" \/>\n<script type=\"application\/ld+json\" class=\"yoast-schema-graph\">{\"@context\":\"https:\\\/\\\/schema.org\",\"@graph\":[{\"@type\":\"WebPage\",\"@id\":\"https:\\\/\\\/www.exurhjs.com\\\/ca\\\/serveis-assessorament\\\/\",\"url\":\"https:\\\/\\\/www.exurhjs.com\\\/ca\\\/serveis-assessorament\\\/\",\"name\":\"Serveis - Assessorament &#8211; Exportaciones Urgell HJS S.L.\",\"isPartOf\":{\"@id\":\"https:\\\/\\\/www.exurhjs.com\\\/#website\"},\"primaryImageOfPage\":{\"@id\":\"https:\\\/\\\/www.exurhjs.com\\\/ca\\\/serveis-assessorament\\\/#primaryimage\"},\"image\":{\"@id\":\"https:\\\/\\\/www.exurhjs.com\\\/ca\\\/serveis-assessorament\\\/#primaryimage\"},\"thumbnailUrl\":\"http:\\\/\\\/www.exurhjs.com\\\/wp-content\\\/uploads\\\/2014\\\/02\\\/winelogo-1024x220.jpg\",\"datePublished\":\"2014-02-12T17:32:43+00:00\",\"dateModified\":\"2015-02-21T16:12:33+00:00\",\"breadcrumb\":{\"@id\":\"https:\\\/\\\/www.exurhjs.com\\\/ca\\\/serveis-assessorament\\\/#breadcrumb\"},\"inLanguage\":\"ca\",\"potentialAction\":[{\"@type\":\"ReadAction\",\"target\":[\"https:\\\/\\\/www.exurhjs.com\\\/ca\\\/serveis-assessorament\\\/\"]}]},{\"@type\":\"ImageObject\",\"inLanguage\":\"ca\",\"@id\":\"https:\\\/\\\/www.exurhjs.com\\\/ca\\\/serveis-assessorament\\\/#primaryimage\",\"url\":\"http:\\\/\\\/www.exurhjs.com\\\/wp-content\\\/uploads\\\/2014\\\/02\\\/winelogo-1024x220.jpg\",\"contentUrl\":\"http:\\\/\\\/www.exurhjs.com\\\/wp-content\\\/uploads\\\/2014\\\/02\\\/winelogo-1024x220.jpg\"},{\"@type\":\"BreadcrumbList\",\"@id\":\"https:\\\/\\\/www.exurhjs.com\\\/ca\\\/serveis-assessorament\\\/#breadcrumb\",\"itemListElement\":[{\"@type\":\"ListItem\",\"position\":1,\"name\":\"Portada\",\"item\":\"https:\\\/\\\/www.exurhjs.com\\\/ca\\\/\"},{\"@type\":\"ListItem\",\"position\":2,\"name\":\"Serveis &#8211; Assessorament\"}]},{\"@type\":\"WebSite\",\"@id\":\"https:\\\/\\\/www.exurhjs.com\\\/#website\",\"url\":\"https:\\\/\\\/www.exurhjs.com\\\/\",\"name\":\"Exportaciones Urgell HJS S.L.\",\"description\":\"\",\"potentialAction\":[{\"@type\":\"SearchAction\",\"target\":{\"@type\":\"EntryPoint\",\"urlTemplate\":\"https:\\\/\\\/www.exurhjs.com\\\/?s={search_term_string}\"},\"query-input\":{\"@type\":\"PropertyValueSpecification\",\"valueRequired\":true,\"valueName\":\"search_term_string\"}}],\"inLanguage\":\"ca\"}]}<\/script>\n<!-- \/ Yoast SEO plugin. -->","yoast_head_json":{"title":"Serveis - Assessorament &#8211; Exportaciones Urgell HJS S.L.","robots":{"index":"index","follow":"follow","max-snippet":"max-snippet:-1","max-image-preview":"max-image-preview:large","max-video-preview":"max-video-preview:-1"},"canonical":"https:\/\/www.exurhjs.com\/ca\/serveis-assessorament\/","og_locale":"ca_ES","og_type":"article","og_title":"Serveis - Assessorament &#8211; Exportaciones Urgell HJS S.L.","og_description":"Assessorament Especialitzats a ajudar a empreses en el seu proc\u00e9s d&#8217;internacionalitzaci\u00f3, \u00e9s a dir, a iniciar-se en l&#8217;activitat exportadora i aix\u00ed reduir el seu nivell d&#8217;incertesa. Li ajudem a resoldre\u2026 read more &rarr;","og_url":"https:\/\/www.exurhjs.com\/ca\/serveis-assessorament\/","og_site_name":"Exportaciones Urgell HJS S.L.","article_modified_time":"2015-02-21T16:12:33+00:00","og_image":[{"url":"http:\/\/www.exurhjs.com\/wp-content\/uploads\/2014\/02\/winelogo-1024x220.jpg","type":"","width":"","height":""}],"twitter_misc":{"Temps estimat de lectura":"1 minut"},"schema":{"@context":"https:\/\/schema.org","@graph":[{"@type":"WebPage","@id":"https:\/\/www.exurhjs.com\/ca\/serveis-assessorament\/","url":"https:\/\/www.exurhjs.com\/ca\/serveis-assessorament\/","name":"Serveis - Assessorament &#8211; Exportaciones Urgell HJS S.L.","isPartOf":{"@id":"https:\/\/www.exurhjs.com\/#website"},"primaryImageOfPage":{"@id":"https:\/\/www.exurhjs.com\/ca\/serveis-assessorament\/#primaryimage"},"image":{"@id":"https:\/\/www.exurhjs.com\/ca\/serveis-assessorament\/#primaryimage"},"thumbnailUrl":"http:\/\/www.exurhjs.com\/wp-content\/uploads\/2014\/02\/winelogo-1024x220.jpg","datePublished":"2014-02-12T17:32:43+00:00","dateModified":"2015-02-21T16:12:33+00:00","breadcrumb":{"@id":"https:\/\/www.exurhjs.com\/ca\/serveis-assessorament\/#breadcrumb"},"inLanguage":"ca","potentialAction":[{"@type":"ReadAction","target":["https:\/\/www.exurhjs.com\/ca\/serveis-assessorament\/"]}]},{"@type":"ImageObject","inLanguage":"ca","@id":"https:\/\/www.exurhjs.com\/ca\/serveis-assessorament\/#primaryimage","url":"http:\/\/www.exurhjs.com\/wp-content\/uploads\/2014\/02\/winelogo-1024x220.jpg","contentUrl":"http:\/\/www.exurhjs.com\/wp-content\/uploads\/2014\/02\/winelogo-1024x220.jpg"},{"@type":"BreadcrumbList","@id":"https:\/\/www.exurhjs.com\/ca\/serveis-assessorament\/#breadcrumb","itemListElement":[{"@type":"ListItem","position":1,"name":"Portada","item":"https:\/\/www.exurhjs.com\/ca\/"},{"@type":"ListItem","position":2,"name":"Serveis &#8211; Assessorament"}]},{"@type":"WebSite","@id":"https:\/\/www.exurhjs.com\/#website","url":"https:\/\/www.exurhjs.com\/","name":"Exportaciones Urgell HJS S.L.","description":"","potentialAction":[{"@type":"SearchAction","target":{"@type":"EntryPoint","urlTemplate":"https:\/\/www.exurhjs.com\/?s={search_term_string}"},"query-input":{"@type":"PropertyValueSpecification","valueRequired":true,"valueName":"search_term_string"}}],"inLanguage":"ca"}]}},"_links":{"self":[{"href":"https:\/\/www.exurhjs.com\/ca\/wp-json\/wp\/v2\/pages\/2573","targetHints":{"allow":["GET"]}}],"collection":[{"href":"https:\/\/www.exurhjs.com\/ca\/wp-json\/wp\/v2\/pages"}],"about":[{"href":"https:\/\/www.exurhjs.com\/ca\/wp-json\/wp\/v2\/types\/page"}],"author":[{"embeddable":true,"href":"https:\/\/www.exurhjs.com\/ca\/wp-json\/wp\/v2\/users\/1"}],"replies":[{"embeddable":true,"href":"https:\/\/www.exurhjs.com\/ca\/wp-json\/wp\/v2\/comments?post=2573"}],"version-history":[{"count":3,"href":"https:\/\/www.exurhjs.com\/ca\/wp-json\/wp\/v2\/pages\/2573\/revisions"}],"predecessor-version":[{"id":2654,"href":"https:\/\/www.exurhjs.com\/ca\/wp-json\/wp\/v2\/pages\/2573\/revisions\/2654"}],"wp:attachment":[{"href":"https:\/\/www.exurhjs.com\/ca\/wp-json\/wp\/v2\/media?parent=2573"}],"curies":[{"name":"wp","href":"https:\/\/api.w.org\/{rel}","templated":true}]}}