{"id":2585,"date":"2014-02-12T17:31:49","date_gmt":"2014-02-12T17:31:49","guid":{"rendered":"http:\/\/www.exurhjs.com\/productos-2\/"},"modified":"2015-03-12T15:18:55","modified_gmt":"2015-03-12T15:18:55","slug":"productes","status":"publish","type":"page","link":"https:\/\/www.exurhjs.com\/ca\/productes\/","title":{"rendered":"Productes"},"content":{"rendered":"<div id=\"productos\">\n<h2 class=\"title\"><span>Productes<\/span><\/h2>\n<div class=\"navigation_02\" id=\"nav1\">\n<ul>\n<li class=\"carnic\"><a href=\"#\">C\u00c0RNICS<\/a>\n<ul>\n<li>EMBOTITS<\/li>\n<ul>\n<li>Bullits i Guarits<\/li>\n<\/ul>\n<li> PERNILS <\/li>\n<ul>\n<li> Serrans <\/li>\n<li>Ib\u00c8rics<\/li>\n<li>Duroch<\/li>\n<\/ul>\n<li>LLESCATS<\/li>\n<\/ul>\n<\/li>\n<li class=\"quess\"><a href=\"#\">FORMATGES<\/a>\n<ul>\n<li>DO MANXECS<\/li>\n<li>DO MA\u00d3<\/li>\n<li>HALAL<\/li>\n<\/ul>\n<\/li>\n<li class=\"conerv\"><a href=\"#\">CONSERVES<\/a><\/li>\n<li class=\"pescao\"><a href=\"#\">PEIX<\/a>\n<ul>\n<li>BACALL\u00c0<\/li>\n<li>CONSERVES<\/li>\n<li>CONGELAT<\/li>\n<\/ul>\n<\/li>\n<li class=\"fsecos\"><a href=\"#\">FRUTS SECS<\/a><\/li>\n<li class=\"fruta\"><a href=\"#\">FRUTA<\/a><\/li>\n<li class=\"bolleria\"><a href=\"#\">BOLLERIA<\/a><\/li>\n<li class=\"bebidas\"><a href=\"#\">BEGUDES<\/a>\n<ul>\n<li>VINS<\/li>\n<ul>\n<li><span class=\"elem1\">DO RIOJA<\/span> DO NAVARRA<\/li>\n<li><span class=\"elem2\">DO RIBERA DEL DUERO<\/span> DO RUEDA<\/li>\n<li><span class=\"elem3\">DO PRIORAT<\/span> DO MONTSANT<\/li>\n<li><span class=\"elem4\">DO TERRA ALTA<\/span> DO PENED\u00c9S<\/li>\n<li><span class=\"elem5\">DO TARRAGONA<\/span> DO CATALUNYA<\/li>\n<li><span class=\"elem6\">DO CARI\u00d1ENA<\/span> DO SOMONTANO<\/li>\n<li><span class=\"elem7\">DO LA MANCHA<\/span> DO JUMILLA<\/li>\n<li><span class=\"elem8\">DO TORO<\/span><\/li>\n<li>ECOL\u00d3GICOS<\/li>\n<li>KOSHER<\/li>\n<\/ul>\n<li>CAVA<\/li>\n<ul>\n<li>BRUT NATURE<\/li>\n<li>SEC<\/li>\n<li>SEMI SEC<\/li>\n<li>CAVA GOLD 24K<\/li>\n<\/ul>\n<li>LICORS<\/li>\n<li>SANGRIA<\/li>\n<li>AIGUA<\/li>\n<\/ul>\n<\/li>\n<li class=\"aceites\"><a href=\"#\">OLIS<\/a><\/li>\n<\/ul>\n<\/div>\n<div class=\"gap\" style=\"height: 40px;\"><\/div>\n<h2 class=\"title\"><span>Productes per a:<\/span><\/h2>\n<h3>Distribuci\u00f3 Moderna<\/h3>\n<p><span class=\"responsive\"><img loading=\"lazy\" decoding=\"async\" alt=\"logos\" src=\"http:\/\/www.exurhjs.com\/wp-content\/uploads\/2014\/02\/logos.png\" width=\"606\" height=\"126\" \/><\/span><\/p>\n<p>&nbsp;<\/p>\n<h3>Distribu\u00efdors &#8211; Cash&#038;Carry &#8211; Horeca &#8211; Col\u00b7lectivitats<\/h3>\n","protected":false},"excerpt":{"rendered":"<p>Productes C\u00c0RNICS EMBOTITS Bullits i Guarits PERNILS Serrans Ib\u00c8rics Duroch LLESCATS FORMATGES DO MANXECS DO MA\u00d3 HALAL CONSERVES PEIX BACALL\u00c0 CONSERVES CONGELAT FRUTS SECS FRUTA BOLLERIA BEGUDES VINS DO RIOJA\u2026 <a href=\"https:\/\/www.exurhjs.com\/ca\/productes\/\" class=\"read-more-link\">read more &rarr;<\/a><\/p>\n","protected":false},"author":1,"featured_media":0,"parent":0,"menu_order":0,"comment_status":"open","ping_status":"open","template":"","meta":{"_exactmetrics_skip_tracking":false,"_exactmetrics_sitenote_active":false,"_exactmetrics_sitenote_note":"","_exactmetrics_sitenote_category":0,"footnotes":""},"class_list":["post-2585","page","type-page","status-publish","hentry"],"yoast_head":"<!-- This site is optimized with the Yoast SEO plugin v27.5 - https:\/\/yoast.com\/product\/yoast-seo-wordpress\/ -->\n<title>Productes &#8211; Exportaciones Urgell HJS S.L.<\/title>\n<meta name=\"robots\" content=\"index, follow, max-snippet:-1, max-image-preview:large, max-video-preview:-1\" \/>\n<link rel=\"canonical\" href=\"https:\/\/www.exurhjs.com\/ca\/productes\/\" \/>\n<meta property=\"og:locale\" content=\"ca_ES\" \/>\n<meta property=\"og:type\" content=\"article\" \/>\n<meta property=\"og:title\" content=\"Productes &#8211; Exportaciones Urgell HJS S.L.\" \/>\n<meta property=\"og:description\" content=\"Productes C\u00c0RNICS EMBOTITS Bullits i Guarits PERNILS Serrans Ib\u00c8rics Duroch LLESCATS FORMATGES DO MANXECS DO MA\u00d3 HALAL CONSERVES PEIX BACALL\u00c0 CONSERVES CONGELAT FRUTS SECS FRUTA BOLLERIA BEGUDES VINS DO RIOJA\u2026 read more &rarr;\" \/>\n<meta property=\"og:url\" content=\"https:\/\/www.exurhjs.com\/ca\/productes\/\" \/>\n<meta property=\"og:site_name\" content=\"Exportaciones Urgell HJS S.L.\" \/>\n<meta property=\"article:modified_time\" content=\"2015-03-12T15:18:55+00:00\" \/>\n<meta property=\"og:image\" content=\"http:\/\/www.exurhjs.com\/wp-content\/uploads\/2014\/02\/logos.png\" \/>\n<meta name=\"twitter:label1\" content=\"Temps estimat de lectura\" \/>\n\t<meta name=\"twitter:data1\" content=\"1 minut\" \/>\n<script type=\"application\/ld+json\" class=\"yoast-schema-graph\">{\"@context\":\"https:\\\/\\\/schema.org\",\"@graph\":[{\"@type\":\"WebPage\",\"@id\":\"https:\\\/\\\/www.exurhjs.com\\\/ca\\\/productes\\\/\",\"url\":\"https:\\\/\\\/www.exurhjs.com\\\/ca\\\/productes\\\/\",\"name\":\"Productes &#8211; Exportaciones Urgell HJS S.L.\",\"isPartOf\":{\"@id\":\"https:\\\/\\\/www.exurhjs.com\\\/#website\"},\"primaryImageOfPage\":{\"@id\":\"https:\\\/\\\/www.exurhjs.com\\\/ca\\\/productes\\\/#primaryimage\"},\"image\":{\"@id\":\"https:\\\/\\\/www.exurhjs.com\\\/ca\\\/productes\\\/#primaryimage\"},\"thumbnailUrl\":\"http:\\\/\\\/www.exurhjs.com\\\/wp-content\\\/uploads\\\/2014\\\/02\\\/logos.png\",\"datePublished\":\"2014-02-12T17:31:49+00:00\",\"dateModified\":\"2015-03-12T15:18:55+00:00\",\"breadcrumb\":{\"@id\":\"https:\\\/\\\/www.exurhjs.com\\\/ca\\\/productes\\\/#breadcrumb\"},\"inLanguage\":\"ca\",\"potentialAction\":[{\"@type\":\"ReadAction\",\"target\":[\"https:\\\/\\\/www.exurhjs.com\\\/ca\\\/productes\\\/\"]}]},{\"@type\":\"ImageObject\",\"inLanguage\":\"ca\",\"@id\":\"https:\\\/\\\/www.exurhjs.com\\\/ca\\\/productes\\\/#primaryimage\",\"url\":\"http:\\\/\\\/www.exurhjs.com\\\/wp-content\\\/uploads\\\/2014\\\/02\\\/logos.png\",\"contentUrl\":\"http:\\\/\\\/www.exurhjs.com\\\/wp-content\\\/uploads\\\/2014\\\/02\\\/logos.png\"},{\"@type\":\"BreadcrumbList\",\"@id\":\"https:\\\/\\\/www.exurhjs.com\\\/ca\\\/productes\\\/#breadcrumb\",\"itemListElement\":[{\"@type\":\"ListItem\",\"position\":1,\"name\":\"Portada\",\"item\":\"https:\\\/\\\/www.exurhjs.com\\\/ca\\\/\"},{\"@type\":\"ListItem\",\"position\":2,\"name\":\"Productes\"}]},{\"@type\":\"WebSite\",\"@id\":\"https:\\\/\\\/www.exurhjs.com\\\/#website\",\"url\":\"https:\\\/\\\/www.exurhjs.com\\\/\",\"name\":\"Exportaciones Urgell HJS S.L.\",\"description\":\"\",\"potentialAction\":[{\"@type\":\"SearchAction\",\"target\":{\"@type\":\"EntryPoint\",\"urlTemplate\":\"https:\\\/\\\/www.exurhjs.com\\\/?s={search_term_string}\"},\"query-input\":{\"@type\":\"PropertyValueSpecification\",\"valueRequired\":true,\"valueName\":\"search_term_string\"}}],\"inLanguage\":\"ca\"}]}<\/script>\n<!-- \/ Yoast SEO plugin. -->","yoast_head_json":{"title":"Productes &#8211; Exportaciones Urgell HJS S.L.","robots":{"index":"index","follow":"follow","max-snippet":"max-snippet:-1","max-image-preview":"max-image-preview:large","max-video-preview":"max-video-preview:-1"},"canonical":"https:\/\/www.exurhjs.com\/ca\/productes\/","og_locale":"ca_ES","og_type":"article","og_title":"Productes &#8211; Exportaciones Urgell HJS S.L.","og_description":"Productes C\u00c0RNICS EMBOTITS Bullits i Guarits PERNILS Serrans Ib\u00c8rics Duroch LLESCATS FORMATGES DO MANXECS DO MA\u00d3 HALAL CONSERVES PEIX BACALL\u00c0 CONSERVES CONGELAT FRUTS SECS FRUTA BOLLERIA BEGUDES VINS DO RIOJA\u2026 read more &rarr;","og_url":"https:\/\/www.exurhjs.com\/ca\/productes\/","og_site_name":"Exportaciones Urgell HJS S.L.","article_modified_time":"2015-03-12T15:18:55+00:00","og_image":[{"url":"http:\/\/www.exurhjs.com\/wp-content\/uploads\/2014\/02\/logos.png","type":"","width":"","height":""}],"twitter_misc":{"Temps estimat de lectura":"1 minut"},"schema":{"@context":"https:\/\/schema.org","@graph":[{"@type":"WebPage","@id":"https:\/\/www.exurhjs.com\/ca\/productes\/","url":"https:\/\/www.exurhjs.com\/ca\/productes\/","name":"Productes &#8211; Exportaciones Urgell HJS S.L.","isPartOf":{"@id":"https:\/\/www.exurhjs.com\/#website"},"primaryImageOfPage":{"@id":"https:\/\/www.exurhjs.com\/ca\/productes\/#primaryimage"},"image":{"@id":"https:\/\/www.exurhjs.com\/ca\/productes\/#primaryimage"},"thumbnailUrl":"http:\/\/www.exurhjs.com\/wp-content\/uploads\/2014\/02\/logos.png","datePublished":"2014-02-12T17:31:49+00:00","dateModified":"2015-03-12T15:18:55+00:00","breadcrumb":{"@id":"https:\/\/www.exurhjs.com\/ca\/productes\/#breadcrumb"},"inLanguage":"ca","potentialAction":[{"@type":"ReadAction","target":["https:\/\/www.exurhjs.com\/ca\/productes\/"]}]},{"@type":"ImageObject","inLanguage":"ca","@id":"https:\/\/www.exurhjs.com\/ca\/productes\/#primaryimage","url":"http:\/\/www.exurhjs.com\/wp-content\/uploads\/2014\/02\/logos.png","contentUrl":"http:\/\/www.exurhjs.com\/wp-content\/uploads\/2014\/02\/logos.png"},{"@type":"BreadcrumbList","@id":"https:\/\/www.exurhjs.com\/ca\/productes\/#breadcrumb","itemListElement":[{"@type":"ListItem","position":1,"name":"Portada","item":"https:\/\/www.exurhjs.com\/ca\/"},{"@type":"ListItem","position":2,"name":"Productes"}]},{"@type":"WebSite","@id":"https:\/\/www.exurhjs.com\/#website","url":"https:\/\/www.exurhjs.com\/","name":"Exportaciones Urgell HJS S.L.","description":"","potentialAction":[{"@type":"SearchAction","target":{"@type":"EntryPoint","urlTemplate":"https:\/\/www.exurhjs.com\/?s={search_term_string}"},"query-input":{"@type":"PropertyValueSpecification","valueRequired":true,"valueName":"search_term_string"}}],"inLanguage":"ca"}]}},"_links":{"self":[{"href":"https:\/\/www.exurhjs.com\/ca\/wp-json\/wp\/v2\/pages\/2585","targetHints":{"allow":["GET"]}}],"collection":[{"href":"https:\/\/www.exurhjs.com\/ca\/wp-json\/wp\/v2\/pages"}],"about":[{"href":"https:\/\/www.exurhjs.com\/ca\/wp-json\/wp\/v2\/types\/page"}],"author":[{"embeddable":true,"href":"https:\/\/www.exurhjs.com\/ca\/wp-json\/wp\/v2\/users\/1"}],"replies":[{"embeddable":true,"href":"https:\/\/www.exurhjs.com\/ca\/wp-json\/wp\/v2\/comments?post=2585"}],"version-history":[{"count":4,"href":"https:\/\/www.exurhjs.com\/ca\/wp-json\/wp\/v2\/pages\/2585\/revisions"}],"predecessor-version":[{"id":2739,"href":"https:\/\/www.exurhjs.com\/ca\/wp-json\/wp\/v2\/pages\/2585\/revisions\/2739"}],"wp:attachment":[{"href":"https:\/\/www.exurhjs.com\/ca\/wp-json\/wp\/v2\/media?parent=2585"}],"curies":[{"name":"wp","href":"https:\/\/api.w.org\/{rel}","templated":true}]}}