{"id":2504,"date":"2014-02-12T16:31:21","date_gmt":"2014-02-12T16:31:21","guid":{"rendered":"http:\/\/www.exurhjs.com\/inicio-2\/"},"modified":"2015-03-12T14:44:10","modified_gmt":"2015-03-12T14:44:10","slug":"einleitung","status":"publish","type":"page","link":"https:\/\/www.exurhjs.com\/de\/","title":{"rendered":"Einleitung"},"content":{"rendered":"<h3 class=\"title\"><span>EXPORTACIONES URGELL HJS<\/span><\/h3>\n<p>EXPORTACIONES URGELL HJS SL ist ein Familienunternehmen, das sich die Vertretung, das Marketing und die Internationalisierung von Unternehmen aus dem Lebensmittelbereich zur Aufgabe gemacht hat.<\/p>\n<p>Wir sind auf die Auswahl bester Produkte, die von Unternehmen, die wir vertreten, hergestellt werden, sowie auf die Herstellung unserer eigenen Produkte spezialisiert.<\/p>\n<p>Wir garantieren die Qualit\u00e4t unserer Produkte indem wir gemeinsam mit dem Hersteller die Auswahl-, Herstellungs- und Vermarktungsprozesse unter Ber\u00fccksichtigung folgender klarer Ziele \u00fcberpr\u00fcfen: Wie bieten die beste Qualit\u00e4t der von uns vermarkteten Produkte und das beste Preis-Leistungs-Verh\u00e4ltnis.<\/p>\n<p>All unsere Produkte sind an die verschiedensten Vermarktungskan\u00e4le gerichtet, sowohl auf nationaler als auch auf internationaler Ebene.<\/p>\n<p><a title=\"Dienstleistungen\" href=\"http:\/\/www.exurhjs.com\/de\/dienstleistungen\/\">Wir beraten Unternehmen<\/a> bei ihrer Markteinf\u00fchrung in die von uns vertretenen M\u00e4rkte.<\/p>\n<div class=\"gap\" style=\"height: 45px;\"><\/div>\n<p><img loading=\"lazy\" decoding=\"async\" class=\"alignnone  wp-image-2709\" src=\"http:\/\/www.exurhjs.com\/wp-content\/uploads\/2014\/02\/jovesempresaris-300x105.jpg\" alt=\"PIMEC jovesempresaris\" width=\"160\" height=\"56\" srcset=\"https:\/\/www.exurhjs.com\/wp-content\/uploads\/2014\/02\/jovesempresaris-300x105.jpg 300w, https:\/\/www.exurhjs.com\/wp-content\/uploads\/2014\/02\/jovesempresaris.jpg 344w\" sizes=\"auto, (max-width: 160px) 100vw, 160px\" \/><br \/>\n<span class=\"Ssociedad\">A<\/span>migos de <a title=\"Amigos de Empresa y Sociedad\" href=\"http:\/\/www.empresaysociedad.org\" target=\"_blank\"><img loading=\"lazy\" decoding=\"async\" class=\"alignnone  wp-image-2694 sociedSs\" src=\"http:\/\/www.exurhjs.com\/wp-content\/uploads\/2015\/02\/logo-empresa-y-sociedad-300x61.png\" alt=\"logo-empresa-y-sociedad\" width=\"216\" height=\"44\" \/><\/a><\/p>\n","protected":false},"excerpt":{"rendered":"<p>EXPORTACIONES URGELL HJS EXPORTACIONES URGELL HJS SL ist ein Familienunternehmen, das sich die Vertretung, das Marketing und die Internationalisierung von Unternehmen aus dem Lebensmittelbereich zur Aufgabe gemacht hat. Wir sind\u2026 <a href=\"https:\/\/www.exurhjs.com\/de\/\" class=\"read-more-link\">weiterlesen &rarr;<\/a><\/p>\n","protected":false},"author":1,"featured_media":0,"parent":0,"menu_order":0,"comment_status":"open","ping_status":"closed","template":"","meta":{"_exactmetrics_skip_tracking":false,"_exactmetrics_sitenote_active":false,"_exactmetrics_sitenote_note":"","_exactmetrics_sitenote_category":0,"footnotes":""},"class_list":["post-2504","page","type-page","status-publish","hentry"],"yoast_head":"<!-- This site is optimized with the Yoast SEO plugin v27.5 - https:\/\/yoast.com\/product\/yoast-seo-wordpress\/ -->\n<title>EXPORTACIONES URGELL HJS S.L.<\/title>\n<meta name=\"description\" content=\"Marketing und Export von Lebensmitteln. Darstellung der Nahrungsmitteldienstleistungen f\u00fcr den nationalen und internationalen Markt-Unternehmen.\" \/>\n<meta name=\"robots\" content=\"index, follow, max-snippet:-1, max-image-preview:large, max-video-preview:-1\" \/>\n<link rel=\"canonical\" href=\"https:\/\/www.exurhjs.com\/de\/\" \/>\n<meta property=\"og:locale\" content=\"de_DE\" \/>\n<meta property=\"og:type\" content=\"article\" \/>\n<meta property=\"og:title\" content=\"EXPORTACIONES URGELL HJS S.L.\" \/>\n<meta property=\"og:description\" content=\"Marketing und Export von Lebensmitteln. Darstellung der Nahrungsmitteldienstleistungen f\u00fcr den nationalen und internationalen Markt-Unternehmen.\" \/>\n<meta property=\"og:url\" content=\"https:\/\/www.exurhjs.com\/de\/\" \/>\n<meta property=\"og:site_name\" content=\"Exportaciones Urgell HJS S.L.\" \/>\n<meta property=\"article:modified_time\" content=\"2015-03-12T14:44:10+00:00\" \/>\n<meta property=\"og:image\" content=\"http:\/\/www.exurhjs.com\/wp-content\/uploads\/2014\/02\/jovesempresaris-300x105.jpg\" \/>\n<meta name=\"twitter:label1\" content=\"Gesch\u00e4tzte Lesezeit\" \/>\n\t<meta name=\"twitter:data1\" content=\"1\u00a0Minute\" \/>\n<script type=\"application\/ld+json\" class=\"yoast-schema-graph\">{\"@context\":\"https:\\\/\\\/schema.org\",\"@graph\":[{\"@type\":\"WebPage\",\"@id\":\"https:\\\/\\\/www.exurhjs.com\\\/de\\\/\",\"url\":\"https:\\\/\\\/www.exurhjs.com\\\/de\\\/\",\"name\":\"EXPORTACIONES URGELL HJS S.L.\",\"isPartOf\":{\"@id\":\"https:\\\/\\\/www.exurhjs.com\\\/#website\"},\"primaryImageOfPage\":{\"@id\":\"https:\\\/\\\/www.exurhjs.com\\\/de\\\/#primaryimage\"},\"image\":{\"@id\":\"https:\\\/\\\/www.exurhjs.com\\\/de\\\/#primaryimage\"},\"thumbnailUrl\":\"http:\\\/\\\/www.exurhjs.com\\\/wp-content\\\/uploads\\\/2014\\\/02\\\/jovesempresaris-300x105.jpg\",\"datePublished\":\"2014-02-12T16:31:21+00:00\",\"dateModified\":\"2015-03-12T14:44:10+00:00\",\"description\":\"Marketing und Export von Lebensmitteln. Darstellung der Nahrungsmitteldienstleistungen f\u00fcr den nationalen und internationalen Markt-Unternehmen.\",\"breadcrumb\":{\"@id\":\"https:\\\/\\\/www.exurhjs.com\\\/de\\\/#breadcrumb\"},\"inLanguage\":\"de\",\"potentialAction\":[{\"@type\":\"ReadAction\",\"target\":[\"https:\\\/\\\/www.exurhjs.com\\\/de\\\/\"]}]},{\"@type\":\"ImageObject\",\"inLanguage\":\"de\",\"@id\":\"https:\\\/\\\/www.exurhjs.com\\\/de\\\/#primaryimage\",\"url\":\"http:\\\/\\\/www.exurhjs.com\\\/wp-content\\\/uploads\\\/2014\\\/02\\\/jovesempresaris-300x105.jpg\",\"contentUrl\":\"http:\\\/\\\/www.exurhjs.com\\\/wp-content\\\/uploads\\\/2014\\\/02\\\/jovesempresaris-300x105.jpg\"},{\"@type\":\"BreadcrumbList\",\"@id\":\"https:\\\/\\\/www.exurhjs.com\\\/de\\\/#breadcrumb\",\"itemListElement\":[{\"@type\":\"ListItem\",\"position\":1,\"name\":\"Portada\",\"item\":\"https:\\\/\\\/www.exurhjs.com\\\/de\\\/\"},{\"@type\":\"ListItem\",\"position\":2,\"name\":\"Einleitung\"}]},{\"@type\":\"WebSite\",\"@id\":\"https:\\\/\\\/www.exurhjs.com\\\/#website\",\"url\":\"https:\\\/\\\/www.exurhjs.com\\\/\",\"name\":\"Exportaciones Urgell HJS S.L.\",\"description\":\"\",\"potentialAction\":[{\"@type\":\"SearchAction\",\"target\":{\"@type\":\"EntryPoint\",\"urlTemplate\":\"https:\\\/\\\/www.exurhjs.com\\\/?s={search_term_string}\"},\"query-input\":{\"@type\":\"PropertyValueSpecification\",\"valueRequired\":true,\"valueName\":\"search_term_string\"}}],\"inLanguage\":\"de\"}]}<\/script>\n<!-- \/ Yoast SEO plugin. -->","yoast_head_json":{"title":"EXPORTACIONES URGELL HJS S.L.","description":"Marketing und Export von Lebensmitteln. Darstellung der Nahrungsmitteldienstleistungen f\u00fcr den nationalen und internationalen Markt-Unternehmen.","robots":{"index":"index","follow":"follow","max-snippet":"max-snippet:-1","max-image-preview":"max-image-preview:large","max-video-preview":"max-video-preview:-1"},"canonical":"https:\/\/www.exurhjs.com\/de\/","og_locale":"de_DE","og_type":"article","og_title":"EXPORTACIONES URGELL HJS S.L.","og_description":"Marketing und Export von Lebensmitteln. Darstellung der Nahrungsmitteldienstleistungen f\u00fcr den nationalen und internationalen Markt-Unternehmen.","og_url":"https:\/\/www.exurhjs.com\/de\/","og_site_name":"Exportaciones Urgell HJS S.L.","article_modified_time":"2015-03-12T14:44:10+00:00","og_image":[{"url":"http:\/\/www.exurhjs.com\/wp-content\/uploads\/2014\/02\/jovesempresaris-300x105.jpg","type":"","width":"","height":""}],"twitter_misc":{"Gesch\u00e4tzte Lesezeit":"1\u00a0Minute"},"schema":{"@context":"https:\/\/schema.org","@graph":[{"@type":"WebPage","@id":"https:\/\/www.exurhjs.com\/de\/","url":"https:\/\/www.exurhjs.com\/de\/","name":"EXPORTACIONES URGELL HJS S.L.","isPartOf":{"@id":"https:\/\/www.exurhjs.com\/#website"},"primaryImageOfPage":{"@id":"https:\/\/www.exurhjs.com\/de\/#primaryimage"},"image":{"@id":"https:\/\/www.exurhjs.com\/de\/#primaryimage"},"thumbnailUrl":"http:\/\/www.exurhjs.com\/wp-content\/uploads\/2014\/02\/jovesempresaris-300x105.jpg","datePublished":"2014-02-12T16:31:21+00:00","dateModified":"2015-03-12T14:44:10+00:00","description":"Marketing und Export von Lebensmitteln. Darstellung der Nahrungsmitteldienstleistungen f\u00fcr den nationalen und internationalen Markt-Unternehmen.","breadcrumb":{"@id":"https:\/\/www.exurhjs.com\/de\/#breadcrumb"},"inLanguage":"de","potentialAction":[{"@type":"ReadAction","target":["https:\/\/www.exurhjs.com\/de\/"]}]},{"@type":"ImageObject","inLanguage":"de","@id":"https:\/\/www.exurhjs.com\/de\/#primaryimage","url":"http:\/\/www.exurhjs.com\/wp-content\/uploads\/2014\/02\/jovesempresaris-300x105.jpg","contentUrl":"http:\/\/www.exurhjs.com\/wp-content\/uploads\/2014\/02\/jovesempresaris-300x105.jpg"},{"@type":"BreadcrumbList","@id":"https:\/\/www.exurhjs.com\/de\/#breadcrumb","itemListElement":[{"@type":"ListItem","position":1,"name":"Portada","item":"https:\/\/www.exurhjs.com\/de\/"},{"@type":"ListItem","position":2,"name":"Einleitung"}]},{"@type":"WebSite","@id":"https:\/\/www.exurhjs.com\/#website","url":"https:\/\/www.exurhjs.com\/","name":"Exportaciones Urgell HJS S.L.","description":"","potentialAction":[{"@type":"SearchAction","target":{"@type":"EntryPoint","urlTemplate":"https:\/\/www.exurhjs.com\/?s={search_term_string}"},"query-input":{"@type":"PropertyValueSpecification","valueRequired":true,"valueName":"search_term_string"}}],"inLanguage":"de"}]}},"_links":{"self":[{"href":"https:\/\/www.exurhjs.com\/de\/wp-json\/wp\/v2\/pages\/2504","targetHints":{"allow":["GET"]}}],"collection":[{"href":"https:\/\/www.exurhjs.com\/de\/wp-json\/wp\/v2\/pages"}],"about":[{"href":"https:\/\/www.exurhjs.com\/de\/wp-json\/wp\/v2\/types\/page"}],"author":[{"embeddable":true,"href":"https:\/\/www.exurhjs.com\/de\/wp-json\/wp\/v2\/users\/1"}],"replies":[{"embeddable":true,"href":"https:\/\/www.exurhjs.com\/de\/wp-json\/wp\/v2\/comments?post=2504"}],"version-history":[{"count":12,"href":"https:\/\/www.exurhjs.com\/de\/wp-json\/wp\/v2\/pages\/2504\/revisions"}],"predecessor-version":[{"id":2726,"href":"https:\/\/www.exurhjs.com\/de\/wp-json\/wp\/v2\/pages\/2504\/revisions\/2726"}],"wp:attachment":[{"href":"https:\/\/www.exurhjs.com\/de\/wp-json\/wp\/v2\/media?parent=2504"}],"curies":[{"name":"wp","href":"https:\/\/api.w.org\/{rel}","templated":true}]}}