{"id":2559,"date":"2014-02-12T16:24:48","date_gmt":"2014-02-12T16:24:48","guid":{"rendered":"http:\/\/www.exurhjs.com\/quienes-somos-2\/"},"modified":"2015-03-12T15:04:34","modified_gmt":"2015-03-12T15:04:34","slug":"uber-uns-somos","status":"publish","type":"page","link":"https:\/\/www.exurhjs.com\/de\/uber-uns-somos\/","title":{"rendered":"\u00dcber uns"},"content":{"rendered":"<h2 class=\"title\"><span>\u00dcber uns<\/span><\/h2>\n<p>EXPORTACIONES URGELL HJS SL ist ein Familienunternehmen, das sich die Vertretung, das Marketing und die Internationalisierung von Unternehmen aus dem Lebensmittelbereich zur Aufgabe gemacht hat. <\/p>\n<p>Wir sind auf die Auswahl bester Produkte, die von Unternehmen, die wir vertreten, hergestellt werden, sowie auf die Herstellung unserer eigenen Produkte spezialisiert. <\/p>\n<p>Wir garantieren die Qualit\u00e4t unserer Produkte indem wir gemeinsam mit dem Hersteller die Auswahl-, Herstellungs- und Vermarktungsprozesse unter Ber\u00fccksichtigung folgender klarer Ziele \u00fcberpr\u00fcfen:   Wie bieten die beste Qualit\u00e4t der von uns vermarkteten Produkte und das beste Preis-Leistungs-Verh\u00e4ltnis. <\/p>\n<p>All unsere Produkte sind an die verschiedensten Vermarktungskan\u00e4le gerichtet, sowohl auf nationaler als auch auf internationaler Ebene.  <\/p>\n<div class=\"gap\" style=\"height: 10px;\"><\/div>\n<h2 class=\"title\"><span>Philosophie<\/span><\/h2>\n<div class=\"accordion\" rel=\"0\">\n<div class=\"accordion-title\"><a href=\"#\">Ansicht<\/a><\/div>\n<div class=\"accordion-inner\">Wir wollen auf nationaler und internationaler Ebene ein f\u00fchrendes Unternehmen in der Vertretung von Unternehmen aus dem Lebensmittelbereich sein, das europa- und weltweit pr\u00e4sent und anerkannt wird.  <\/p>\n<p>Ein Unternehmen, das seinen Kunden und den Unternehmen, die es vertritt, Alternativen zu umfassenden L\u00f6sungen mit einem Mehrwert bietet. <\/p>\n<p>Ein Unternehmen, bei dem sein intellektuelles Kapital auf Wachstum und Entwicklung gerichtete Projekte trifft, die auf organisatorischen Werten beruhen, und dabei strategische Verbindungen von Gesch\u00e4ftsbeziehungen ausbauen, um \u00fcber eine Bandbreite an Produktportfolios zu verf\u00fcgen und sich den k\u00fcnftigen Tendenzen von Handelsketten, Einkaufszentren, Superm\u00e4rkten, Lieferanten, Cash &#038; Carry, Horeca und Gemeinschaften anpassen zu k\u00f6nnen.<\/p><\/div>\n<div class=\"accordion-title\"><a href=\"#\">Aufgabe<\/a><\/div>\n<div class=\"accordion-inner\">Wir m\u00f6chten unseren Kunden auf nationaler und internationaler Ebene einen renommierten und hochqualitativen Rundum-Service in der Unternehmensberatung und -vertretung bieten. Als eine Art F\u00f6rderer erm\u00f6glichen wir es ihnen, einen Mehrwert f\u00fcr ihre eigenen Kunden darzustellen.  Dabei bem\u00fchen wir uns stets: <\/p>\n<ul>\n<li>Ma\u00dfgeschneiderte L\u00f6sungen f\u00fcr Kunden und Unternehmen anzubieten;<\/li>\n<li>Die Erfahrung unserer Fachkr\u00e4fte, mit denen wir zusammenarbeiten, weiterzuleiten;<\/li>\n<li>Die Kontaktnetze des Unternehmens zu kapitalisieren, die zu einem gegenseitigen und nachhaltigen Wachstum f\u00fchren;<\/li>\n<\/ul>\n<p>Innerhalb eines ethischen Rahmens die Treue des Kunden und des Unternehmens zu gewinnen.<\/p><\/div>\n<div class=\"accordion-title\"><a href=\"#\">Ziele<\/a><\/div>\n<div class=\"accordion-inner\">\n<ul>\n<li>Erweiterung des Kundenstamms.<\/li>\n<li>Erweiterung des angebotenen Produktportfolios und gleichzeitig der vertretenen Fabriken.<\/li>\n<li>Wachstum von EXUR auf den internationalen Markt gerichtet.<\/li>\n<li>St\u00e4rkung des Corporate Image.<\/li>\n<li>St\u00e4rkung strategischer Verbindungen.<\/li>\n<li>Erstellung einer Kosten-Nutzen-Analyse der Investitionen.<\/li>\n<li>Neuen Importeuren der eigenen und vertretenen Marken Beratungen anbieten.<\/li>\n<li>Eigene und vertretene Marken auf dem internationalen Markt platzieren. <\/li>\n<\/ul>\n<\/div>\n<\/div>\n<div class=\"gap\" style=\"height: 20px;\"><\/div>\n<h2 class=\"title\"><span>Zusammenarbeit mit<\/span><\/h2>\n<p><a href=\"http:\/\/canceryvida.es\/\" target=\"_blank\" rel=\"nofollow\"><img loading=\"lazy\" decoding=\"async\" class=\"alignnone wp-image-2718 \" title=\"colaboramos con Fundaci\u00f3n C\u00e1ncer y VIda\" src=\"http:\/\/www.exurhjs.com\/wp-content\/uploads\/2014\/02\/LOGO-CANCER-Y-VIDA1.jpg\" alt=\"colaboramos con Fundaci\u00f3n C\u00e1ncer y VIda\" width=\"146\" height=\"144\" srcset=\"https:\/\/www.exurhjs.com\/wp-content\/uploads\/2014\/02\/LOGO-CANCER-Y-VIDA1.jpg 200w, https:\/\/www.exurhjs.com\/wp-content\/uploads\/2014\/02\/LOGO-CANCER-Y-VIDA1-60x60.jpg 60w\" sizes=\"auto, (max-width: 146px) 100vw, 146px\" \/><\/a><\/p>\n","protected":false},"excerpt":{"rendered":"<p>\u00dcber uns EXPORTACIONES URGELL HJS SL ist ein Familienunternehmen, das sich die Vertretung, das Marketing und die Internationalisierung von Unternehmen aus dem Lebensmittelbereich zur Aufgabe gemacht hat. Wir sind auf\u2026 <a href=\"https:\/\/www.exurhjs.com\/de\/uber-uns-somos\/\" class=\"read-more-link\">weiterlesen &rarr;<\/a><\/p>\n","protected":false},"author":1,"featured_media":0,"parent":0,"menu_order":0,"comment_status":"open","ping_status":"open","template":"","meta":{"_exactmetrics_skip_tracking":false,"_exactmetrics_sitenote_active":false,"_exactmetrics_sitenote_note":"","_exactmetrics_sitenote_category":0,"footnotes":""},"class_list":["post-2559","page","type-page","status-publish","hentry"],"yoast_head":"<!-- This site is optimized with the Yoast SEO plugin v27.5 - https:\/\/yoast.com\/product\/yoast-seo-wordpress\/ -->\n<title>\u00dcber uns &#8211; Exportaciones Urgell HJS S.L.<\/title>\n<meta name=\"robots\" content=\"index, follow, max-snippet:-1, max-image-preview:large, max-video-preview:-1\" \/>\n<link rel=\"canonical\" href=\"https:\/\/www.exurhjs.com\/de\/uber-uns-somos\/\" \/>\n<meta property=\"og:locale\" content=\"de_DE\" \/>\n<meta property=\"og:type\" content=\"article\" \/>\n<meta property=\"og:title\" content=\"\u00dcber uns &#8211; Exportaciones Urgell HJS S.L.\" \/>\n<meta property=\"og:description\" content=\"\u00dcber uns EXPORTACIONES URGELL HJS SL ist ein Familienunternehmen, das sich die Vertretung, das Marketing und die Internationalisierung von Unternehmen aus dem Lebensmittelbereich zur Aufgabe gemacht hat. Wir sind auf\u2026 weiterlesen &rarr;\" \/>\n<meta property=\"og:url\" content=\"https:\/\/www.exurhjs.com\/de\/uber-uns-somos\/\" \/>\n<meta property=\"og:site_name\" content=\"Exportaciones Urgell HJS S.L.\" \/>\n<meta property=\"article:modified_time\" content=\"2015-03-12T15:04:34+00:00\" \/>\n<meta property=\"og:image\" content=\"http:\/\/www.exurhjs.com\/wp-content\/uploads\/2014\/02\/LOGO-CANCER-Y-VIDA1.jpg\" \/>\n<meta name=\"twitter:label1\" content=\"Gesch\u00e4tzte Lesezeit\" \/>\n\t<meta name=\"twitter:data1\" content=\"2\u00a0Minuten\" \/>\n<script type=\"application\/ld+json\" class=\"yoast-schema-graph\">{\"@context\":\"https:\\\/\\\/schema.org\",\"@graph\":[{\"@type\":\"WebPage\",\"@id\":\"https:\\\/\\\/www.exurhjs.com\\\/de\\\/uber-uns-somos\\\/\",\"url\":\"https:\\\/\\\/www.exurhjs.com\\\/de\\\/uber-uns-somos\\\/\",\"name\":\"\u00dcber uns &#8211; Exportaciones Urgell HJS S.L.\",\"isPartOf\":{\"@id\":\"https:\\\/\\\/www.exurhjs.com\\\/#website\"},\"primaryImageOfPage\":{\"@id\":\"https:\\\/\\\/www.exurhjs.com\\\/de\\\/uber-uns-somos\\\/#primaryimage\"},\"image\":{\"@id\":\"https:\\\/\\\/www.exurhjs.com\\\/de\\\/uber-uns-somos\\\/#primaryimage\"},\"thumbnailUrl\":\"http:\\\/\\\/www.exurhjs.com\\\/wp-content\\\/uploads\\\/2014\\\/02\\\/LOGO-CANCER-Y-VIDA1.jpg\",\"datePublished\":\"2014-02-12T16:24:48+00:00\",\"dateModified\":\"2015-03-12T15:04:34+00:00\",\"breadcrumb\":{\"@id\":\"https:\\\/\\\/www.exurhjs.com\\\/de\\\/uber-uns-somos\\\/#breadcrumb\"},\"inLanguage\":\"de\",\"potentialAction\":[{\"@type\":\"ReadAction\",\"target\":[\"https:\\\/\\\/www.exurhjs.com\\\/de\\\/uber-uns-somos\\\/\"]}]},{\"@type\":\"ImageObject\",\"inLanguage\":\"de\",\"@id\":\"https:\\\/\\\/www.exurhjs.com\\\/de\\\/uber-uns-somos\\\/#primaryimage\",\"url\":\"http:\\\/\\\/www.exurhjs.com\\\/wp-content\\\/uploads\\\/2014\\\/02\\\/LOGO-CANCER-Y-VIDA1.jpg\",\"contentUrl\":\"http:\\\/\\\/www.exurhjs.com\\\/wp-content\\\/uploads\\\/2014\\\/02\\\/LOGO-CANCER-Y-VIDA1.jpg\"},{\"@type\":\"BreadcrumbList\",\"@id\":\"https:\\\/\\\/www.exurhjs.com\\\/de\\\/uber-uns-somos\\\/#breadcrumb\",\"itemListElement\":[{\"@type\":\"ListItem\",\"position\":1,\"name\":\"Portada\",\"item\":\"https:\\\/\\\/www.exurhjs.com\\\/de\\\/\"},{\"@type\":\"ListItem\",\"position\":2,\"name\":\"\u00dcber uns\"}]},{\"@type\":\"WebSite\",\"@id\":\"https:\\\/\\\/www.exurhjs.com\\\/#website\",\"url\":\"https:\\\/\\\/www.exurhjs.com\\\/\",\"name\":\"Exportaciones Urgell HJS S.L.\",\"description\":\"\",\"potentialAction\":[{\"@type\":\"SearchAction\",\"target\":{\"@type\":\"EntryPoint\",\"urlTemplate\":\"https:\\\/\\\/www.exurhjs.com\\\/?s={search_term_string}\"},\"query-input\":{\"@type\":\"PropertyValueSpecification\",\"valueRequired\":true,\"valueName\":\"search_term_string\"}}],\"inLanguage\":\"de\"}]}<\/script>\n<!-- \/ Yoast SEO plugin. -->","yoast_head_json":{"title":"\u00dcber uns &#8211; Exportaciones Urgell HJS S.L.","robots":{"index":"index","follow":"follow","max-snippet":"max-snippet:-1","max-image-preview":"max-image-preview:large","max-video-preview":"max-video-preview:-1"},"canonical":"https:\/\/www.exurhjs.com\/de\/uber-uns-somos\/","og_locale":"de_DE","og_type":"article","og_title":"\u00dcber uns &#8211; Exportaciones Urgell HJS S.L.","og_description":"\u00dcber uns EXPORTACIONES URGELL HJS SL ist ein Familienunternehmen, das sich die Vertretung, das Marketing und die Internationalisierung von Unternehmen aus dem Lebensmittelbereich zur Aufgabe gemacht hat. Wir sind auf\u2026 weiterlesen &rarr;","og_url":"https:\/\/www.exurhjs.com\/de\/uber-uns-somos\/","og_site_name":"Exportaciones Urgell HJS S.L.","article_modified_time":"2015-03-12T15:04:34+00:00","og_image":[{"url":"http:\/\/www.exurhjs.com\/wp-content\/uploads\/2014\/02\/LOGO-CANCER-Y-VIDA1.jpg","type":"","width":"","height":""}],"twitter_misc":{"Gesch\u00e4tzte Lesezeit":"2\u00a0Minuten"},"schema":{"@context":"https:\/\/schema.org","@graph":[{"@type":"WebPage","@id":"https:\/\/www.exurhjs.com\/de\/uber-uns-somos\/","url":"https:\/\/www.exurhjs.com\/de\/uber-uns-somos\/","name":"\u00dcber uns &#8211; Exportaciones Urgell HJS S.L.","isPartOf":{"@id":"https:\/\/www.exurhjs.com\/#website"},"primaryImageOfPage":{"@id":"https:\/\/www.exurhjs.com\/de\/uber-uns-somos\/#primaryimage"},"image":{"@id":"https:\/\/www.exurhjs.com\/de\/uber-uns-somos\/#primaryimage"},"thumbnailUrl":"http:\/\/www.exurhjs.com\/wp-content\/uploads\/2014\/02\/LOGO-CANCER-Y-VIDA1.jpg","datePublished":"2014-02-12T16:24:48+00:00","dateModified":"2015-03-12T15:04:34+00:00","breadcrumb":{"@id":"https:\/\/www.exurhjs.com\/de\/uber-uns-somos\/#breadcrumb"},"inLanguage":"de","potentialAction":[{"@type":"ReadAction","target":["https:\/\/www.exurhjs.com\/de\/uber-uns-somos\/"]}]},{"@type":"ImageObject","inLanguage":"de","@id":"https:\/\/www.exurhjs.com\/de\/uber-uns-somos\/#primaryimage","url":"http:\/\/www.exurhjs.com\/wp-content\/uploads\/2014\/02\/LOGO-CANCER-Y-VIDA1.jpg","contentUrl":"http:\/\/www.exurhjs.com\/wp-content\/uploads\/2014\/02\/LOGO-CANCER-Y-VIDA1.jpg"},{"@type":"BreadcrumbList","@id":"https:\/\/www.exurhjs.com\/de\/uber-uns-somos\/#breadcrumb","itemListElement":[{"@type":"ListItem","position":1,"name":"Portada","item":"https:\/\/www.exurhjs.com\/de\/"},{"@type":"ListItem","position":2,"name":"\u00dcber uns"}]},{"@type":"WebSite","@id":"https:\/\/www.exurhjs.com\/#website","url":"https:\/\/www.exurhjs.com\/","name":"Exportaciones Urgell HJS S.L.","description":"","potentialAction":[{"@type":"SearchAction","target":{"@type":"EntryPoint","urlTemplate":"https:\/\/www.exurhjs.com\/?s={search_term_string}"},"query-input":{"@type":"PropertyValueSpecification","valueRequired":true,"valueName":"search_term_string"}}],"inLanguage":"de"}]}},"_links":{"self":[{"href":"https:\/\/www.exurhjs.com\/de\/wp-json\/wp\/v2\/pages\/2559","targetHints":{"allow":["GET"]}}],"collection":[{"href":"https:\/\/www.exurhjs.com\/de\/wp-json\/wp\/v2\/pages"}],"about":[{"href":"https:\/\/www.exurhjs.com\/de\/wp-json\/wp\/v2\/types\/page"}],"author":[{"embeddable":true,"href":"https:\/\/www.exurhjs.com\/de\/wp-json\/wp\/v2\/users\/1"}],"replies":[{"embeddable":true,"href":"https:\/\/www.exurhjs.com\/de\/wp-json\/wp\/v2\/comments?post=2559"}],"version-history":[{"count":4,"href":"https:\/\/www.exurhjs.com\/de\/wp-json\/wp\/v2\/pages\/2559\/revisions"}],"predecessor-version":[{"id":2732,"href":"https:\/\/www.exurhjs.com\/de\/wp-json\/wp\/v2\/pages\/2559\/revisions\/2732"}],"wp:attachment":[{"href":"https:\/\/www.exurhjs.com\/de\/wp-json\/wp\/v2\/media?parent=2559"}],"curies":[{"name":"wp","href":"https:\/\/api.w.org\/{rel}","templated":true}]}}