{"id":2572,"date":"2014-02-12T17:32:43","date_gmt":"2014-02-12T17:32:43","guid":{"rendered":"http:\/\/www.exurhjs.com\/servicios-2\/"},"modified":"2014-12-08T08:04:43","modified_gmt":"2014-12-08T08:04:43","slug":"dienstleistungen","status":"publish","type":"page","link":"https:\/\/www.exurhjs.com\/de\/dienstleistungen\/","title":{"rendered":"Dienstleistungen"},"content":{"rendered":"<div class=\"section section-parallax\" style=\"background-color: #ffffff; border: 0px solid #ececec; padding: 20px 0; background-image: url(IMAGEURL);\">\n<div class=\"container clearfix\">\n<div class=\"sixteen columns\">\n<div class=\"three_fourth\">\n<h2 class=\"title\"><span>Dienstleistungen<\/span><\/h2>\n<div class=\"description clearfix style-1\">\nEXUR HJS SL ist als Vertreter von Unternehmen aus dem Lebensmittelbereich im nationalen sowie internationalen Markt t\u00e4tig. Das Unternehmen deckt und unterst\u00fctzt den Gesamtablauf der Vermarktung und des Exports von Lebensmitteln. <\/p>\n<p>Wir vertreten renommierte Unternehmen und liefern stets einen qualitativ hochwertigen Service.  <\/p>\n<p>Wir bringen unsere eigenen Produkte auf den Markt, die wir in verschiedenen Ursprungsbezeichnungen unseres Landes erzeugen. <\/p>\n<p>Wir beraten Unternehmen bei ihrer Markteinf\u00fchrung in die von uns vertretenen M\u00e4rkte. <\/p>\n<\/div>\n<h2 class=\"title\"><span>Beratung<\/span><\/h2>\n<div class=\"description clearfix style-1\">\n<p>Wir sind auf die Unterst\u00fctzung von Unternehmen bei ihrem Internationalisierungsprozessspezialisiert, d.h. wir begleiten sie auf den ersten Schritten in ihre Exportt\u00e4tigkeit und helfen ihnen auf diese Weise ihre Unsicherheit  zu verringern.<\/p>\n<p>Wir helfen Ihnen dabei folgende Fragen zu beantworten:<br \/>\nKann ich Exporte durchf\u00fchren?  Wird mein Produkt exportiert?<br \/>\nGibt es Hilfen von \u00c4mtern oder Beh\u00f6rden, die mir n\u00fctzlich sein k\u00f6nnten?  <\/p>\n<p>Wir von EXUR k\u00f6nnen Ihnen bei folgenden Aufgaben behilflich sein:<\/p>\n<ul>\n<li>Voranalyse: Erste Diagnose des Exportpotentials Ihres Unternehmens und Ihrer Produkte. <\/li>\n<li>Planung, Entwicklung und Umsetzung Ihres Internationalisierungsplans. <\/li>\n<li>Verkaufskan\u00e4le.  Auswahl.<\/li>\n<li>Identifizierung der Kunden in den neuen M\u00e4rkten.<\/li>\n<li>Vermarktung Ihrer Produkte. Logistik. Werbung. <\/li>\n<li>Betreuung und Unterst\u00fctzung. <\/li>\n<li>Exportgemeinschaften:  Durch den Export mit anderen Unternehmen Kosten einsparen. <\/li>\n<\/ul>\n<\/div>\n<\/div>\n<div class=\"one_fourth last\">\n\n\t\t\t<!-- START vinos REVOLUTION SLIDER 6.6.18 --><p class=\"rs-p-wp-fix\"><\/p>\n\t\t\t<rs-module-wrap id=\"rev_slider_6_1_wrapper\" data-source=\"gallery\" style=\"visibility:hidden;background:#ffffff;padding:0;margin:0px auto;margin-top:0;margin-bottom:0;\">\n\t\t\t\t<rs-module id=\"rev_slider_6_1\" style=\"\" data-version=\"6.6.18\">\n\t\t\t\t\t<rs-slides style=\"overflow: hidden; position: absolute;\">\n\t\t\t\t\t\t<rs-slide style=\"position: absolute;\" data-key=\"rs-40\" data-title=\"Slide\" data-anim=\"ms:300;\" data-in=\"o:1;x:100%;\">\n\t\t\t\t\t\t\t<img decoding=\"async\" src=\"\/\/www.exurhjs.com\/wp-content\/plugins\/revslider\/public\/assets\/assets\/dummy.png\" alt=\"\" title=\"Dienstleistungen\" class=\"rev-slidebg tp-rs-img rs-lazyload\" data-lazyload=\"\/\/www.exurhjs.com\/wp-content\/uploads\/revslider\/banner-chicoa\/BELTXENEA-JOVEN.jpg\" data-bg=\"f:contain;\" data-no-retina>\n<!---->\t\t\t\t\t\t<\/rs-slide>\n\t\t\t\t\t\t<rs-slide style=\"position: absolute;\" data-key=\"rs-41\" data-title=\"Slide\" data-anim=\"ms:300;\" data-in=\"x:100%;\">\n\t\t\t\t\t\t\t<img decoding=\"async\" src=\"\/\/www.exurhjs.com\/wp-content\/plugins\/revslider\/public\/assets\/assets\/dummy.png\" alt=\"\" title=\"Dienstleistungen\" class=\"rev-slidebg tp-rs-img rs-lazyload\" data-lazyload=\"\/\/www.exurhjs.com\/wp-content\/uploads\/revslider\/banner-chicoa\/rioja.edurne-crianza2011.jpg\" data-bg=\"f:contain;\" data-no-retina>\n<!---->\t\t\t\t\t\t<\/rs-slide>\n\t\t\t\t\t\t<rs-slide style=\"position: absolute;\" data-key=\"rs-42\" data-title=\"Slide\" data-anim=\"ms:300;\" data-in=\"x:100%;\">\n\t\t\t\t\t\t\t<img decoding=\"async\" src=\"\/\/www.exurhjs.com\/wp-content\/plugins\/revslider\/public\/assets\/assets\/dummy.png\" alt=\"\" title=\"Dienstleistungen\" class=\"rev-slidebg tp-rs-img rs-lazyload\" data-lazyload=\"\/\/www.exurhjs.com\/wp-content\/uploads\/revslider\/banner-chicoa\/Vi-a-Edurne-Reserva-2010.jpg\" data-bg=\"f:contain;\" data-no-retina>\n<!---->\t\t\t\t\t\t<\/rs-slide>\n\t\t\t\t\t\t<rs-slide style=\"position: absolute;\" data-key=\"rs-43\" data-title=\"Slide\" data-anim=\"ms:300;\" data-in=\"x:100%;\">\n\t\t\t\t\t\t\t<img decoding=\"async\" src=\"\/\/www.exurhjs.com\/wp-content\/plugins\/revslider\/public\/assets\/assets\/dummy.png\" alt=\"\" title=\"Dienstleistungen\" class=\"rev-slidebg tp-rs-img rs-lazyload\" data-lazyload=\"\/\/www.exurhjs.com\/wp-content\/uploads\/revslider\/banner-chicoa\/Vi-a-Edurne-Tinto-2.jpg\" data-bg=\"f:contain;\" data-no-retina>\n<!---->\t\t\t\t\t\t<\/rs-slide>\n\t\t\t\t\t\t<rs-slide style=\"position: absolute;\" data-key=\"rs-44\" data-title=\"Slide\" data-anim=\"ms:300;\" data-in=\"x:100%;\">\n\t\t\t\t\t\t\t<img decoding=\"async\" src=\"\/\/www.exurhjs.com\/wp-content\/plugins\/revslider\/public\/assets\/assets\/dummy.png\" alt=\"\" title=\"Dienstleistungen\" class=\"rev-slidebg tp-rs-img rs-lazyload\" data-lazyload=\"\/\/www.exurhjs.com\/wp-content\/uploads\/revslider\/banner-chicoa\/chicoa-rioja-crianza.jpg\" data-bg=\"f:contain;\" data-no-retina>\n<!---->\t\t\t\t\t\t<\/rs-slide>\n\t\t\t\t\t\t<rs-slide style=\"position: absolute;\" data-key=\"rs-45\" data-title=\"Slide\" data-anim=\"ms:300;\" data-in=\"x:100%;\">\n\t\t\t\t\t\t\t<img decoding=\"async\" src=\"\/\/www.exurhjs.com\/wp-content\/plugins\/revslider\/public\/assets\/assets\/dummy.png\" alt=\"\" title=\"Dienstleistungen\" class=\"rev-slidebg tp-rs-img rs-lazyload\" data-lazyload=\"\/\/www.exurhjs.com\/wp-content\/uploads\/revslider\/banner-chicoa\/chicoa-rioja-beltxenea-r19991.jpg\" data-bg=\"f:contain;\" data-no-retina>\n<!---->\t\t\t\t\t\t<\/rs-slide>\n\t\t\t\t\t\t<rs-slide style=\"position: absolute;\" data-key=\"rs-46\" data-title=\"Slide\" data-anim=\"ms:300;\" data-in=\"x:100%;\">\n\t\t\t\t\t\t\t<img decoding=\"async\" src=\"\/\/www.exurhjs.com\/wp-content\/plugins\/revslider\/public\/assets\/assets\/dummy.png\" alt=\"\" title=\"Dienstleistungen\" class=\"rev-slidebg tp-rs-img rs-lazyload\" data-lazyload=\"\/\/www.exurhjs.com\/wp-content\/uploads\/revslider\/banner-chicoa\/chicoa-rioja-joven.jpg\" data-bg=\"f:contain;\" data-no-retina>\n<!---->\t\t\t\t\t\t<\/rs-slide>\n\t\t\t\t\t\t<rs-slide style=\"position: absolute;\" data-key=\"rs-47\" data-title=\"Slide\" data-anim=\"ms:300;\" data-in=\"x:100%;\">\n\t\t\t\t\t\t\t<img decoding=\"async\" src=\"\/\/www.exurhjs.com\/wp-content\/plugins\/revslider\/public\/assets\/assets\/dummy.png\" alt=\"\" title=\"Dienstleistungen\" class=\"rev-slidebg tp-rs-img rs-lazyload\" data-lazyload=\"\/\/www.exurhjs.com\/wp-content\/uploads\/revslider\/banner-chicoa\/BELTXENEA-CRZA.jpg\" data-bg=\"f:contain;\" data-no-retina>\n<!---->\t\t\t\t\t\t<\/rs-slide>\n\t\t\t\t\t\t<rs-slide style=\"position: absolute;\" data-key=\"rs-48\" data-title=\"Slide\" data-anim=\"ms:300;\" data-in=\"x:100%;\">\n\t\t\t\t\t\t\t<img decoding=\"async\" src=\"\/\/www.exurhjs.com\/wp-content\/plugins\/revslider\/public\/assets\/assets\/dummy.png\" alt=\"\" title=\"Dienstleistungen\" class=\"rev-slidebg tp-rs-img rs-lazyload\" data-lazyload=\"\/\/www.exurhjs.com\/wp-content\/uploads\/revslider\/banner-chicoa\/chicoa-rioja-reserva.jpg\" data-bg=\"f:contain;\" data-no-retina>\n<!---->\t\t\t\t\t\t<\/rs-slide>\n\t\t\t\t\t<\/rs-slides>\n\t\t\t\t<\/rs-module>\n\t\t\t\t<script>\n\t\t\t\t\tsetREVStartSize({c: 'rev_slider_6_1',rl:[1240,1024,778,480],el:[335],gw:[190],gh:[335],type:'standard',justify:'',layout:'fullwidth',mh:\"335\"});if (window.RS_MODULES!==undefined && window.RS_MODULES.modules!==undefined && window.RS_MODULES.modules[\"revslider61\"]!==undefined) {window.RS_MODULES.modules[\"revslider61\"].once = false;window.revapi6 = undefined;if (window.RS_MODULES.checkMinimal!==undefined) window.RS_MODULES.checkMinimal()}\n\t\t\t\t<\/script>\n\t\t\t<\/rs-module-wrap>\n\t\t\t<!-- END REVOLUTION SLIDER -->\n\n<p>&nbsp;<\/p>\n<p><span class=\"responsive\"><a href=\"http:\/\/wineinmoderation.eu\" target=\"_blank\"><img loading=\"lazy\" decoding=\"async\" class=\"aligncenter wp-image-2376\" src=\"http:\/\/www.exurhjs.com\/wp-content\/uploads\/2014\/02\/winelogo-1024x220.jpg\" alt=\"winelogo\" width=\"214\" height=\"46\" srcset=\"https:\/\/www.exurhjs.com\/wp-content\/uploads\/2014\/02\/winelogo-1024x220.jpg 1024w, https:\/\/www.exurhjs.com\/wp-content\/uploads\/2014\/02\/winelogo-300x64.jpg 300w, https:\/\/www.exurhjs.com\/wp-content\/uploads\/2014\/02\/winelogo.jpg 1772w\" sizes=\"auto, (max-width: 214px) 100vw, 214px\" \/><\/a><\/span><\/div>\n<div class=\"clear\"><\/div>\n<\/div>\n<\/div>\n<\/div>\n","protected":false},"excerpt":{"rendered":"<p>Dienstleistungen EXUR HJS SL ist als Vertreter von Unternehmen aus dem Lebensmittelbereich im nationalen sowie internationalen Markt t\u00e4tig. Das Unternehmen deckt und unterst\u00fctzt den Gesamtablauf der Vermarktung und des Exports\u2026 <a href=\"https:\/\/www.exurhjs.com\/de\/dienstleistungen\/\" class=\"read-more-link\">weiterlesen &rarr;<\/a><\/p>\n","protected":false},"author":1,"featured_media":0,"parent":0,"menu_order":0,"comment_status":"open","ping_status":"open","template":"page-fullwidth.php","meta":{"_exactmetrics_skip_tracking":false,"_exactmetrics_sitenote_active":false,"_exactmetrics_sitenote_note":"","_exactmetrics_sitenote_category":0,"footnotes":""},"class_list":["post-2572","page","type-page","status-publish","hentry"],"yoast_head":"<!-- This site is optimized with the Yoast SEO plugin v27.5 - https:\/\/yoast.com\/product\/yoast-seo-wordpress\/ -->\n<title>Dienstleistungen &#8211; Exportaciones Urgell HJS S.L.<\/title>\n<meta name=\"robots\" content=\"index, follow, max-snippet:-1, max-image-preview:large, max-video-preview:-1\" \/>\n<link rel=\"canonical\" href=\"https:\/\/www.exurhjs.com\/de\/dienstleistungen\/\" \/>\n<meta property=\"og:locale\" content=\"de_DE\" \/>\n<meta property=\"og:type\" content=\"article\" \/>\n<meta property=\"og:title\" content=\"Dienstleistungen &#8211; Exportaciones Urgell HJS S.L.\" \/>\n<meta property=\"og:description\" content=\"Dienstleistungen EXUR HJS SL ist als Vertreter von Unternehmen aus dem Lebensmittelbereich im nationalen sowie internationalen Markt t\u00e4tig. Das Unternehmen deckt und unterst\u00fctzt den Gesamtablauf der Vermarktung und des Exports\u2026 weiterlesen &rarr;\" \/>\n<meta property=\"og:url\" content=\"https:\/\/www.exurhjs.com\/de\/dienstleistungen\/\" \/>\n<meta property=\"og:site_name\" content=\"Exportaciones Urgell HJS S.L.\" \/>\n<meta property=\"article:modified_time\" content=\"2014-12-08T08:04:43+00:00\" \/>\n<meta property=\"og:image\" content=\"http:\/\/www.exurhjs.com\/wp-content\/uploads\/2014\/02\/winelogo-1024x220.jpg\" \/>\n<meta name=\"twitter:label1\" content=\"Gesch\u00e4tzte Lesezeit\" \/>\n\t<meta name=\"twitter:data1\" content=\"1\u00a0Minute\" \/>\n<script type=\"application\/ld+json\" class=\"yoast-schema-graph\">{\"@context\":\"https:\\\/\\\/schema.org\",\"@graph\":[{\"@type\":\"WebPage\",\"@id\":\"https:\\\/\\\/www.exurhjs.com\\\/de\\\/dienstleistungen\\\/\",\"url\":\"https:\\\/\\\/www.exurhjs.com\\\/de\\\/dienstleistungen\\\/\",\"name\":\"Dienstleistungen &#8211; Exportaciones Urgell HJS S.L.\",\"isPartOf\":{\"@id\":\"https:\\\/\\\/www.exurhjs.com\\\/#website\"},\"primaryImageOfPage\":{\"@id\":\"https:\\\/\\\/www.exurhjs.com\\\/de\\\/dienstleistungen\\\/#primaryimage\"},\"image\":{\"@id\":\"https:\\\/\\\/www.exurhjs.com\\\/de\\\/dienstleistungen\\\/#primaryimage\"},\"thumbnailUrl\":\"http:\\\/\\\/www.exurhjs.com\\\/wp-content\\\/uploads\\\/2014\\\/02\\\/winelogo-1024x220.jpg\",\"datePublished\":\"2014-02-12T17:32:43+00:00\",\"dateModified\":\"2014-12-08T08:04:43+00:00\",\"breadcrumb\":{\"@id\":\"https:\\\/\\\/www.exurhjs.com\\\/de\\\/dienstleistungen\\\/#breadcrumb\"},\"inLanguage\":\"de\",\"potentialAction\":[{\"@type\":\"ReadAction\",\"target\":[\"https:\\\/\\\/www.exurhjs.com\\\/de\\\/dienstleistungen\\\/\"]}]},{\"@type\":\"ImageObject\",\"inLanguage\":\"de\",\"@id\":\"https:\\\/\\\/www.exurhjs.com\\\/de\\\/dienstleistungen\\\/#primaryimage\",\"url\":\"http:\\\/\\\/www.exurhjs.com\\\/wp-content\\\/uploads\\\/2014\\\/02\\\/winelogo-1024x220.jpg\",\"contentUrl\":\"http:\\\/\\\/www.exurhjs.com\\\/wp-content\\\/uploads\\\/2014\\\/02\\\/winelogo-1024x220.jpg\"},{\"@type\":\"BreadcrumbList\",\"@id\":\"https:\\\/\\\/www.exurhjs.com\\\/de\\\/dienstleistungen\\\/#breadcrumb\",\"itemListElement\":[{\"@type\":\"ListItem\",\"position\":1,\"name\":\"Portada\",\"item\":\"https:\\\/\\\/www.exurhjs.com\\\/de\\\/\"},{\"@type\":\"ListItem\",\"position\":2,\"name\":\"Dienstleistungen\"}]},{\"@type\":\"WebSite\",\"@id\":\"https:\\\/\\\/www.exurhjs.com\\\/#website\",\"url\":\"https:\\\/\\\/www.exurhjs.com\\\/\",\"name\":\"Exportaciones Urgell HJS S.L.\",\"description\":\"\",\"potentialAction\":[{\"@type\":\"SearchAction\",\"target\":{\"@type\":\"EntryPoint\",\"urlTemplate\":\"https:\\\/\\\/www.exurhjs.com\\\/?s={search_term_string}\"},\"query-input\":{\"@type\":\"PropertyValueSpecification\",\"valueRequired\":true,\"valueName\":\"search_term_string\"}}],\"inLanguage\":\"de\"}]}<\/script>\n<!-- \/ Yoast SEO plugin. -->","yoast_head_json":{"title":"Dienstleistungen &#8211; Exportaciones Urgell HJS S.L.","robots":{"index":"index","follow":"follow","max-snippet":"max-snippet:-1","max-image-preview":"max-image-preview:large","max-video-preview":"max-video-preview:-1"},"canonical":"https:\/\/www.exurhjs.com\/de\/dienstleistungen\/","og_locale":"de_DE","og_type":"article","og_title":"Dienstleistungen &#8211; Exportaciones Urgell HJS S.L.","og_description":"Dienstleistungen EXUR HJS SL ist als Vertreter von Unternehmen aus dem Lebensmittelbereich im nationalen sowie internationalen Markt t\u00e4tig. Das Unternehmen deckt und unterst\u00fctzt den Gesamtablauf der Vermarktung und des Exports\u2026 weiterlesen &rarr;","og_url":"https:\/\/www.exurhjs.com\/de\/dienstleistungen\/","og_site_name":"Exportaciones Urgell HJS S.L.","article_modified_time":"2014-12-08T08:04:43+00:00","og_image":[{"url":"http:\/\/www.exurhjs.com\/wp-content\/uploads\/2014\/02\/winelogo-1024x220.jpg","type":"","width":"","height":""}],"twitter_misc":{"Gesch\u00e4tzte Lesezeit":"1\u00a0Minute"},"schema":{"@context":"https:\/\/schema.org","@graph":[{"@type":"WebPage","@id":"https:\/\/www.exurhjs.com\/de\/dienstleistungen\/","url":"https:\/\/www.exurhjs.com\/de\/dienstleistungen\/","name":"Dienstleistungen &#8211; Exportaciones Urgell HJS S.L.","isPartOf":{"@id":"https:\/\/www.exurhjs.com\/#website"},"primaryImageOfPage":{"@id":"https:\/\/www.exurhjs.com\/de\/dienstleistungen\/#primaryimage"},"image":{"@id":"https:\/\/www.exurhjs.com\/de\/dienstleistungen\/#primaryimage"},"thumbnailUrl":"http:\/\/www.exurhjs.com\/wp-content\/uploads\/2014\/02\/winelogo-1024x220.jpg","datePublished":"2014-02-12T17:32:43+00:00","dateModified":"2014-12-08T08:04:43+00:00","breadcrumb":{"@id":"https:\/\/www.exurhjs.com\/de\/dienstleistungen\/#breadcrumb"},"inLanguage":"de","potentialAction":[{"@type":"ReadAction","target":["https:\/\/www.exurhjs.com\/de\/dienstleistungen\/"]}]},{"@type":"ImageObject","inLanguage":"de","@id":"https:\/\/www.exurhjs.com\/de\/dienstleistungen\/#primaryimage","url":"http:\/\/www.exurhjs.com\/wp-content\/uploads\/2014\/02\/winelogo-1024x220.jpg","contentUrl":"http:\/\/www.exurhjs.com\/wp-content\/uploads\/2014\/02\/winelogo-1024x220.jpg"},{"@type":"BreadcrumbList","@id":"https:\/\/www.exurhjs.com\/de\/dienstleistungen\/#breadcrumb","itemListElement":[{"@type":"ListItem","position":1,"name":"Portada","item":"https:\/\/www.exurhjs.com\/de\/"},{"@type":"ListItem","position":2,"name":"Dienstleistungen"}]},{"@type":"WebSite","@id":"https:\/\/www.exurhjs.com\/#website","url":"https:\/\/www.exurhjs.com\/","name":"Exportaciones Urgell HJS S.L.","description":"","potentialAction":[{"@type":"SearchAction","target":{"@type":"EntryPoint","urlTemplate":"https:\/\/www.exurhjs.com\/?s={search_term_string}"},"query-input":{"@type":"PropertyValueSpecification","valueRequired":true,"valueName":"search_term_string"}}],"inLanguage":"de"}]}},"_links":{"self":[{"href":"https:\/\/www.exurhjs.com\/de\/wp-json\/wp\/v2\/pages\/2572","targetHints":{"allow":["GET"]}}],"collection":[{"href":"https:\/\/www.exurhjs.com\/de\/wp-json\/wp\/v2\/pages"}],"about":[{"href":"https:\/\/www.exurhjs.com\/de\/wp-json\/wp\/v2\/types\/page"}],"author":[{"embeddable":true,"href":"https:\/\/www.exurhjs.com\/de\/wp-json\/wp\/v2\/users\/1"}],"replies":[{"embeddable":true,"href":"https:\/\/www.exurhjs.com\/de\/wp-json\/wp\/v2\/comments?post=2572"}],"version-history":[{"count":2,"href":"https:\/\/www.exurhjs.com\/de\/wp-json\/wp\/v2\/pages\/2572\/revisions"}],"predecessor-version":[{"id":2579,"href":"https:\/\/www.exurhjs.com\/de\/wp-json\/wp\/v2\/pages\/2572\/revisions\/2579"}],"wp:attachment":[{"href":"https:\/\/www.exurhjs.com\/de\/wp-json\/wp\/v2\/media?parent=2572"}],"curies":[{"name":"wp","href":"https:\/\/api.w.org\/{rel}","templated":true}]}}