{"id":2584,"date":"2014-02-12T17:31:49","date_gmt":"2014-02-12T17:31:49","guid":{"rendered":"http:\/\/www.exurhjs.com\/productos-2\/"},"modified":"2015-03-12T15:16:31","modified_gmt":"2015-03-12T15:16:31","slug":"produkte","status":"publish","type":"page","link":"https:\/\/www.exurhjs.com\/de\/produkte\/","title":{"rendered":"Produkte"},"content":{"rendered":"<div id=\"productos\">\n<h2 class=\"title\"><span>Produkte<\/span><\/h2>\n<div class=\"navigation_02\" id=\"nav1\">\n<ul>\n<li class=\"carnic\"><a href=\"#\">FLEISCH <\/a>\n<ul>\n<li> WURSTWAREN <\/li>\n<ul>\n<li>Gekocht und Getrocknet.<\/li>\n<\/ul>\n<li> SCHINKEN <\/li>\n<ul>\n<li>Serrano<\/li>\n<li>Ib\u00e9rico<\/li>\n<li>Duroc<\/li>\n<\/ul>\n<li>IN SCHEIBEN<\/li>\n<\/ul>\n<\/li>\n<li class=\"quess\"><a href=\"#\">K\u00c4SE <\/a>\n<ul>\n<li>Herkunftsbezeichnung DO MANCHEGO.<\/li>\n<li>Herkunftsbezeichnung DO MAH\u00d3N<\/li>\n<li>HALAL<\/li>\n<\/ul>\n<\/li>\n<li class=\"conerv\"><a href=\"#\">KONSERVEN<\/a><\/li>\n<li class=\"pescao\"><a href=\"#\">FISCH <\/a>\n<ul>\n<li> KABELJAU <\/li>\n<li> FISCHKONSERVEN <\/li>\n<li> TIEFGEK\u00dcHLT <\/li>\n<\/ul>\n<\/li>\n<li class=\"fsecos\"><a href=\"#\">TROCKENFR\u00dcCHTE<\/a><\/li>\n<li class=\"fruta\"><a href=\"#\">OBST<\/a><\/li>\n<li class=\"bolleria\"><a href=\"#\">GEB\u00c4CK<\/a><\/li>\n<li class=\"bebidas\"><a href=\"#\"> GETR\u00c4NKE <\/a>\n<ul>\n<li> WEINE <\/li>\n<ul>\n<li><span class=\"elem1\">DO RIOJA<\/span> DO NAVARRA<\/li>\n<li><span class=\"elem2\">DO RIBERA DEL DUERO<\/span> DO RUEDA<\/li>\n<li><span class=\"elem3\">DO PRIORAT<\/span> DO MONTSANT<\/li>\n<li><span class=\"elem4\">DO TERRA ALTA<\/span> DO PENED\u00c9S<\/li>\n<li><span class=\"elem5\">DO TARRAGONA<\/span> DO CATALUNYA<\/li>\n<li><span class=\"elem6\">DO CARI\u00d1ENA<\/span> DO SOMONTANO<\/li>\n<li><span class=\"elem7\">DO LA MANCHA<\/span> DO JUMILLA<\/li>\n<li><span class=\"elem8\">DO TORO<\/span><\/li>\n<li>ECOL\u00d3GICOS<\/li>\n<li>KOSHER<\/li>\n<\/ul>\n<li>CAVA (spanischer Sekt)<\/li>\n<ul>\n<li> TROCKEN <\/li>\n<li> HALBTROCKEN<\/li>\n<li>CAVA GOLD 24K<\/li>\n<\/ul>\n<li> LIK\u00d6RE <\/li>\n<li>SANGR\u00cdA<\/li>\n<li> WASSER <\/li>\n<\/ul>\n<\/li>\n<li class=\"aceites\"><a href=\"#\">\u00d6LE<\/a><\/li>\n<\/ul>\n<\/div>\n<div class=\"gap\" style=\"height: 40px;\"><\/div>\n<h2 class=\"title\"><span>PRODUKTE F\u00dcR:<\/span><\/h2>\n<h3> MODERNER VERTRIEB<\/h3>\n<p><span class=\"responsive\"><img loading=\"lazy\" decoding=\"async\" alt=\"logos\" src=\"http:\/\/www.exurhjs.com\/wp-content\/uploads\/2014\/02\/logos.png\" width=\"606\" height=\"126\" \/><\/span><\/p>\n<p>&nbsp;<\/p>\n<h3>LIEFERANTEN &#8211; CASH &#038; CARRY &#8211; HORECA &#8211; GEMEINSCHAFTEN <\/h3>\n","protected":false},"excerpt":{"rendered":"<p>Produkte FLEISCH WURSTWAREN Gekocht und Getrocknet. SCHINKEN Serrano Ib\u00e9rico Duroc IN SCHEIBEN K\u00c4SE Herkunftsbezeichnung DO MANCHEGO. Herkunftsbezeichnung DO MAH\u00d3N HALAL KONSERVEN FISCH KABELJAU FISCHKONSERVEN TIEFGEK\u00dcHLT TROCKENFR\u00dcCHTE OBST GEB\u00c4CK GETR\u00c4NKE WEINE\u2026 <a href=\"https:\/\/www.exurhjs.com\/de\/produkte\/\" class=\"read-more-link\">weiterlesen &rarr;<\/a><\/p>\n","protected":false},"author":1,"featured_media":0,"parent":0,"menu_order":0,"comment_status":"open","ping_status":"open","template":"","meta":{"_exactmetrics_skip_tracking":false,"_exactmetrics_sitenote_active":false,"_exactmetrics_sitenote_note":"","_exactmetrics_sitenote_category":0,"footnotes":""},"class_list":["post-2584","page","type-page","status-publish","hentry"],"yoast_head":"<!-- This site is optimized with the Yoast SEO plugin v27.5 - https:\/\/yoast.com\/product\/yoast-seo-wordpress\/ -->\n<title>Produkte &#8211; Exportaciones Urgell HJS S.L.<\/title>\n<meta name=\"robots\" content=\"index, follow, max-snippet:-1, max-image-preview:large, max-video-preview:-1\" \/>\n<link rel=\"canonical\" href=\"https:\/\/www.exurhjs.com\/de\/produkte\/\" \/>\n<meta property=\"og:locale\" content=\"de_DE\" \/>\n<meta property=\"og:type\" content=\"article\" \/>\n<meta property=\"og:title\" content=\"Produkte &#8211; Exportaciones Urgell HJS S.L.\" \/>\n<meta property=\"og:description\" content=\"Produkte FLEISCH WURSTWAREN Gekocht und Getrocknet. SCHINKEN Serrano Ib\u00e9rico Duroc IN SCHEIBEN K\u00c4SE Herkunftsbezeichnung DO MANCHEGO. Herkunftsbezeichnung DO MAH\u00d3N HALAL KONSERVEN FISCH KABELJAU FISCHKONSERVEN TIEFGEK\u00dcHLT TROCKENFR\u00dcCHTE OBST GEB\u00c4CK GETR\u00c4NKE WEINE\u2026 weiterlesen &rarr;\" \/>\n<meta property=\"og:url\" content=\"https:\/\/www.exurhjs.com\/de\/produkte\/\" \/>\n<meta property=\"og:site_name\" content=\"Exportaciones Urgell HJS S.L.\" \/>\n<meta property=\"article:modified_time\" content=\"2015-03-12T15:16:31+00:00\" \/>\n<meta property=\"og:image\" content=\"http:\/\/www.exurhjs.com\/wp-content\/uploads\/2014\/02\/logos.png\" \/>\n<meta name=\"twitter:label1\" content=\"Gesch\u00e4tzte Lesezeit\" \/>\n\t<meta name=\"twitter:data1\" content=\"1\u00a0Minute\" \/>\n<script type=\"application\/ld+json\" class=\"yoast-schema-graph\">{\"@context\":\"https:\\\/\\\/schema.org\",\"@graph\":[{\"@type\":\"WebPage\",\"@id\":\"https:\\\/\\\/www.exurhjs.com\\\/de\\\/produkte\\\/\",\"url\":\"https:\\\/\\\/www.exurhjs.com\\\/de\\\/produkte\\\/\",\"name\":\"Produkte &#8211; Exportaciones Urgell HJS S.L.\",\"isPartOf\":{\"@id\":\"https:\\\/\\\/www.exurhjs.com\\\/#website\"},\"primaryImageOfPage\":{\"@id\":\"https:\\\/\\\/www.exurhjs.com\\\/de\\\/produkte\\\/#primaryimage\"},\"image\":{\"@id\":\"https:\\\/\\\/www.exurhjs.com\\\/de\\\/produkte\\\/#primaryimage\"},\"thumbnailUrl\":\"http:\\\/\\\/www.exurhjs.com\\\/wp-content\\\/uploads\\\/2014\\\/02\\\/logos.png\",\"datePublished\":\"2014-02-12T17:31:49+00:00\",\"dateModified\":\"2015-03-12T15:16:31+00:00\",\"breadcrumb\":{\"@id\":\"https:\\\/\\\/www.exurhjs.com\\\/de\\\/produkte\\\/#breadcrumb\"},\"inLanguage\":\"de\",\"potentialAction\":[{\"@type\":\"ReadAction\",\"target\":[\"https:\\\/\\\/www.exurhjs.com\\\/de\\\/produkte\\\/\"]}]},{\"@type\":\"ImageObject\",\"inLanguage\":\"de\",\"@id\":\"https:\\\/\\\/www.exurhjs.com\\\/de\\\/produkte\\\/#primaryimage\",\"url\":\"http:\\\/\\\/www.exurhjs.com\\\/wp-content\\\/uploads\\\/2014\\\/02\\\/logos.png\",\"contentUrl\":\"http:\\\/\\\/www.exurhjs.com\\\/wp-content\\\/uploads\\\/2014\\\/02\\\/logos.png\"},{\"@type\":\"BreadcrumbList\",\"@id\":\"https:\\\/\\\/www.exurhjs.com\\\/de\\\/produkte\\\/#breadcrumb\",\"itemListElement\":[{\"@type\":\"ListItem\",\"position\":1,\"name\":\"Portada\",\"item\":\"https:\\\/\\\/www.exurhjs.com\\\/de\\\/\"},{\"@type\":\"ListItem\",\"position\":2,\"name\":\"Produkte\"}]},{\"@type\":\"WebSite\",\"@id\":\"https:\\\/\\\/www.exurhjs.com\\\/#website\",\"url\":\"https:\\\/\\\/www.exurhjs.com\\\/\",\"name\":\"Exportaciones Urgell HJS S.L.\",\"description\":\"\",\"potentialAction\":[{\"@type\":\"SearchAction\",\"target\":{\"@type\":\"EntryPoint\",\"urlTemplate\":\"https:\\\/\\\/www.exurhjs.com\\\/?s={search_term_string}\"},\"query-input\":{\"@type\":\"PropertyValueSpecification\",\"valueRequired\":true,\"valueName\":\"search_term_string\"}}],\"inLanguage\":\"de\"}]}<\/script>\n<!-- \/ Yoast SEO plugin. -->","yoast_head_json":{"title":"Produkte &#8211; Exportaciones Urgell HJS S.L.","robots":{"index":"index","follow":"follow","max-snippet":"max-snippet:-1","max-image-preview":"max-image-preview:large","max-video-preview":"max-video-preview:-1"},"canonical":"https:\/\/www.exurhjs.com\/de\/produkte\/","og_locale":"de_DE","og_type":"article","og_title":"Produkte &#8211; Exportaciones Urgell HJS S.L.","og_description":"Produkte FLEISCH WURSTWAREN Gekocht und Getrocknet. SCHINKEN Serrano Ib\u00e9rico Duroc IN SCHEIBEN K\u00c4SE Herkunftsbezeichnung DO MANCHEGO. Herkunftsbezeichnung DO MAH\u00d3N HALAL KONSERVEN FISCH KABELJAU FISCHKONSERVEN TIEFGEK\u00dcHLT TROCKENFR\u00dcCHTE OBST GEB\u00c4CK GETR\u00c4NKE WEINE\u2026 weiterlesen &rarr;","og_url":"https:\/\/www.exurhjs.com\/de\/produkte\/","og_site_name":"Exportaciones Urgell HJS S.L.","article_modified_time":"2015-03-12T15:16:31+00:00","og_image":[{"url":"http:\/\/www.exurhjs.com\/wp-content\/uploads\/2014\/02\/logos.png","type":"","width":"","height":""}],"twitter_misc":{"Gesch\u00e4tzte Lesezeit":"1\u00a0Minute"},"schema":{"@context":"https:\/\/schema.org","@graph":[{"@type":"WebPage","@id":"https:\/\/www.exurhjs.com\/de\/produkte\/","url":"https:\/\/www.exurhjs.com\/de\/produkte\/","name":"Produkte &#8211; Exportaciones Urgell HJS S.L.","isPartOf":{"@id":"https:\/\/www.exurhjs.com\/#website"},"primaryImageOfPage":{"@id":"https:\/\/www.exurhjs.com\/de\/produkte\/#primaryimage"},"image":{"@id":"https:\/\/www.exurhjs.com\/de\/produkte\/#primaryimage"},"thumbnailUrl":"http:\/\/www.exurhjs.com\/wp-content\/uploads\/2014\/02\/logos.png","datePublished":"2014-02-12T17:31:49+00:00","dateModified":"2015-03-12T15:16:31+00:00","breadcrumb":{"@id":"https:\/\/www.exurhjs.com\/de\/produkte\/#breadcrumb"},"inLanguage":"de","potentialAction":[{"@type":"ReadAction","target":["https:\/\/www.exurhjs.com\/de\/produkte\/"]}]},{"@type":"ImageObject","inLanguage":"de","@id":"https:\/\/www.exurhjs.com\/de\/produkte\/#primaryimage","url":"http:\/\/www.exurhjs.com\/wp-content\/uploads\/2014\/02\/logos.png","contentUrl":"http:\/\/www.exurhjs.com\/wp-content\/uploads\/2014\/02\/logos.png"},{"@type":"BreadcrumbList","@id":"https:\/\/www.exurhjs.com\/de\/produkte\/#breadcrumb","itemListElement":[{"@type":"ListItem","position":1,"name":"Portada","item":"https:\/\/www.exurhjs.com\/de\/"},{"@type":"ListItem","position":2,"name":"Produkte"}]},{"@type":"WebSite","@id":"https:\/\/www.exurhjs.com\/#website","url":"https:\/\/www.exurhjs.com\/","name":"Exportaciones Urgell HJS S.L.","description":"","potentialAction":[{"@type":"SearchAction","target":{"@type":"EntryPoint","urlTemplate":"https:\/\/www.exurhjs.com\/?s={search_term_string}"},"query-input":{"@type":"PropertyValueSpecification","valueRequired":true,"valueName":"search_term_string"}}],"inLanguage":"de"}]}},"_links":{"self":[{"href":"https:\/\/www.exurhjs.com\/de\/wp-json\/wp\/v2\/pages\/2584","targetHints":{"allow":["GET"]}}],"collection":[{"href":"https:\/\/www.exurhjs.com\/de\/wp-json\/wp\/v2\/pages"}],"about":[{"href":"https:\/\/www.exurhjs.com\/de\/wp-json\/wp\/v2\/types\/page"}],"author":[{"embeddable":true,"href":"https:\/\/www.exurhjs.com\/de\/wp-json\/wp\/v2\/users\/1"}],"replies":[{"embeddable":true,"href":"https:\/\/www.exurhjs.com\/de\/wp-json\/wp\/v2\/comments?post=2584"}],"version-history":[{"count":3,"href":"https:\/\/www.exurhjs.com\/de\/wp-json\/wp\/v2\/pages\/2584\/revisions"}],"predecessor-version":[{"id":2737,"href":"https:\/\/www.exurhjs.com\/de\/wp-json\/wp\/v2\/pages\/2584\/revisions\/2737"}],"wp:attachment":[{"href":"https:\/\/www.exurhjs.com\/de\/wp-json\/wp\/v2\/media?parent=2584"}],"curies":[{"name":"wp","href":"https:\/\/api.w.org\/{rel}","templated":true}]}}