{"id":2503,"date":"2014-02-12T16:31:21","date_gmt":"2014-02-12T16:31:21","guid":{"rendered":"http:\/\/www.exurhjs.com\/inicio-2\/"},"modified":"2015-03-12T14:43:33","modified_gmt":"2015-03-12T14:43:33","slug":"accueil","status":"publish","type":"page","link":"https:\/\/www.exurhjs.com\/fr\/","title":{"rendered":"accueil"},"content":{"rendered":"<h3 class=\"title\"><span>EXPORTACIONES URGELL HJS<\/span><\/h3>\n<p>EXPORTACIONES URGELL HJS SL est une entreprise familiale d\u00e9di\u00e9e \u00e0 la repr\u00e9sentation, la commercialisation et l\u2019internationalisation des entreprises du secteur de l\u2019alimentation.<\/p>\n<p>Sp\u00e9cialiste dans la s\u00e9lection des meilleurs produits \u00e9labor\u00e9s par les entreprises que nous repr\u00e9sentons et dans l\u2019\u00e9laboration de nos propres produits.<\/p>\n<p>Nous garantissons la qualit\u00e9 de nos produits en contr\u00f4lant, en partenariat avec le producteur, les processus de s\u00e9lection, d\u2019\u00e9laboration et de commercialisation avec un objectif clair\u00a0: offrir l\u2019excellence des produits que nous commercialisons avec le meilleur rapport qualit\u00e9-prix.<\/p>\n<p>L\u2019ensemble de nos produits est destin\u00e9 aux diff\u00e9rents canaux de commercialisation, aussi bien au niveau national qu\u2019international.<\/p>\n<p><a title=\"Services\" href=\"http:\/\/www.exurhjs.com\/fr\/services\/\">Nous conseillons<\/a> des entreprises pour les aider \u00e0 s\u2019introduire sur les march\u00e9s sur lesquels\u00a0nous sommes pr\u00e9sents.<\/p>\n<div class=\"gap\" style=\"height: 45px;\"><\/div>\n<p><img loading=\"lazy\" decoding=\"async\" class=\"alignnone  wp-image-2709\" src=\"http:\/\/www.exurhjs.com\/wp-content\/uploads\/2014\/02\/jovesempresaris-300x105.jpg\" alt=\"PIMEC jovesempresaris\" width=\"160\" height=\"56\" srcset=\"https:\/\/www.exurhjs.com\/wp-content\/uploads\/2014\/02\/jovesempresaris-300x105.jpg 300w, https:\/\/www.exurhjs.com\/wp-content\/uploads\/2014\/02\/jovesempresaris.jpg 344w\" sizes=\"auto, (max-width: 160px) 100vw, 160px\" \/><br \/>\n<span class=\"Ssociedad\">A<\/span>migos de <a title=\"Amigos de Empresa y Sociedad\" href=\"http:\/\/www.empresaysociedad.org\" target=\"_blank\"><img loading=\"lazy\" decoding=\"async\" class=\"alignnone  wp-image-2694 sociedSs\" src=\"http:\/\/www.exurhjs.com\/wp-content\/uploads\/2015\/02\/logo-empresa-y-sociedad-300x61.png\" alt=\"logo-empresa-y-sociedad\" width=\"216\" height=\"44\" \/><\/a><\/p>\n","protected":false},"excerpt":{"rendered":"<p>EXPORTACIONES URGELL HJS EXPORTACIONES URGELL HJS SL est une entreprise familiale d\u00e9di\u00e9e \u00e0 la repr\u00e9sentation, la commercialisation et l\u2019internationalisation des entreprises du secteur de l\u2019alimentation. Sp\u00e9cialiste dans la s\u00e9lection des\u2026 <a href=\"https:\/\/www.exurhjs.com\/fr\/\" class=\"read-more-link\">read more &rarr;<\/a><\/p>\n","protected":false},"author":1,"featured_media":0,"parent":0,"menu_order":0,"comment_status":"open","ping_status":"closed","template":"","meta":{"_exactmetrics_skip_tracking":false,"_exactmetrics_sitenote_active":false,"_exactmetrics_sitenote_note":"","_exactmetrics_sitenote_category":0,"footnotes":""},"class_list":["post-2503","page","type-page","status-publish","hentry"],"yoast_head":"<!-- This site is optimized with the Yoast SEO plugin v27.5 - https:\/\/yoast.com\/product\/yoast-seo-wordpress\/ -->\n<title>EXPORTACIONES URGELL HJS S.L.<\/title>\n<meta name=\"description\" content=\"Commercialisation et l&#039;exportation de produits alimentaires. Repr\u00e9sentation de services alimentaires pour les entreprises de march\u00e9s nationaux et internationaux.\" \/>\n<meta name=\"robots\" content=\"index, follow, max-snippet:-1, max-image-preview:large, max-video-preview:-1\" \/>\n<link rel=\"canonical\" href=\"https:\/\/www.exurhjs.com\/fr\/\" \/>\n<meta property=\"og:locale\" content=\"fr_FR\" \/>\n<meta property=\"og:type\" content=\"article\" \/>\n<meta property=\"og:title\" content=\"EXPORTACIONES URGELL HJS S.L.\" \/>\n<meta property=\"og:description\" content=\"Commercialisation et l&#039;exportation de produits alimentaires. Repr\u00e9sentation de services alimentaires pour les entreprises de march\u00e9s nationaux et internationaux.\" \/>\n<meta property=\"og:url\" content=\"https:\/\/www.exurhjs.com\/fr\/\" \/>\n<meta property=\"og:site_name\" content=\"Exportaciones Urgell HJS S.L.\" \/>\n<meta property=\"article:modified_time\" content=\"2015-03-12T14:43:33+00:00\" \/>\n<meta property=\"og:image\" content=\"http:\/\/www.exurhjs.com\/wp-content\/uploads\/2014\/02\/jovesempresaris-300x105.jpg\" \/>\n<meta name=\"twitter:label1\" content=\"Dur\u00e9e de lecture estim\u00e9e\" \/>\n\t<meta name=\"twitter:data1\" content=\"1 minute\" \/>\n<script type=\"application\/ld+json\" class=\"yoast-schema-graph\">{\"@context\":\"https:\\\/\\\/schema.org\",\"@graph\":[{\"@type\":\"WebPage\",\"@id\":\"https:\\\/\\\/www.exurhjs.com\\\/fr\\\/\",\"url\":\"https:\\\/\\\/www.exurhjs.com\\\/fr\\\/\",\"name\":\"EXPORTACIONES URGELL HJS S.L.\",\"isPartOf\":{\"@id\":\"https:\\\/\\\/www.exurhjs.com\\\/#website\"},\"primaryImageOfPage\":{\"@id\":\"https:\\\/\\\/www.exurhjs.com\\\/fr\\\/#primaryimage\"},\"image\":{\"@id\":\"https:\\\/\\\/www.exurhjs.com\\\/fr\\\/#primaryimage\"},\"thumbnailUrl\":\"http:\\\/\\\/www.exurhjs.com\\\/wp-content\\\/uploads\\\/2014\\\/02\\\/jovesempresaris-300x105.jpg\",\"datePublished\":\"2014-02-12T16:31:21+00:00\",\"dateModified\":\"2015-03-12T14:43:33+00:00\",\"description\":\"Commercialisation et l'exportation de produits alimentaires. Repr\u00e9sentation de services alimentaires pour les entreprises de march\u00e9s nationaux et internationaux.\",\"breadcrumb\":{\"@id\":\"https:\\\/\\\/www.exurhjs.com\\\/fr\\\/#breadcrumb\"},\"inLanguage\":\"fr-FR\",\"potentialAction\":[{\"@type\":\"ReadAction\",\"target\":[\"https:\\\/\\\/www.exurhjs.com\\\/fr\\\/\"]}]},{\"@type\":\"ImageObject\",\"inLanguage\":\"fr-FR\",\"@id\":\"https:\\\/\\\/www.exurhjs.com\\\/fr\\\/#primaryimage\",\"url\":\"http:\\\/\\\/www.exurhjs.com\\\/wp-content\\\/uploads\\\/2014\\\/02\\\/jovesempresaris-300x105.jpg\",\"contentUrl\":\"http:\\\/\\\/www.exurhjs.com\\\/wp-content\\\/uploads\\\/2014\\\/02\\\/jovesempresaris-300x105.jpg\"},{\"@type\":\"BreadcrumbList\",\"@id\":\"https:\\\/\\\/www.exurhjs.com\\\/fr\\\/#breadcrumb\",\"itemListElement\":[{\"@type\":\"ListItem\",\"position\":1,\"name\":\"Portada\",\"item\":\"https:\\\/\\\/www.exurhjs.com\\\/fr\\\/\"},{\"@type\":\"ListItem\",\"position\":2,\"name\":\"accueil\"}]},{\"@type\":\"WebSite\",\"@id\":\"https:\\\/\\\/www.exurhjs.com\\\/#website\",\"url\":\"https:\\\/\\\/www.exurhjs.com\\\/\",\"name\":\"Exportaciones Urgell HJS S.L.\",\"description\":\"\",\"potentialAction\":[{\"@type\":\"SearchAction\",\"target\":{\"@type\":\"EntryPoint\",\"urlTemplate\":\"https:\\\/\\\/www.exurhjs.com\\\/?s={search_term_string}\"},\"query-input\":{\"@type\":\"PropertyValueSpecification\",\"valueRequired\":true,\"valueName\":\"search_term_string\"}}],\"inLanguage\":\"fr-FR\"}]}<\/script>\n<!-- \/ Yoast SEO plugin. -->","yoast_head_json":{"title":"EXPORTACIONES URGELL HJS S.L.","description":"Commercialisation et l'exportation de produits alimentaires. Repr\u00e9sentation de services alimentaires pour les entreprises de march\u00e9s nationaux et internationaux.","robots":{"index":"index","follow":"follow","max-snippet":"max-snippet:-1","max-image-preview":"max-image-preview:large","max-video-preview":"max-video-preview:-1"},"canonical":"https:\/\/www.exurhjs.com\/fr\/","og_locale":"fr_FR","og_type":"article","og_title":"EXPORTACIONES URGELL HJS S.L.","og_description":"Commercialisation et l'exportation de produits alimentaires. Repr\u00e9sentation de services alimentaires pour les entreprises de march\u00e9s nationaux et internationaux.","og_url":"https:\/\/www.exurhjs.com\/fr\/","og_site_name":"Exportaciones Urgell HJS S.L.","article_modified_time":"2015-03-12T14:43:33+00:00","og_image":[{"url":"http:\/\/www.exurhjs.com\/wp-content\/uploads\/2014\/02\/jovesempresaris-300x105.jpg","type":"","width":"","height":""}],"twitter_misc":{"Dur\u00e9e de lecture estim\u00e9e":"1 minute"},"schema":{"@context":"https:\/\/schema.org","@graph":[{"@type":"WebPage","@id":"https:\/\/www.exurhjs.com\/fr\/","url":"https:\/\/www.exurhjs.com\/fr\/","name":"EXPORTACIONES URGELL HJS S.L.","isPartOf":{"@id":"https:\/\/www.exurhjs.com\/#website"},"primaryImageOfPage":{"@id":"https:\/\/www.exurhjs.com\/fr\/#primaryimage"},"image":{"@id":"https:\/\/www.exurhjs.com\/fr\/#primaryimage"},"thumbnailUrl":"http:\/\/www.exurhjs.com\/wp-content\/uploads\/2014\/02\/jovesempresaris-300x105.jpg","datePublished":"2014-02-12T16:31:21+00:00","dateModified":"2015-03-12T14:43:33+00:00","description":"Commercialisation et l'exportation de produits alimentaires. Repr\u00e9sentation de services alimentaires pour les entreprises de march\u00e9s nationaux et internationaux.","breadcrumb":{"@id":"https:\/\/www.exurhjs.com\/fr\/#breadcrumb"},"inLanguage":"fr-FR","potentialAction":[{"@type":"ReadAction","target":["https:\/\/www.exurhjs.com\/fr\/"]}]},{"@type":"ImageObject","inLanguage":"fr-FR","@id":"https:\/\/www.exurhjs.com\/fr\/#primaryimage","url":"http:\/\/www.exurhjs.com\/wp-content\/uploads\/2014\/02\/jovesempresaris-300x105.jpg","contentUrl":"http:\/\/www.exurhjs.com\/wp-content\/uploads\/2014\/02\/jovesempresaris-300x105.jpg"},{"@type":"BreadcrumbList","@id":"https:\/\/www.exurhjs.com\/fr\/#breadcrumb","itemListElement":[{"@type":"ListItem","position":1,"name":"Portada","item":"https:\/\/www.exurhjs.com\/fr\/"},{"@type":"ListItem","position":2,"name":"accueil"}]},{"@type":"WebSite","@id":"https:\/\/www.exurhjs.com\/#website","url":"https:\/\/www.exurhjs.com\/","name":"Exportaciones Urgell HJS S.L.","description":"","potentialAction":[{"@type":"SearchAction","target":{"@type":"EntryPoint","urlTemplate":"https:\/\/www.exurhjs.com\/?s={search_term_string}"},"query-input":{"@type":"PropertyValueSpecification","valueRequired":true,"valueName":"search_term_string"}}],"inLanguage":"fr-FR"}]}},"_links":{"self":[{"href":"https:\/\/www.exurhjs.com\/fr\/wp-json\/wp\/v2\/pages\/2503","targetHints":{"allow":["GET"]}}],"collection":[{"href":"https:\/\/www.exurhjs.com\/fr\/wp-json\/wp\/v2\/pages"}],"about":[{"href":"https:\/\/www.exurhjs.com\/fr\/wp-json\/wp\/v2\/types\/page"}],"author":[{"embeddable":true,"href":"https:\/\/www.exurhjs.com\/fr\/wp-json\/wp\/v2\/users\/1"}],"replies":[{"embeddable":true,"href":"https:\/\/www.exurhjs.com\/fr\/wp-json\/wp\/v2\/comments?post=2503"}],"version-history":[{"count":12,"href":"https:\/\/www.exurhjs.com\/fr\/wp-json\/wp\/v2\/pages\/2503\/revisions"}],"predecessor-version":[{"id":2727,"href":"https:\/\/www.exurhjs.com\/fr\/wp-json\/wp\/v2\/pages\/2503\/revisions\/2727"}],"wp:attachment":[{"href":"https:\/\/www.exurhjs.com\/fr\/wp-json\/wp\/v2\/media?parent=2503"}],"curies":[{"name":"wp","href":"https:\/\/api.w.org\/{rel}","templated":true}]}}