{"id":2558,"date":"2014-02-12T16:24:48","date_gmt":"2014-02-12T16:24:48","guid":{"rendered":"http:\/\/www.exurhjs.com\/quienes-somos-2\/"},"modified":"2015-03-12T15:03:57","modified_gmt":"2015-03-12T15:03:57","slug":"qui-sommes-nous","status":"publish","type":"page","link":"https:\/\/www.exurhjs.com\/fr\/qui-sommes-nous\/","title":{"rendered":"Qui sommes-nous"},"content":{"rendered":"<h2 class=\"title\"><span>Qui sommes-nous<\/span><\/h2>\n<p>EXPORTACIONES URGELL HJS SL est une entreprise familiale d\u00e9di\u00e9e \u00e0 la repr\u00e9sentation, la commercialisation et l\u2019internationalisation des entreprises du secteur de l\u2019alimentation. <\/p>\n<p>Sp\u00e9cialiste dans la s\u00e9lection des meilleurs produits \u00e9labor\u00e9s par les entreprises que nous repr\u00e9sentons et dans l\u2019\u00e9laboration de nos propres produits.<\/p>\n<p>Nous garantissons la qualit\u00e9 de nos produits en contr\u00f4lant, en partenariat avec le producteur, les processus de s\u00e9lection, d\u2019\u00e9laboration et de commercialisation avec un objectif clair\u00a0: offrir l\u2019excellence des produits que nous commercialisons avec le meilleur rapport qualit\u00e9-prix.<\/p>\n<p>L\u2019ensemble de nos produits est destin\u00e9 aux diff\u00e9rents canaux de commercialisation, aussi bien au niveau national qu\u2019international.<\/p>\n<div class=\"gap\" style=\"height: 10px;\"><\/div>\n<h2 class=\"title\"><span>Philosophie<\/span><\/h2>\n<div class=\"accordion\" rel=\"0\">\n<div class=\"accordion-title\"><a href=\"#\">Vision<\/a><\/div>\n<div class=\"accordion-inner\">\u00catre une entreprise leader dans le secteur des services de repr\u00e9sentation d\u2019entreprises d\u2019alimentation au niveau national et international, ayant une pr\u00e9sence et une reconnaissance en Europe et dans le monde. <\/p>\n<p>Une entreprise qui offre des alternatives de solution int\u00e9grale avec une valeur ajout\u00e9e pour ses clients et pour les entreprises qu\u2019elle repr\u00e9sente.<\/p>\n<p>O\u00f9 son capital intellectuel trouve un espace tourn\u00e9 vers la croissance et le d\u00e9veloppement bas\u00e9s sur les valeurs organisationnelles, permettant de favoriser les alliances strat\u00e9giques de commerce afin d\u2019apporter de la diversit\u00e9 dans l\u2019\u00e9ventail de produits et de s\u2019aligner sur les tendances futures des Cha\u00eenes, Grandes Surfaces, Supermarch\u00e9s, Distributeurs, Cash &#038; Carry, les secteurs de l\u2019H\u00f4tellerie, de la Restauration et des Caf\u00e9s et les Collectivit\u00e9s.<\/p><\/div>\n<div class=\"accordion-title\"><a href=\"#\">Mission<\/a><\/div>\n<div class=\"accordion-inner\">Offrir \u00e0 nos clients un service int\u00e9gral de conseil et de repr\u00e9sentation d\u2019entreprises de prestige et de qualit\u00e9 au niveau national et international, en \u00e9tant \u00e0 la fois un simplificateur et un vecteur de valeur ajout\u00e9e pour leurs propres clients, et cela gr\u00e2ce \u00e0 notre capacit\u00e9 pour\u00a0: <\/p>\n<ul>\n<li>G\u00e9n\u00e9rer des solutions \u00e0 la mesure des clients et des entreprises.<\/li>\n<li>Apporter la grande exp\u00e9rience des professionnels avec lesquels nous travaillons.<\/li>\n<li>Capitaliser les r\u00e9seaux de contact de l\u2019entreprise qui contribuent au d\u00e9veloppement mutuel et durable.<\/li>\n<\/ul>\n<p>Le tout dans un cadre \u00e9thique qui conjugue la loyaut\u00e9 du client avec elle de l\u2019entreprise.<\/p><\/div>\n<div class=\"accordion-title\"><a href=\"#\">Objectifs<\/a><\/div>\n<div class=\"accordion-inner\">\n<ul>\n<li>Augmenter le portefeuille de clients.<\/li>\n<li>D\u00e9velopper l\u2019\u00e9ventail des produits offerts en augmentant le nombre d\u2019entreprises repr\u00e9sent\u00e9es.<\/li>\n<li>Focaliser la croissance d\u2019EXUR sur le march\u00e9 international.<\/li>\n<li>Renforcer l\u2019image corporative.<\/li>\n<li>Renforcer les alliances strat\u00e9giques.<\/li>\n<li>\u00c9laborer des analyses de rentabilit\u00e9 des investissements.<\/li>\n<li>Fournir des conseils aux nouveaux importateurs des marques propres et repr\u00e9sent\u00e9es.<\/li>\n<li>Positionner les marques propres et repr\u00e9sent\u00e9es sur les march\u00e9s  internationaux.<\/li>\n<\/ul>\n<\/div>\n<\/div>\n<div class=\"gap\" style=\"height: 20px;\"><\/div>\n<h2 class=\"title\"><span>Collaborer avec<\/span><\/h2>\n<p><a href=\"http:\/\/canceryvida.es\/\" target=\"_blank\" rel=\"nofollow\"><img loading=\"lazy\" decoding=\"async\" class=\"alignnone wp-image-2718 \" title=\"colaboramos con Fundaci\u00f3n C\u00e1ncer y VIda\" src=\"http:\/\/www.exurhjs.com\/wp-content\/uploads\/2014\/02\/LOGO-CANCER-Y-VIDA1.jpg\" alt=\"colaboramos con Fundaci\u00f3n C\u00e1ncer y VIda\" width=\"146\" height=\"144\" srcset=\"https:\/\/www.exurhjs.com\/wp-content\/uploads\/2014\/02\/LOGO-CANCER-Y-VIDA1.jpg 200w, https:\/\/www.exurhjs.com\/wp-content\/uploads\/2014\/02\/LOGO-CANCER-Y-VIDA1-60x60.jpg 60w\" sizes=\"auto, (max-width: 146px) 100vw, 146px\" \/><\/a><\/p>\n","protected":false},"excerpt":{"rendered":"<p>Qui sommes-nous EXPORTACIONES URGELL HJS SL est une entreprise familiale d\u00e9di\u00e9e \u00e0 la repr\u00e9sentation, la commercialisation et l\u2019internationalisation des entreprises du secteur de l\u2019alimentation. Sp\u00e9cialiste dans la s\u00e9lection des meilleurs\u2026 <a href=\"https:\/\/www.exurhjs.com\/fr\/qui-sommes-nous\/\" class=\"read-more-link\">read more &rarr;<\/a><\/p>\n","protected":false},"author":1,"featured_media":0,"parent":0,"menu_order":0,"comment_status":"open","ping_status":"open","template":"","meta":{"_exactmetrics_skip_tracking":false,"_exactmetrics_sitenote_active":false,"_exactmetrics_sitenote_note":"","_exactmetrics_sitenote_category":0,"footnotes":""},"class_list":["post-2558","page","type-page","status-publish","hentry"],"yoast_head":"<!-- This site is optimized with the Yoast SEO plugin v27.5 - https:\/\/yoast.com\/product\/yoast-seo-wordpress\/ -->\n<title>Qui sommes-nous &#8211; Exportaciones Urgell HJS S.L.<\/title>\n<meta name=\"robots\" content=\"index, follow, max-snippet:-1, max-image-preview:large, max-video-preview:-1\" \/>\n<link rel=\"canonical\" href=\"https:\/\/www.exurhjs.com\/fr\/qui-sommes-nous\/\" \/>\n<meta property=\"og:locale\" content=\"fr_FR\" \/>\n<meta property=\"og:type\" content=\"article\" \/>\n<meta property=\"og:title\" content=\"Qui sommes-nous &#8211; Exportaciones Urgell HJS S.L.\" \/>\n<meta property=\"og:description\" content=\"Qui sommes-nous EXPORTACIONES URGELL HJS SL est une entreprise familiale d\u00e9di\u00e9e \u00e0 la repr\u00e9sentation, la commercialisation et l\u2019internationalisation des entreprises du secteur de l\u2019alimentation. Sp\u00e9cialiste dans la s\u00e9lection des meilleurs\u2026 read more &rarr;\" \/>\n<meta property=\"og:url\" content=\"https:\/\/www.exurhjs.com\/fr\/qui-sommes-nous\/\" \/>\n<meta property=\"og:site_name\" content=\"Exportaciones Urgell HJS S.L.\" \/>\n<meta property=\"article:modified_time\" content=\"2015-03-12T15:03:57+00:00\" \/>\n<meta property=\"og:image\" content=\"http:\/\/www.exurhjs.com\/wp-content\/uploads\/2014\/02\/LOGO-CANCER-Y-VIDA1.jpg\" \/>\n<meta name=\"twitter:label1\" content=\"Dur\u00e9e de lecture estim\u00e9e\" \/>\n\t<meta name=\"twitter:data1\" content=\"2 minutes\" \/>\n<script type=\"application\/ld+json\" class=\"yoast-schema-graph\">{\"@context\":\"https:\\\/\\\/schema.org\",\"@graph\":[{\"@type\":\"WebPage\",\"@id\":\"https:\\\/\\\/www.exurhjs.com\\\/fr\\\/qui-sommes-nous\\\/\",\"url\":\"https:\\\/\\\/www.exurhjs.com\\\/fr\\\/qui-sommes-nous\\\/\",\"name\":\"Qui sommes-nous &#8211; Exportaciones Urgell HJS S.L.\",\"isPartOf\":{\"@id\":\"https:\\\/\\\/www.exurhjs.com\\\/#website\"},\"primaryImageOfPage\":{\"@id\":\"https:\\\/\\\/www.exurhjs.com\\\/fr\\\/qui-sommes-nous\\\/#primaryimage\"},\"image\":{\"@id\":\"https:\\\/\\\/www.exurhjs.com\\\/fr\\\/qui-sommes-nous\\\/#primaryimage\"},\"thumbnailUrl\":\"http:\\\/\\\/www.exurhjs.com\\\/wp-content\\\/uploads\\\/2014\\\/02\\\/LOGO-CANCER-Y-VIDA1.jpg\",\"datePublished\":\"2014-02-12T16:24:48+00:00\",\"dateModified\":\"2015-03-12T15:03:57+00:00\",\"breadcrumb\":{\"@id\":\"https:\\\/\\\/www.exurhjs.com\\\/fr\\\/qui-sommes-nous\\\/#breadcrumb\"},\"inLanguage\":\"fr-FR\",\"potentialAction\":[{\"@type\":\"ReadAction\",\"target\":[\"https:\\\/\\\/www.exurhjs.com\\\/fr\\\/qui-sommes-nous\\\/\"]}]},{\"@type\":\"ImageObject\",\"inLanguage\":\"fr-FR\",\"@id\":\"https:\\\/\\\/www.exurhjs.com\\\/fr\\\/qui-sommes-nous\\\/#primaryimage\",\"url\":\"http:\\\/\\\/www.exurhjs.com\\\/wp-content\\\/uploads\\\/2014\\\/02\\\/LOGO-CANCER-Y-VIDA1.jpg\",\"contentUrl\":\"http:\\\/\\\/www.exurhjs.com\\\/wp-content\\\/uploads\\\/2014\\\/02\\\/LOGO-CANCER-Y-VIDA1.jpg\"},{\"@type\":\"BreadcrumbList\",\"@id\":\"https:\\\/\\\/www.exurhjs.com\\\/fr\\\/qui-sommes-nous\\\/#breadcrumb\",\"itemListElement\":[{\"@type\":\"ListItem\",\"position\":1,\"name\":\"Portada\",\"item\":\"https:\\\/\\\/www.exurhjs.com\\\/fr\\\/\"},{\"@type\":\"ListItem\",\"position\":2,\"name\":\"Qui sommes-nous\"}]},{\"@type\":\"WebSite\",\"@id\":\"https:\\\/\\\/www.exurhjs.com\\\/#website\",\"url\":\"https:\\\/\\\/www.exurhjs.com\\\/\",\"name\":\"Exportaciones Urgell HJS S.L.\",\"description\":\"\",\"potentialAction\":[{\"@type\":\"SearchAction\",\"target\":{\"@type\":\"EntryPoint\",\"urlTemplate\":\"https:\\\/\\\/www.exurhjs.com\\\/?s={search_term_string}\"},\"query-input\":{\"@type\":\"PropertyValueSpecification\",\"valueRequired\":true,\"valueName\":\"search_term_string\"}}],\"inLanguage\":\"fr-FR\"}]}<\/script>\n<!-- \/ Yoast SEO plugin. -->","yoast_head_json":{"title":"Qui sommes-nous &#8211; Exportaciones Urgell HJS S.L.","robots":{"index":"index","follow":"follow","max-snippet":"max-snippet:-1","max-image-preview":"max-image-preview:large","max-video-preview":"max-video-preview:-1"},"canonical":"https:\/\/www.exurhjs.com\/fr\/qui-sommes-nous\/","og_locale":"fr_FR","og_type":"article","og_title":"Qui sommes-nous &#8211; Exportaciones Urgell HJS S.L.","og_description":"Qui sommes-nous EXPORTACIONES URGELL HJS SL est une entreprise familiale d\u00e9di\u00e9e \u00e0 la repr\u00e9sentation, la commercialisation et l\u2019internationalisation des entreprises du secteur de l\u2019alimentation. Sp\u00e9cialiste dans la s\u00e9lection des meilleurs\u2026 read more &rarr;","og_url":"https:\/\/www.exurhjs.com\/fr\/qui-sommes-nous\/","og_site_name":"Exportaciones Urgell HJS S.L.","article_modified_time":"2015-03-12T15:03:57+00:00","og_image":[{"url":"http:\/\/www.exurhjs.com\/wp-content\/uploads\/2014\/02\/LOGO-CANCER-Y-VIDA1.jpg","type":"","width":"","height":""}],"twitter_misc":{"Dur\u00e9e de lecture estim\u00e9e":"2 minutes"},"schema":{"@context":"https:\/\/schema.org","@graph":[{"@type":"WebPage","@id":"https:\/\/www.exurhjs.com\/fr\/qui-sommes-nous\/","url":"https:\/\/www.exurhjs.com\/fr\/qui-sommes-nous\/","name":"Qui sommes-nous &#8211; Exportaciones Urgell HJS S.L.","isPartOf":{"@id":"https:\/\/www.exurhjs.com\/#website"},"primaryImageOfPage":{"@id":"https:\/\/www.exurhjs.com\/fr\/qui-sommes-nous\/#primaryimage"},"image":{"@id":"https:\/\/www.exurhjs.com\/fr\/qui-sommes-nous\/#primaryimage"},"thumbnailUrl":"http:\/\/www.exurhjs.com\/wp-content\/uploads\/2014\/02\/LOGO-CANCER-Y-VIDA1.jpg","datePublished":"2014-02-12T16:24:48+00:00","dateModified":"2015-03-12T15:03:57+00:00","breadcrumb":{"@id":"https:\/\/www.exurhjs.com\/fr\/qui-sommes-nous\/#breadcrumb"},"inLanguage":"fr-FR","potentialAction":[{"@type":"ReadAction","target":["https:\/\/www.exurhjs.com\/fr\/qui-sommes-nous\/"]}]},{"@type":"ImageObject","inLanguage":"fr-FR","@id":"https:\/\/www.exurhjs.com\/fr\/qui-sommes-nous\/#primaryimage","url":"http:\/\/www.exurhjs.com\/wp-content\/uploads\/2014\/02\/LOGO-CANCER-Y-VIDA1.jpg","contentUrl":"http:\/\/www.exurhjs.com\/wp-content\/uploads\/2014\/02\/LOGO-CANCER-Y-VIDA1.jpg"},{"@type":"BreadcrumbList","@id":"https:\/\/www.exurhjs.com\/fr\/qui-sommes-nous\/#breadcrumb","itemListElement":[{"@type":"ListItem","position":1,"name":"Portada","item":"https:\/\/www.exurhjs.com\/fr\/"},{"@type":"ListItem","position":2,"name":"Qui sommes-nous"}]},{"@type":"WebSite","@id":"https:\/\/www.exurhjs.com\/#website","url":"https:\/\/www.exurhjs.com\/","name":"Exportaciones Urgell HJS S.L.","description":"","potentialAction":[{"@type":"SearchAction","target":{"@type":"EntryPoint","urlTemplate":"https:\/\/www.exurhjs.com\/?s={search_term_string}"},"query-input":{"@type":"PropertyValueSpecification","valueRequired":true,"valueName":"search_term_string"}}],"inLanguage":"fr-FR"}]}},"_links":{"self":[{"href":"https:\/\/www.exurhjs.com\/fr\/wp-json\/wp\/v2\/pages\/2558","targetHints":{"allow":["GET"]}}],"collection":[{"href":"https:\/\/www.exurhjs.com\/fr\/wp-json\/wp\/v2\/pages"}],"about":[{"href":"https:\/\/www.exurhjs.com\/fr\/wp-json\/wp\/v2\/types\/page"}],"author":[{"embeddable":true,"href":"https:\/\/www.exurhjs.com\/fr\/wp-json\/wp\/v2\/users\/1"}],"replies":[{"embeddable":true,"href":"https:\/\/www.exurhjs.com\/fr\/wp-json\/wp\/v2\/comments?post=2558"}],"version-history":[{"count":4,"href":"https:\/\/www.exurhjs.com\/fr\/wp-json\/wp\/v2\/pages\/2558\/revisions"}],"predecessor-version":[{"id":2731,"href":"https:\/\/www.exurhjs.com\/fr\/wp-json\/wp\/v2\/pages\/2558\/revisions\/2731"}],"wp:attachment":[{"href":"https:\/\/www.exurhjs.com\/fr\/wp-json\/wp\/v2\/media?parent=2558"}],"curies":[{"name":"wp","href":"https:\/\/api.w.org\/{rel}","templated":true}]}}