{"id":2571,"date":"2014-02-12T17:32:43","date_gmt":"2014-02-12T17:32:43","guid":{"rendered":"http:\/\/www.exurhjs.com\/servicios-2\/"},"modified":"2014-12-08T08:03:02","modified_gmt":"2014-12-08T08:03:02","slug":"services","status":"publish","type":"page","link":"https:\/\/www.exurhjs.com\/fr\/services\/","title":{"rendered":"Services"},"content":{"rendered":"<div class=\"section section-parallax\" style=\"background-color: #ffffff; border: 0px solid #ececec; padding: 20px 0; background-image: url(IMAGEURL);\">\n<div class=\"container clearfix\">\n<div class=\"sixteen columns\">\n<div class=\"three_fourth\">\n<h2 class=\"title\"><span>Services<\/span><\/h2>\n<div class=\"description clearfix style-1\">\nEXUR HJS SL fournit un service en tant qu\u2019agent, en se chargeant de la repr\u00e9sentation d\u2019entreprises alimentaires, aussi bien sur le march\u00e9 national qu\u2019\u00e0 l\u2019international. Ce service recouvre et prend en charge l\u2019int\u00e9gralit\u00e9 des op\u00e9rations de commercialisation et d\u2019exportation de produits alimentaires.<\/p>\n<p>Nous repr\u00e9sentons des entreprises de prestige, en leur offrant un service de qualit\u00e9. <\/p>\n<p>Nous commercialisons nos propres produits, que nous \u00e9laborons sous diff\u00e9rentes Appellations d\u2019Origine Contr\u00f4l\u00e9e de notre pays.<\/p>\n<p>Nous conseillons des entreprises pour les aider \u00e0 s\u2019introduire sur les march\u00e9s sur lesquels nous sommes pr\u00e9sents.<\/p>\n<\/div>\n<h2 class=\"title\"><span>Conseil<\/span><\/h2>\n<div class=\"description clearfix style-1\">\n<p>Nous sommes sp\u00e9cialis\u00e9s dans l\u2019aide aux entreprises au cours de leur processus d\u2019internationalisation, c\u2019est \u00e0 dire que nous les aidons \u00e0 se lancer dans l\u2019export et ainsi, \u00e0 r\u00e9duire leur niveau d\u2019incertitude.<\/p>\n<p>Nous vous aidons \u00e0 r\u00e9pondre \u00e0 des questions telles que\u00a0:<br \/>\nSuis-je en capacit\u00e9 d\u2019exporter\u00a0? Mon produit est-il exportable\u00a0?<br \/>\nExiste t-il des aides d\u2019organismes officiels auxquelles j\u2019aurais droit\u00a0? <\/p>\n<p>Chez EXUR, nous pouvons vous aider\u00a0\u00e0 :<\/p>\n<ul>\n<li>L\u2019analyse en amont: \u00e9laboration d\u2019un diagnostic du potentiel exportateur de votre entreprise et de vos produits.<\/li>\n<li>Conception, D\u00e9veloppement et mise en marche de votre Plan d\u2019internationalisation.<\/li>\n<li>Canaux de Vente. S\u00e9lection.<\/li>\n<li>Identification de clients sur les nouveaux march\u00e9s.<\/li>\n<li>Commercialisation de vos produits. Logistique. Publicit\u00e9.<\/li>\n<li>Accompagnements et supports.<\/li>\n<li>Consortiums d\u2019exportation\u00a0: Exporter collectivement pour r\u00e9duire les co\u00fbts.<\/li>\n<\/ul>\n<\/div>\n<\/div>\n<div class=\"one_fourth last\">\n\n\t\t\t<!-- START vinos REVOLUTION SLIDER 6.6.18 --><p class=\"rs-p-wp-fix\"><\/p>\n\t\t\t<rs-module-wrap id=\"rev_slider_6_1_wrapper\" data-source=\"gallery\" style=\"visibility:hidden;background:#ffffff;padding:0;margin:0px auto;margin-top:0;margin-bottom:0;\">\n\t\t\t\t<rs-module id=\"rev_slider_6_1\" style=\"\" data-version=\"6.6.18\">\n\t\t\t\t\t<rs-slides style=\"overflow: hidden; position: absolute;\">\n\t\t\t\t\t\t<rs-slide style=\"position: absolute;\" data-key=\"rs-40\" data-title=\"Slide\" data-anim=\"ms:300;\" data-in=\"o:1;x:100%;\">\n\t\t\t\t\t\t\t<img decoding=\"async\" src=\"\/\/www.exurhjs.com\/wp-content\/plugins\/revslider\/public\/assets\/assets\/dummy.png\" alt=\"\" title=\"Services\" class=\"rev-slidebg tp-rs-img rs-lazyload\" data-lazyload=\"\/\/www.exurhjs.com\/wp-content\/uploads\/revslider\/banner-chicoa\/BELTXENEA-JOVEN.jpg\" data-bg=\"f:contain;\" data-no-retina>\n<!---->\t\t\t\t\t\t<\/rs-slide>\n\t\t\t\t\t\t<rs-slide style=\"position: absolute;\" data-key=\"rs-41\" data-title=\"Slide\" data-anim=\"ms:300;\" data-in=\"x:100%;\">\n\t\t\t\t\t\t\t<img decoding=\"async\" src=\"\/\/www.exurhjs.com\/wp-content\/plugins\/revslider\/public\/assets\/assets\/dummy.png\" alt=\"\" title=\"Services\" class=\"rev-slidebg tp-rs-img rs-lazyload\" data-lazyload=\"\/\/www.exurhjs.com\/wp-content\/uploads\/revslider\/banner-chicoa\/rioja.edurne-crianza2011.jpg\" data-bg=\"f:contain;\" data-no-retina>\n<!---->\t\t\t\t\t\t<\/rs-slide>\n\t\t\t\t\t\t<rs-slide style=\"position: absolute;\" data-key=\"rs-42\" data-title=\"Slide\" data-anim=\"ms:300;\" data-in=\"x:100%;\">\n\t\t\t\t\t\t\t<img decoding=\"async\" src=\"\/\/www.exurhjs.com\/wp-content\/plugins\/revslider\/public\/assets\/assets\/dummy.png\" alt=\"\" title=\"Services\" class=\"rev-slidebg tp-rs-img rs-lazyload\" data-lazyload=\"\/\/www.exurhjs.com\/wp-content\/uploads\/revslider\/banner-chicoa\/Vi-a-Edurne-Reserva-2010.jpg\" data-bg=\"f:contain;\" data-no-retina>\n<!---->\t\t\t\t\t\t<\/rs-slide>\n\t\t\t\t\t\t<rs-slide style=\"position: absolute;\" data-key=\"rs-43\" data-title=\"Slide\" data-anim=\"ms:300;\" data-in=\"x:100%;\">\n\t\t\t\t\t\t\t<img decoding=\"async\" src=\"\/\/www.exurhjs.com\/wp-content\/plugins\/revslider\/public\/assets\/assets\/dummy.png\" alt=\"\" title=\"Services\" class=\"rev-slidebg tp-rs-img rs-lazyload\" data-lazyload=\"\/\/www.exurhjs.com\/wp-content\/uploads\/revslider\/banner-chicoa\/Vi-a-Edurne-Tinto-2.jpg\" data-bg=\"f:contain;\" data-no-retina>\n<!---->\t\t\t\t\t\t<\/rs-slide>\n\t\t\t\t\t\t<rs-slide style=\"position: absolute;\" data-key=\"rs-44\" data-title=\"Slide\" data-anim=\"ms:300;\" data-in=\"x:100%;\">\n\t\t\t\t\t\t\t<img decoding=\"async\" src=\"\/\/www.exurhjs.com\/wp-content\/plugins\/revslider\/public\/assets\/assets\/dummy.png\" alt=\"\" title=\"Services\" class=\"rev-slidebg tp-rs-img rs-lazyload\" data-lazyload=\"\/\/www.exurhjs.com\/wp-content\/uploads\/revslider\/banner-chicoa\/chicoa-rioja-crianza.jpg\" data-bg=\"f:contain;\" data-no-retina>\n<!---->\t\t\t\t\t\t<\/rs-slide>\n\t\t\t\t\t\t<rs-slide style=\"position: absolute;\" data-key=\"rs-45\" data-title=\"Slide\" data-anim=\"ms:300;\" data-in=\"x:100%;\">\n\t\t\t\t\t\t\t<img decoding=\"async\" src=\"\/\/www.exurhjs.com\/wp-content\/plugins\/revslider\/public\/assets\/assets\/dummy.png\" alt=\"\" title=\"Services\" class=\"rev-slidebg tp-rs-img rs-lazyload\" data-lazyload=\"\/\/www.exurhjs.com\/wp-content\/uploads\/revslider\/banner-chicoa\/chicoa-rioja-beltxenea-r19991.jpg\" data-bg=\"f:contain;\" data-no-retina>\n<!---->\t\t\t\t\t\t<\/rs-slide>\n\t\t\t\t\t\t<rs-slide style=\"position: absolute;\" data-key=\"rs-46\" data-title=\"Slide\" data-anim=\"ms:300;\" data-in=\"x:100%;\">\n\t\t\t\t\t\t\t<img decoding=\"async\" src=\"\/\/www.exurhjs.com\/wp-content\/plugins\/revslider\/public\/assets\/assets\/dummy.png\" alt=\"\" title=\"Services\" class=\"rev-slidebg tp-rs-img rs-lazyload\" data-lazyload=\"\/\/www.exurhjs.com\/wp-content\/uploads\/revslider\/banner-chicoa\/chicoa-rioja-joven.jpg\" data-bg=\"f:contain;\" data-no-retina>\n<!---->\t\t\t\t\t\t<\/rs-slide>\n\t\t\t\t\t\t<rs-slide style=\"position: absolute;\" data-key=\"rs-47\" data-title=\"Slide\" data-anim=\"ms:300;\" data-in=\"x:100%;\">\n\t\t\t\t\t\t\t<img decoding=\"async\" src=\"\/\/www.exurhjs.com\/wp-content\/plugins\/revslider\/public\/assets\/assets\/dummy.png\" alt=\"\" title=\"Services\" class=\"rev-slidebg tp-rs-img rs-lazyload\" data-lazyload=\"\/\/www.exurhjs.com\/wp-content\/uploads\/revslider\/banner-chicoa\/BELTXENEA-CRZA.jpg\" data-bg=\"f:contain;\" data-no-retina>\n<!---->\t\t\t\t\t\t<\/rs-slide>\n\t\t\t\t\t\t<rs-slide style=\"position: absolute;\" data-key=\"rs-48\" data-title=\"Slide\" data-anim=\"ms:300;\" data-in=\"x:100%;\">\n\t\t\t\t\t\t\t<img decoding=\"async\" src=\"\/\/www.exurhjs.com\/wp-content\/plugins\/revslider\/public\/assets\/assets\/dummy.png\" alt=\"\" title=\"Services\" class=\"rev-slidebg tp-rs-img rs-lazyload\" data-lazyload=\"\/\/www.exurhjs.com\/wp-content\/uploads\/revslider\/banner-chicoa\/chicoa-rioja-reserva.jpg\" data-bg=\"f:contain;\" data-no-retina>\n<!---->\t\t\t\t\t\t<\/rs-slide>\n\t\t\t\t\t<\/rs-slides>\n\t\t\t\t<\/rs-module>\n\t\t\t\t<script>\n\t\t\t\t\tsetREVStartSize({c: 'rev_slider_6_1',rl:[1240,1024,778,480],el:[335],gw:[190],gh:[335],type:'standard',justify:'',layout:'fullwidth',mh:\"335\"});if (window.RS_MODULES!==undefined && window.RS_MODULES.modules!==undefined && window.RS_MODULES.modules[\"revslider61\"]!==undefined) {window.RS_MODULES.modules[\"revslider61\"].once = false;window.revapi6 = undefined;if (window.RS_MODULES.checkMinimal!==undefined) window.RS_MODULES.checkMinimal()}\n\t\t\t\t<\/script>\n\t\t\t<\/rs-module-wrap>\n\t\t\t<!-- END REVOLUTION SLIDER -->\n\n<p>&nbsp;<\/p>\n<p><span class=\"responsive\"><a href=\"http:\/\/wineinmoderation.eu\" target=\"_blank\"><img loading=\"lazy\" decoding=\"async\" class=\"aligncenter wp-image-2376\" src=\"http:\/\/www.exurhjs.com\/wp-content\/uploads\/2014\/02\/winelogo-1024x220.jpg\" alt=\"winelogo\" width=\"214\" height=\"46\" srcset=\"https:\/\/www.exurhjs.com\/wp-content\/uploads\/2014\/02\/winelogo-1024x220.jpg 1024w, https:\/\/www.exurhjs.com\/wp-content\/uploads\/2014\/02\/winelogo-300x64.jpg 300w, https:\/\/www.exurhjs.com\/wp-content\/uploads\/2014\/02\/winelogo.jpg 1772w\" sizes=\"auto, (max-width: 214px) 100vw, 214px\" \/><\/a><\/span><\/div>\n<div class=\"clear\"><\/div>\n<\/div>\n<\/div>\n<\/div>\n","protected":false},"excerpt":{"rendered":"<p>Services EXUR HJS SL fournit un service en tant qu\u2019agent, en se chargeant de la repr\u00e9sentation d\u2019entreprises alimentaires, aussi bien sur le march\u00e9 national qu\u2019\u00e0 l\u2019international. Ce service recouvre et\u2026 <a href=\"https:\/\/www.exurhjs.com\/fr\/services\/\" class=\"read-more-link\">read more &rarr;<\/a><\/p>\n","protected":false},"author":1,"featured_media":0,"parent":0,"menu_order":0,"comment_status":"open","ping_status":"open","template":"page-fullwidth.php","meta":{"_exactmetrics_skip_tracking":false,"_exactmetrics_sitenote_active":false,"_exactmetrics_sitenote_note":"","_exactmetrics_sitenote_category":0,"footnotes":""},"class_list":["post-2571","page","type-page","status-publish","hentry"],"yoast_head":"<!-- This site is optimized with the Yoast SEO plugin v27.5 - https:\/\/yoast.com\/product\/yoast-seo-wordpress\/ -->\n<title>Services &#8211; Exportaciones Urgell HJS S.L.<\/title>\n<meta name=\"robots\" content=\"index, follow, max-snippet:-1, max-image-preview:large, max-video-preview:-1\" \/>\n<link rel=\"canonical\" href=\"https:\/\/www.exurhjs.com\/fr\/services\/\" \/>\n<meta property=\"og:locale\" content=\"fr_FR\" \/>\n<meta property=\"og:type\" content=\"article\" \/>\n<meta property=\"og:title\" content=\"Services &#8211; Exportaciones Urgell HJS S.L.\" \/>\n<meta property=\"og:description\" content=\"Services EXUR HJS SL fournit un service en tant qu\u2019agent, en se chargeant de la repr\u00e9sentation d\u2019entreprises alimentaires, aussi bien sur le march\u00e9 national qu\u2019\u00e0 l\u2019international. Ce service recouvre et\u2026 read more &rarr;\" \/>\n<meta property=\"og:url\" content=\"https:\/\/www.exurhjs.com\/fr\/services\/\" \/>\n<meta property=\"og:site_name\" content=\"Exportaciones Urgell HJS S.L.\" \/>\n<meta property=\"article:modified_time\" content=\"2014-12-08T08:03:02+00:00\" \/>\n<meta property=\"og:image\" content=\"http:\/\/www.exurhjs.com\/wp-content\/uploads\/2014\/02\/winelogo-1024x220.jpg\" \/>\n<meta name=\"twitter:label1\" content=\"Dur\u00e9e de lecture estim\u00e9e\" \/>\n\t<meta name=\"twitter:data1\" content=\"1 minute\" \/>\n<script type=\"application\/ld+json\" class=\"yoast-schema-graph\">{\"@context\":\"https:\\\/\\\/schema.org\",\"@graph\":[{\"@type\":\"WebPage\",\"@id\":\"https:\\\/\\\/www.exurhjs.com\\\/fr\\\/services\\\/\",\"url\":\"https:\\\/\\\/www.exurhjs.com\\\/fr\\\/services\\\/\",\"name\":\"Services &#8211; Exportaciones Urgell HJS S.L.\",\"isPartOf\":{\"@id\":\"https:\\\/\\\/www.exurhjs.com\\\/#website\"},\"primaryImageOfPage\":{\"@id\":\"https:\\\/\\\/www.exurhjs.com\\\/fr\\\/services\\\/#primaryimage\"},\"image\":{\"@id\":\"https:\\\/\\\/www.exurhjs.com\\\/fr\\\/services\\\/#primaryimage\"},\"thumbnailUrl\":\"http:\\\/\\\/www.exurhjs.com\\\/wp-content\\\/uploads\\\/2014\\\/02\\\/winelogo-1024x220.jpg\",\"datePublished\":\"2014-02-12T17:32:43+00:00\",\"dateModified\":\"2014-12-08T08:03:02+00:00\",\"breadcrumb\":{\"@id\":\"https:\\\/\\\/www.exurhjs.com\\\/fr\\\/services\\\/#breadcrumb\"},\"inLanguage\":\"fr-FR\",\"potentialAction\":[{\"@type\":\"ReadAction\",\"target\":[\"https:\\\/\\\/www.exurhjs.com\\\/fr\\\/services\\\/\"]}]},{\"@type\":\"ImageObject\",\"inLanguage\":\"fr-FR\",\"@id\":\"https:\\\/\\\/www.exurhjs.com\\\/fr\\\/services\\\/#primaryimage\",\"url\":\"http:\\\/\\\/www.exurhjs.com\\\/wp-content\\\/uploads\\\/2014\\\/02\\\/winelogo-1024x220.jpg\",\"contentUrl\":\"http:\\\/\\\/www.exurhjs.com\\\/wp-content\\\/uploads\\\/2014\\\/02\\\/winelogo-1024x220.jpg\"},{\"@type\":\"BreadcrumbList\",\"@id\":\"https:\\\/\\\/www.exurhjs.com\\\/fr\\\/services\\\/#breadcrumb\",\"itemListElement\":[{\"@type\":\"ListItem\",\"position\":1,\"name\":\"Portada\",\"item\":\"https:\\\/\\\/www.exurhjs.com\\\/fr\\\/\"},{\"@type\":\"ListItem\",\"position\":2,\"name\":\"Services\"}]},{\"@type\":\"WebSite\",\"@id\":\"https:\\\/\\\/www.exurhjs.com\\\/#website\",\"url\":\"https:\\\/\\\/www.exurhjs.com\\\/\",\"name\":\"Exportaciones Urgell HJS S.L.\",\"description\":\"\",\"potentialAction\":[{\"@type\":\"SearchAction\",\"target\":{\"@type\":\"EntryPoint\",\"urlTemplate\":\"https:\\\/\\\/www.exurhjs.com\\\/?s={search_term_string}\"},\"query-input\":{\"@type\":\"PropertyValueSpecification\",\"valueRequired\":true,\"valueName\":\"search_term_string\"}}],\"inLanguage\":\"fr-FR\"}]}<\/script>\n<!-- \/ Yoast SEO plugin. -->","yoast_head_json":{"title":"Services &#8211; Exportaciones Urgell HJS S.L.","robots":{"index":"index","follow":"follow","max-snippet":"max-snippet:-1","max-image-preview":"max-image-preview:large","max-video-preview":"max-video-preview:-1"},"canonical":"https:\/\/www.exurhjs.com\/fr\/services\/","og_locale":"fr_FR","og_type":"article","og_title":"Services &#8211; Exportaciones Urgell HJS S.L.","og_description":"Services EXUR HJS SL fournit un service en tant qu\u2019agent, en se chargeant de la repr\u00e9sentation d\u2019entreprises alimentaires, aussi bien sur le march\u00e9 national qu\u2019\u00e0 l\u2019international. Ce service recouvre et\u2026 read more &rarr;","og_url":"https:\/\/www.exurhjs.com\/fr\/services\/","og_site_name":"Exportaciones Urgell HJS S.L.","article_modified_time":"2014-12-08T08:03:02+00:00","og_image":[{"url":"http:\/\/www.exurhjs.com\/wp-content\/uploads\/2014\/02\/winelogo-1024x220.jpg","type":"","width":"","height":""}],"twitter_misc":{"Dur\u00e9e de lecture estim\u00e9e":"1 minute"},"schema":{"@context":"https:\/\/schema.org","@graph":[{"@type":"WebPage","@id":"https:\/\/www.exurhjs.com\/fr\/services\/","url":"https:\/\/www.exurhjs.com\/fr\/services\/","name":"Services &#8211; Exportaciones Urgell HJS S.L.","isPartOf":{"@id":"https:\/\/www.exurhjs.com\/#website"},"primaryImageOfPage":{"@id":"https:\/\/www.exurhjs.com\/fr\/services\/#primaryimage"},"image":{"@id":"https:\/\/www.exurhjs.com\/fr\/services\/#primaryimage"},"thumbnailUrl":"http:\/\/www.exurhjs.com\/wp-content\/uploads\/2014\/02\/winelogo-1024x220.jpg","datePublished":"2014-02-12T17:32:43+00:00","dateModified":"2014-12-08T08:03:02+00:00","breadcrumb":{"@id":"https:\/\/www.exurhjs.com\/fr\/services\/#breadcrumb"},"inLanguage":"fr-FR","potentialAction":[{"@type":"ReadAction","target":["https:\/\/www.exurhjs.com\/fr\/services\/"]}]},{"@type":"ImageObject","inLanguage":"fr-FR","@id":"https:\/\/www.exurhjs.com\/fr\/services\/#primaryimage","url":"http:\/\/www.exurhjs.com\/wp-content\/uploads\/2014\/02\/winelogo-1024x220.jpg","contentUrl":"http:\/\/www.exurhjs.com\/wp-content\/uploads\/2014\/02\/winelogo-1024x220.jpg"},{"@type":"BreadcrumbList","@id":"https:\/\/www.exurhjs.com\/fr\/services\/#breadcrumb","itemListElement":[{"@type":"ListItem","position":1,"name":"Portada","item":"https:\/\/www.exurhjs.com\/fr\/"},{"@type":"ListItem","position":2,"name":"Services"}]},{"@type":"WebSite","@id":"https:\/\/www.exurhjs.com\/#website","url":"https:\/\/www.exurhjs.com\/","name":"Exportaciones Urgell HJS S.L.","description":"","potentialAction":[{"@type":"SearchAction","target":{"@type":"EntryPoint","urlTemplate":"https:\/\/www.exurhjs.com\/?s={search_term_string}"},"query-input":{"@type":"PropertyValueSpecification","valueRequired":true,"valueName":"search_term_string"}}],"inLanguage":"fr-FR"}]}},"_links":{"self":[{"href":"https:\/\/www.exurhjs.com\/fr\/wp-json\/wp\/v2\/pages\/2571","targetHints":{"allow":["GET"]}}],"collection":[{"href":"https:\/\/www.exurhjs.com\/fr\/wp-json\/wp\/v2\/pages"}],"about":[{"href":"https:\/\/www.exurhjs.com\/fr\/wp-json\/wp\/v2\/types\/page"}],"author":[{"embeddable":true,"href":"https:\/\/www.exurhjs.com\/fr\/wp-json\/wp\/v2\/users\/1"}],"replies":[{"embeddable":true,"href":"https:\/\/www.exurhjs.com\/fr\/wp-json\/wp\/v2\/comments?post=2571"}],"version-history":[{"count":2,"href":"https:\/\/www.exurhjs.com\/fr\/wp-json\/wp\/v2\/pages\/2571\/revisions"}],"predecessor-version":[{"id":2577,"href":"https:\/\/www.exurhjs.com\/fr\/wp-json\/wp\/v2\/pages\/2571\/revisions\/2577"}],"wp:attachment":[{"href":"https:\/\/www.exurhjs.com\/fr\/wp-json\/wp\/v2\/media?parent=2571"}],"curies":[{"name":"wp","href":"https:\/\/api.w.org\/{rel}","templated":true}]}}