{"id":2583,"date":"2014-02-12T17:31:49","date_gmt":"2014-02-12T17:31:49","guid":{"rendered":"http:\/\/www.exurhjs.com\/productos-2\/"},"modified":"2015-03-12T15:12:53","modified_gmt":"2015-03-12T15:12:53","slug":"produits","status":"publish","type":"page","link":"https:\/\/www.exurhjs.com\/fr\/produits\/","title":{"rendered":"Produits"},"content":{"rendered":"<div id=\"productos\">\n<h2 class=\"title\"><span>Produits<\/span><\/h2>\n<div class=\"navigation_02\" id=\"nav1\">\n<ul>\n<li class=\"carnic\"><a href=\"#\">VIANDE<\/a>\n<ul>\n<li>CHARCUTERIE<\/li>\n<ul>\n<li>Cuite et S\u00e8che<\/li>\n<\/ul>\n<li>JAMBONS <\/li>\n<ul>\n<li>Serranos<\/li>\n<li>Ib\u00e9riques <\/li>\n<li>Duroch<\/li>\n<\/ul>\n<li>PRODUITS EN TRANCHES.<\/li>\n<\/ul>\n<\/li>\n<li class=\"quess\"><a href=\"#\"> FROMAGES <\/a>\n<ul>\n<li>MANCHEGO A.O.C.<\/li>\n<li>MAH\u00d3N A.O.C.<\/li>\n<li>HALAL<\/li>\n<\/ul>\n<\/li>\n<li class=\"conerv\"><a href=\"#\">CONSERVES<\/a><\/li>\n<li class=\"pescao\"><a href=\"#\">POISSON<\/a>\n<ul>\n<li>CABILLAUD <\/li>\n<li>POISSON EN CONSERVE <\/li>\n<li>PRODUITS SURGEL\u00c9S <\/li>\n<\/ul>\n<\/li>\n<li class=\"fsecos\"><a href=\"#\">FRUITS SECS<\/a><\/li>\n<li class=\"fruta\"><a href=\"#\">FRUITS<\/a> <\/li>\n<li class=\"bolleria\"><a href=\"#\">VIENNOISERIES<\/a><\/li>\n<li class=\"bebidas\"><a href=\"#\"> BOISSONS <\/a>\n<ul>\n<li>VINS<\/li>\n<ul>\n<li><span class=\"elem1\">DO RIOJA<\/span> DO NAVARRA<\/li>\n<li><span class=\"elem2\">DO RIBERA DEL DUERO<\/span> DO RUEDA<\/li>\n<li><span class=\"elem3\">DO PRIORAT<\/span> DO MONTSANT<\/li>\n<li><span class=\"elem4\">DO TERRA ALTA<\/span> DO PENED\u00c9S<\/li>\n<li><span class=\"elem5\">DO TARRAGONA<\/span> DO CATALUNYA<\/li>\n<li><span class=\"elem6\">DO CARI\u00d1ENA<\/span> DO SOMONTANO<\/li>\n<li><span class=\"elem7\">DO LA MANCHA<\/span> DO JUMILLA<\/li>\n<li><span class=\"elem8\">DO TORO<\/span><\/li>\n<li>ECOL\u00d3GICOS<\/li>\n<li>KOSHER<\/li>\n<\/ul>\n<li>CAVA<\/li>\n<ul>\n<li>SEC<\/li>\n<li>SEMI SEC<\/li>\n<li>CAVA GOLD 24K<\/li>\n<\/ul>\n<li>LIQUEURS<\/li>\n<li>SANGR\u00cdA<\/li>\n<li>EAU<\/li>\n<\/ul>\n<\/li>\n<li class=\"aceites\"><a href=\"#\">HUILES<\/a> <\/li>\n<\/ul>\n<\/div>\n<div class=\"gap\" style=\"height: 40px;\"><\/div>\n<h2 class=\"title\"><span>PRODUITS DESTIN\u00c9S \u00c0:<\/span><\/h2>\n<h3>LA DISTRIBUTION MODERNE:<\/h3>\n<p><span class=\"responsive\"><img loading=\"lazy\" decoding=\"async\" alt=\"logos\" src=\"http:\/\/www.exurhjs.com\/wp-content\/uploads\/2014\/02\/logos.png\" width=\"606\" height=\"126\" \/><\/span><\/p>\n<p>&nbsp;<\/p>\n<h3>AUX DISTRIBUTEURS \u2013 CASH &#038; CARRY \u2013 SECTEUR DES ACTIVIT\u00c9S DE L\u2019H\u00d4TELLERIE, DE LA RESTAURATION ET DES CAF\u00c9S -COLLECTIVIT\u00c9S<\/h3>\n","protected":false},"excerpt":{"rendered":"<p>Produits VIANDE CHARCUTERIE Cuite et S\u00e8che JAMBONS Serranos Ib\u00e9riques Duroch PRODUITS EN TRANCHES. FROMAGES MANCHEGO A.O.C. MAH\u00d3N A.O.C. HALAL CONSERVES POISSON CABILLAUD POISSON EN CONSERVE PRODUITS SURGEL\u00c9S FRUITS SECS FRUITS\u2026 <a href=\"https:\/\/www.exurhjs.com\/fr\/produits\/\" class=\"read-more-link\">read more &rarr;<\/a><\/p>\n","protected":false},"author":1,"featured_media":0,"parent":0,"menu_order":0,"comment_status":"open","ping_status":"open","template":"","meta":{"_exactmetrics_skip_tracking":false,"_exactmetrics_sitenote_active":false,"_exactmetrics_sitenote_note":"","_exactmetrics_sitenote_category":0,"footnotes":""},"class_list":["post-2583","page","type-page","status-publish","hentry"],"yoast_head":"<!-- This site is optimized with the Yoast SEO plugin v27.5 - https:\/\/yoast.com\/product\/yoast-seo-wordpress\/ -->\n<title>Produits &#8211; Exportaciones Urgell HJS S.L.<\/title>\n<meta name=\"robots\" content=\"index, follow, max-snippet:-1, max-image-preview:large, max-video-preview:-1\" \/>\n<link rel=\"canonical\" href=\"https:\/\/www.exurhjs.com\/fr\/produits\/\" \/>\n<meta property=\"og:locale\" content=\"fr_FR\" \/>\n<meta property=\"og:type\" content=\"article\" \/>\n<meta property=\"og:title\" content=\"Produits &#8211; Exportaciones Urgell HJS S.L.\" \/>\n<meta property=\"og:description\" content=\"Produits VIANDE CHARCUTERIE Cuite et S\u00e8che JAMBONS Serranos Ib\u00e9riques Duroch PRODUITS EN TRANCHES. FROMAGES MANCHEGO A.O.C. MAH\u00d3N A.O.C. HALAL CONSERVES POISSON CABILLAUD POISSON EN CONSERVE PRODUITS SURGEL\u00c9S FRUITS SECS FRUITS\u2026 read more &rarr;\" \/>\n<meta property=\"og:url\" content=\"https:\/\/www.exurhjs.com\/fr\/produits\/\" \/>\n<meta property=\"og:site_name\" content=\"Exportaciones Urgell HJS S.L.\" \/>\n<meta property=\"article:modified_time\" content=\"2015-03-12T15:12:53+00:00\" \/>\n<meta property=\"og:image\" content=\"http:\/\/www.exurhjs.com\/wp-content\/uploads\/2014\/02\/logos.png\" \/>\n<meta name=\"twitter:label1\" content=\"Dur\u00e9e de lecture estim\u00e9e\" \/>\n\t<meta name=\"twitter:data1\" content=\"1 minute\" \/>\n<script type=\"application\/ld+json\" class=\"yoast-schema-graph\">{\"@context\":\"https:\\\/\\\/schema.org\",\"@graph\":[{\"@type\":\"WebPage\",\"@id\":\"https:\\\/\\\/www.exurhjs.com\\\/fr\\\/produits\\\/\",\"url\":\"https:\\\/\\\/www.exurhjs.com\\\/fr\\\/produits\\\/\",\"name\":\"Produits &#8211; Exportaciones Urgell HJS S.L.\",\"isPartOf\":{\"@id\":\"https:\\\/\\\/www.exurhjs.com\\\/#website\"},\"primaryImageOfPage\":{\"@id\":\"https:\\\/\\\/www.exurhjs.com\\\/fr\\\/produits\\\/#primaryimage\"},\"image\":{\"@id\":\"https:\\\/\\\/www.exurhjs.com\\\/fr\\\/produits\\\/#primaryimage\"},\"thumbnailUrl\":\"http:\\\/\\\/www.exurhjs.com\\\/wp-content\\\/uploads\\\/2014\\\/02\\\/logos.png\",\"datePublished\":\"2014-02-12T17:31:49+00:00\",\"dateModified\":\"2015-03-12T15:12:53+00:00\",\"breadcrumb\":{\"@id\":\"https:\\\/\\\/www.exurhjs.com\\\/fr\\\/produits\\\/#breadcrumb\"},\"inLanguage\":\"fr-FR\",\"potentialAction\":[{\"@type\":\"ReadAction\",\"target\":[\"https:\\\/\\\/www.exurhjs.com\\\/fr\\\/produits\\\/\"]}]},{\"@type\":\"ImageObject\",\"inLanguage\":\"fr-FR\",\"@id\":\"https:\\\/\\\/www.exurhjs.com\\\/fr\\\/produits\\\/#primaryimage\",\"url\":\"http:\\\/\\\/www.exurhjs.com\\\/wp-content\\\/uploads\\\/2014\\\/02\\\/logos.png\",\"contentUrl\":\"http:\\\/\\\/www.exurhjs.com\\\/wp-content\\\/uploads\\\/2014\\\/02\\\/logos.png\"},{\"@type\":\"BreadcrumbList\",\"@id\":\"https:\\\/\\\/www.exurhjs.com\\\/fr\\\/produits\\\/#breadcrumb\",\"itemListElement\":[{\"@type\":\"ListItem\",\"position\":1,\"name\":\"Portada\",\"item\":\"https:\\\/\\\/www.exurhjs.com\\\/fr\\\/\"},{\"@type\":\"ListItem\",\"position\":2,\"name\":\"Produits\"}]},{\"@type\":\"WebSite\",\"@id\":\"https:\\\/\\\/www.exurhjs.com\\\/#website\",\"url\":\"https:\\\/\\\/www.exurhjs.com\\\/\",\"name\":\"Exportaciones Urgell HJS S.L.\",\"description\":\"\",\"potentialAction\":[{\"@type\":\"SearchAction\",\"target\":{\"@type\":\"EntryPoint\",\"urlTemplate\":\"https:\\\/\\\/www.exurhjs.com\\\/?s={search_term_string}\"},\"query-input\":{\"@type\":\"PropertyValueSpecification\",\"valueRequired\":true,\"valueName\":\"search_term_string\"}}],\"inLanguage\":\"fr-FR\"}]}<\/script>\n<!-- \/ Yoast SEO plugin. -->","yoast_head_json":{"title":"Produits &#8211; Exportaciones Urgell HJS S.L.","robots":{"index":"index","follow":"follow","max-snippet":"max-snippet:-1","max-image-preview":"max-image-preview:large","max-video-preview":"max-video-preview:-1"},"canonical":"https:\/\/www.exurhjs.com\/fr\/produits\/","og_locale":"fr_FR","og_type":"article","og_title":"Produits &#8211; Exportaciones Urgell HJS S.L.","og_description":"Produits VIANDE CHARCUTERIE Cuite et S\u00e8che JAMBONS Serranos Ib\u00e9riques Duroch PRODUITS EN TRANCHES. FROMAGES MANCHEGO A.O.C. MAH\u00d3N A.O.C. HALAL CONSERVES POISSON CABILLAUD POISSON EN CONSERVE PRODUITS SURGEL\u00c9S FRUITS SECS FRUITS\u2026 read more &rarr;","og_url":"https:\/\/www.exurhjs.com\/fr\/produits\/","og_site_name":"Exportaciones Urgell HJS S.L.","article_modified_time":"2015-03-12T15:12:53+00:00","og_image":[{"url":"http:\/\/www.exurhjs.com\/wp-content\/uploads\/2014\/02\/logos.png","type":"","width":"","height":""}],"twitter_misc":{"Dur\u00e9e de lecture estim\u00e9e":"1 minute"},"schema":{"@context":"https:\/\/schema.org","@graph":[{"@type":"WebPage","@id":"https:\/\/www.exurhjs.com\/fr\/produits\/","url":"https:\/\/www.exurhjs.com\/fr\/produits\/","name":"Produits &#8211; Exportaciones Urgell HJS S.L.","isPartOf":{"@id":"https:\/\/www.exurhjs.com\/#website"},"primaryImageOfPage":{"@id":"https:\/\/www.exurhjs.com\/fr\/produits\/#primaryimage"},"image":{"@id":"https:\/\/www.exurhjs.com\/fr\/produits\/#primaryimage"},"thumbnailUrl":"http:\/\/www.exurhjs.com\/wp-content\/uploads\/2014\/02\/logos.png","datePublished":"2014-02-12T17:31:49+00:00","dateModified":"2015-03-12T15:12:53+00:00","breadcrumb":{"@id":"https:\/\/www.exurhjs.com\/fr\/produits\/#breadcrumb"},"inLanguage":"fr-FR","potentialAction":[{"@type":"ReadAction","target":["https:\/\/www.exurhjs.com\/fr\/produits\/"]}]},{"@type":"ImageObject","inLanguage":"fr-FR","@id":"https:\/\/www.exurhjs.com\/fr\/produits\/#primaryimage","url":"http:\/\/www.exurhjs.com\/wp-content\/uploads\/2014\/02\/logos.png","contentUrl":"http:\/\/www.exurhjs.com\/wp-content\/uploads\/2014\/02\/logos.png"},{"@type":"BreadcrumbList","@id":"https:\/\/www.exurhjs.com\/fr\/produits\/#breadcrumb","itemListElement":[{"@type":"ListItem","position":1,"name":"Portada","item":"https:\/\/www.exurhjs.com\/fr\/"},{"@type":"ListItem","position":2,"name":"Produits"}]},{"@type":"WebSite","@id":"https:\/\/www.exurhjs.com\/#website","url":"https:\/\/www.exurhjs.com\/","name":"Exportaciones Urgell HJS S.L.","description":"","potentialAction":[{"@type":"SearchAction","target":{"@type":"EntryPoint","urlTemplate":"https:\/\/www.exurhjs.com\/?s={search_term_string}"},"query-input":{"@type":"PropertyValueSpecification","valueRequired":true,"valueName":"search_term_string"}}],"inLanguage":"fr-FR"}]}},"_links":{"self":[{"href":"https:\/\/www.exurhjs.com\/fr\/wp-json\/wp\/v2\/pages\/2583","targetHints":{"allow":["GET"]}}],"collection":[{"href":"https:\/\/www.exurhjs.com\/fr\/wp-json\/wp\/v2\/pages"}],"about":[{"href":"https:\/\/www.exurhjs.com\/fr\/wp-json\/wp\/v2\/types\/page"}],"author":[{"embeddable":true,"href":"https:\/\/www.exurhjs.com\/fr\/wp-json\/wp\/v2\/users\/1"}],"replies":[{"embeddable":true,"href":"https:\/\/www.exurhjs.com\/fr\/wp-json\/wp\/v2\/comments?post=2583"}],"version-history":[{"count":5,"href":"https:\/\/www.exurhjs.com\/fr\/wp-json\/wp\/v2\/pages\/2583\/revisions"}],"predecessor-version":[{"id":2736,"href":"https:\/\/www.exurhjs.com\/fr\/wp-json\/wp\/v2\/pages\/2583\/revisions\/2736"}],"wp:attachment":[{"href":"https:\/\/www.exurhjs.com\/fr\/wp-json\/wp\/v2\/media?parent=2583"}],"curies":[{"name":"wp","href":"https:\/\/api.w.org\/{rel}","templated":true}]}}